
     {"id":10583,"date":"2021-09-14T13:55:31","date_gmt":"2021-09-14T11:55:31","guid":{"rendered":"https:\/\/www.hastingsschool.com\/wellbeing-support\/"},"modified":"2024-10-23T12:55:44","modified_gmt":"2024-10-23T10:55:44","slug":"bienestar-apoyo","status":"publish","type":"page","link":"https:\/\/www.hastingsschool.com\/es\/bienestar-apoyo\/","title":{"rendered":"Bienestar y Apoyo"},"content":{"rendered":"<div class=\"wpb-content-wrapper\"><p>[vc_row][vc_column]<section  class=\"bg-video-wrap hero section hero--centertext   \" style='background: url(https:\/\/www.hastingsschool.com\/wp-content\/uploads\/sites\/67\/2024\/10\/Captura-de-pantalla-2024-10-08-141717-1.png) top ;background-size:cover ;'>\n                <div class=\"bg-overlay\" style='background:#000000;opacity:0.4;'><\/div>\n                <div class=\"overlay\" >\n                  <div class=\"container-fluid\">\n                    <div class=\"row\">\n                      <div class=\"col-md-12 col-lg-12\">\n\n                        <div class=\"caption text-start\"><div class=\"component sub-heading\" >\n                              <h1 class=\"display-h1\">Bienestar y Apoyo<\/h1>\n                            <\/div><\/div>\n                      <\/div>\n                    <\/div>\n                  <\/div>\n                <\/div>\n              <\/section><div class='row  m-x-0 breadcrumb-wrap ' style=''><div class='container-fluid' >\n                <nav aria-label='breadcrumb'><ol class=\"breadcrumb mt-3\">\n                  <li class=\"breadcrumb-item\"><a href=\"https:\/\/www.hastingsschool.com\/es\/\">Home<\/a><\/li>\n                  <li class=\"breadcrumb-item active\" aria-current=\"page\">Bienestar y Apoyo<\/li>\n                <\/ol>\n              <\/nav>\n              <\/div>\n            <\/div>[\/vc_column][\/vc_row][vc_row][vc_column]\n            <div class=\"wrapper\">\n    <section  style='' class=\"section    container-width    \" ><div class=\"container-fluid\"><div class=\"row  justify-content-between  \"><div class=\" col-lg-6 col-md-6      \" ><div class=\"component mb-1 mt-0  radius-bottom-LR \" style='px'><div class=\"sub-heading component\"><h2  class=\"h6  \">Apoyamos plenamente la salud f\u00edsica, emocional y psicol\u00f3gica de sus hijos<\/h2><\/div>\n                        <div class=\"sub-heading component \">\n                        <p class=\"body-medium\">El bienestar de los alumnos, con frecuencia llamado cuidado pastoral en el sistema brit\u00e1nico, es la base de la educaci\u00f3n Hastings School. Creemos firmemente que, para progresar, los alumnos deben ser felices y sentirse seguros en el colegio. <\/p>\n                        <\/div><\/div><\/div>\n                    <div class=\"col-lg-5 col-md-6    \"><div class=\"component IconWithText-list\">\n                    <div class=\"card\"><div class=\"card-header section--blue\" >\n                            <div class=\"sub-heading component mb-0\">\n                                <p class=\"body-medium\">Ir a:<\/p>\n                            <\/div>\n                        <\/div><div class=\"card-body section--white\">\n                            <div class=\"component list list--IconWithText-list bordered--icon blue-icon\">\n                                <ul><li><div class=\"component link\"><a href=\"#cuidado-pastoral\" class=\" btn btn-link\">Cuidado Pastoral<\/a><\/div><\/li><li><div class=\"component link\"><a href=\"#entorno-escolar\" class=\" btn btn-link\">Entorno Escolar<\/a><\/div><\/li><li><div class=\"component link\"><a href=\"#apoyo-al-aprendizaje\" class=\" btn btn-link\">Apoyo Al Aprendizaje<\/a><\/div><\/li>              <\/ul>\n                            <\/div>\n                    <\/div>  <\/div>\n            <\/div> <\/div>\n             <\/div>\n        <\/div>\n<\/section>\n            <\/div>[\/vc_column][\/vc_row][vc_row][vc_column]<div class=\"wrapper\"><section  id=\"cuidado-pastoral\"  class=\"section  wpb_animate_when_almost_visible wpb_slideInUp slideInUp  container-width  pt-0 pb-0 middle-section section--blue\" style='background-color:#3b663a;'><div class=\"container-fluid section--blue\" style='background-color:#3b663a'><div class=\"row m-0 align-items-center centerText\">\r\n                            <div class=\"col-sm-12 col-md-12 col-lg-12 mx-auto\"><div class=\"sub-heading component\">\r\n                                    <div class=\"h4\">Cuidado Pastoral en Hastings<\/div>\r\n                                <\/div><\/div>\r\n                        <\/div><div class=\"row m-0 justify-content-center pt-3 pt-md-5\"><div class=\"col-lg-6 col-md-6 col-sm-6 mb-3\">\r\n                            <div class=\"card card--white tech-images\">   <div class=\"ratio  callout-img halfcol--img \" style=\"background-image: url(https:\/\/www.hastingsschool.com\/wp-content\/uploads\/sites\/67\/2024\/10\/Captura-de-pantalla-2024-10-23-124848.png);background-position:;\"><\/div><div class=\"  card-body tech-grid-title\"><h6>Cuidado pastoral proactivo <\/h6><div class=\"component  mt-2 mt-md-0\"><p class=\"body-medium\">Nos centramos en educar a nuestros alumnos para que tengan una salud mental positiva; en especial, en c\u00f3mo desarrollar herramientas con las que hacer frente a los momentos dif\u00edciles que puedan vivir en el colegio y cuando hayan salido de \u00e9l. \n\n\n\n\n\n<\/p><\/div><\/div>\r\n                            <\/div>\r\n                        <\/div><div class=\"col-lg-6 col-md-6 col-sm-6 mb-3\">\r\n                            <div class=\"card card--white tech-images\">   <div class=\"ratio  callout-img halfcol--img \" style=\"background-image: url(https:\/\/www.hastingsschool.com\/wp-content\/uploads\/sites\/67\/2024\/10\/Captura-de-pantalla-2024-10-23-125001.png);background-position:;\"><\/div><div class=\"  card-body tech-grid-title\"><h6>Cuidado pastoral reactivo <\/h6><div class=\"component  mt-2 mt-md-0\"><p class=\"body-medium\">Apoyamos a los alumnos que est\u00e1n pasando por un momento dif\u00edcil. La infancia, y especialmente la adolescencia, pueden ser dif\u00edciles, y algunos alumnos necesitar\u00e1n inevitablemente ayuda adicional y apoyo. <\/p><\/div><\/div>\r\n                            <\/div>\r\n                        <\/div><\/div><\/div>\r\n            <\/section><\/div>[\/vc_column][\/vc_row][vc_row][vc_column]<div class=\"wrapper\"><section  id=\"entorno-escolar\"  class=\"section   container-width   \" style=''><div class=\"container-fluid \"><div class=\"row m-x-0\"><div class=\"col-lg-12\"><div class=\"component title\">\n                            <p class=\"body-small\">Entorno Escolar<\/p>\n                        <\/div>        <div class=\"sub-heading component mt-0 mb-4\">\n                                                <h1 class=\"h6\">Un entorno propicio y feliz<\/h1>\n                                            <\/div>   <\/div>\n                <\/div><div class=\"row m-x-0 justify-content-between\">\n                    <div class=\"col-xl-6 col-lg-6 col-md-6\"><div class=\"sub-heading component\">\n                            <p class=\"body-medium\">Insistimos en el buen comportamiento, no toleramos el acoso escolar y contamos con un extenso equipo de adultos, entre ellos un psic\u00f3logo a tiempo completo en el colegio, para ayudar a los alumnos y alumnas.  <br><br>\n\nTodos los a\u00f1os, realizamos una Encuesta de Bienestar a todos los alumnos y alumnas de Year 3 a Year 13 y, aunque hay muchas \u00e1reas en las que trabajar, el resultado muestra un colegio en el que los alumnos son felices y se sienten apoyados, y en el que el acoso escolar es una excepci\u00f3n. Este hecho es de vital importancia, ya que cuando se sienten felices en el colegio, todo lo dem\u00e1s tiende funcionar bien, y a la inversa. \n <\/p>\n                         <\/div><div class=\"component link\"><\/div>    <\/div><div class=\"col-lg-6 col-md-6\"><div class=\"component link\"><div class=\"ratio ratio-16x9 image_overlay_6019 callout-img halfcol--img\" style=\"background-image: url(https:\/\/www.hastingsschool.com\/wp-content\/uploads\/sites\/67\/2024\/10\/111.png);\"><\/div><\/div><\/div><\/div>  <div class=\"row m-0 justify-content-between\">\n            <div class=\"col-xl-12 col-lg-12 col-md-12 mt-3\">   <\/div>\n        <\/div><\/div><\/section><\/div>[\/vc_column][\/vc_row][vc_row][vc_column]<section  class=\"section callout-img full--img  wpb_animate_when_almost_visible wpb_slideInUp slideInUp has-bg-image   \" style=\"background-image: url('https:\/\/www.hastingsschool.com\/wp-content\/uploads\/sites\/67\/2024\/10\/Captura-de-pantalla-2024-10-23-125450.png'); background-size: cover;\"><div class=\"img-overlay overlay8932\"><\/div><div class=\"container-fluid\">\n                                <div class=\"row \"><style>\n                @media (max-width: 767px) {\n                    .img_overlay_uniq4975 {\n                        width: 90%;\n                    }\n                }\n                <\/style><div class=\"col-lg-12 col-md-12\">\n                                    <div class=\"heading component\">\n                                    <div class=\"\" >\n                                    <div class=\"img-overlay-middle img_overlay_uniq4975\" style=\" \">\n                                    <div><style>\n                                            .callout-img blockquote::before {\n                                                content: open-quote;\n                                            }\n                                            .callout-img blockquote::after {\n                                                content: close-quote;\n                                            }\n                                            <\/style><div class=\"heading component\">\n                                                    <blockquote class=\"h4\">Siento que el colegio no solo cuida del bienestar de nuestros hijos, sino tambi\u00e9n de los padres. Cuando preguntamos por los ni\u00f1os, los profesores describen y hablan sinceramente sobre nuestro hijo.<\/blockquote>\n                                                <\/div><div class=\"heading component\">\n                                                                        <p class=\"body-large\"><\/p>\n<h5>&#8211; <strong>Padre de Secondary en Hastings School<\/strong><\/h5>\n<p><\/p>\n                                                                    <\/div><div class=\"component link cust-link\"><\/div><\/div>\n                                                    <\/div>\n                                                <\/div>\n                                            <\/div>\n                                        \n                                        <\/div>\n                                    <\/div>\n                                <\/div>\n                            <\/section>[\/vc_column][\/vc_row][vc_row][vc_column]\n    <section  id=\"apoyo-al-aprendizaje\"  style='' class=\"section        \" ><div class=\"container-fluid\"><div class=\"row\">\n                <div class=\"col-md-12 col-lg-10\">  <div class=\"component title\">\n                                        <p class=\"body-small\">APOYO AL APRENDIZAJE<\/p>\n                                    <\/div><\/div>\n                <\/div><div class=\"row    \"><div class=\" col-lg-6 col-md-6      \" ><div class=\"component mb-1 mt-0  radius-bottom-LR \" style='px'><div class=\"sub-heading component\"><h2  class=\"h6  \">Inspiramos y apoyamos a cada uno de los alumnos.<\/h2><\/div>\n                        <div class=\"sub-heading component \">\n                        <p class=\"body-medium\">Hastings School cuenta con un consolidado departamento de apoyo al aprendizaje dirigido por el se\u00f1or Cook, con el que podemos ayudar a estudiantes con necesidades de aprendizaje leves, como dislexia o dispraxia, o a aquellos que necesitan un empuj\u00f3n con el ingl\u00e9s o las matem\u00e1ticas. <\/p>\n                        <\/div><\/div><\/div>\n                    <div class=\"col-lg-6 col-md-6    \"><div class=\"component single-img \"><div class=\"ratio ratio-21x9 callout-img halfcol--img image_overlay_4143\" style=\"background-image: url(https:\/\/www.hastingsschool.com\/wp-content\/uploads\/sites\/67\/2024\/10\/Captura-de-pantalla-2024-10-23-125317.png);\"><\/div><\/div> <\/div>\n             <\/div>\n        <\/div>\n<\/section>[\/vc_column][\/vc_row][vc_row][vc_column]<section class=\"section section--blue bottom-step TopBottomBorder   \" style=\"background-image: url('https:\/\/www.hastingsschool.com\/wp-content\/uploads\/sites\/67\/2024\/10\/Captura-de-pantalla-2024-10-22-133711.png');;;\"><style>.bottom-step.section--blue:before {background: rgba(59,102,58,0.75);}<\/style><div class=\"container-fluid\"><div class=\"row\"><div class=\"col-sm-12\"><div class=\"component title\"><p class=\"body-small\">siguientes pasos<\/p><\/div><\/div><\/div><div class=\"row\"><div class=\"col-md-4\"><div class=\"component linkcard \">\n                                <a class=\"card card--bordered\" href=\"\/es\/puertas-abiertas-y-visitas\/\">\n                                    <div class=\"card-body d-flex align-items-center\">\n                                    <div> <div class=\"component link\">\n                                            <div  class=\"btn btn-link simple-link h5\">Puertas abiertas y visitas<\/div>\n                                        <\/div><\/div><\/div><\/a><\/div><\/div><div class=\"col-md-4\"><div class=\"component linkcard \">\n                                <a class=\"card card--bordered\" href=\"\/es\/excelencia-academica\/\">\n                                    <div class=\"card-body d-flex align-items-center\">\n                                    <div> <div class=\"component link\">\n                                            <div  class=\"btn btn-link simple-link h5\">Excelencia Academica<\/div>\n                                        <\/div><\/div><\/div><\/a><\/div><\/div><div class=\"col-md-4\"><div class=\"component linkcard \">\n                                <a class=\"card card--bordered\" href=\"\/es\/instalaciones-ubicacion\/\">\n                                    <div class=\"card-body d-flex align-items-center\">\n                                    <div> <div class=\"component link\">\n                                            <div  class=\"btn btn-link simple-link h5\">Instalaciones y Ubicacion<\/div>\n                                        <\/div><\/div><\/div><\/a><\/div><\/div><\/div><\/section>[\/vc_column][\/vc_row]<\/p>\n<\/div>","protected":false},"excerpt":{"rendered":"<p>[vc_row][vc_column][\/vc_column][\/vc_row][vc_row][vc_column][\/vc_column][\/vc_row][vc_row][vc_column][\/vc_column][\/vc_row][vc_row][vc_column][\/vc_column][\/vc_row][vc_row][vc_column][\/vc_column][\/vc_row][vc_row][vc_column][\/vc_column][\/vc_row][vc_row][vc_column][\/vc_column][\/vc_row]<\/p>\n","protected":false},"author":390,"featured_media":0,"parent":0,"menu_order":0,"comment_status":"closed","ping_status":"closed","template":"","meta":{"_acf_changed":false,"footnotes":""},"class_list":["post-10583","page","type-page","status-publish","hentry"],"acf":[],"yoast_head":"<!-- This site is optimized with the Yoast SEO plugin v26.5 - https:\/\/yoast.com\/wordpress\/plugins\/seo\/ -->\n<title>Ofrecemos apoyo escolar a nuestros alumnos - Hastings School<\/title>\n<meta name=\"description\" content=\"El bienestar de los estudiantes es la base de la educaci\u00f3n en Hastings. Brindamos apoyo escolar para la salud f\u00edsica y emocional de nuestro alumnos.\" \/>\n<meta name=\"robots\" content=\"index, follow, max-snippet:-1, max-image-preview:large, max-video-preview:-1\" \/>\n<link rel=\"canonical\" href=\"https:\/\/www.hastingsschool.com\/es\/bienestar-apoyo\/\" \/>\n<meta property=\"og:locale\" content=\"es_ES\" \/>\n<meta property=\"og:type\" content=\"article\" \/>\n<meta property=\"og:title\" content=\"Ofrecemos apoyo escolar a nuestros alumnos - Hastings School\" \/>\n<meta property=\"og:description\" content=\"El bienestar de los estudiantes es la base de la educaci\u00f3n en Hastings. Brindamos apoyo escolar para la salud f\u00edsica y emocional de nuestro alumnos.\" \/>\n<meta property=\"og:url\" content=\"https:\/\/www.hastingsschool.com\/es\/bienestar-apoyo\/\" \/>\n<meta property=\"og:site_name\" content=\"Hastings School\" \/>\n<meta property=\"article:publisher\" content=\"https:\/\/www.facebook.com\/HastingsSchool\" \/>\n<meta property=\"article:modified_time\" content=\"2024-10-23T10:55:44+00:00\" \/>\n<meta property=\"og:image\" content=\"https:\/\/www.hastingsschool.com\/wp-content\/uploads\/sites\/67\/2024\/05\/Hastings-School-Web-Logo.jpg\" \/>\n\t<meta property=\"og:image:width\" content=\"1500\" \/>\n\t<meta property=\"og:image:height\" content=\"1500\" \/>\n\t<meta property=\"og:image:type\" content=\"image\/jpeg\" \/>\n<meta name=\"twitter:card\" content=\"summary_large_image\" \/>\n<meta name=\"twitter:site\" content=\"@hastings_school\" \/>\n<meta name=\"twitter:label1\" content=\"Tiempo de lectura\" \/>\n\t<meta name=\"twitter:data1\" content=\"1 minuto\" \/>\n<!-- \/ Yoast SEO plugin. -->","yoast_head_json":{"title":"Ofrecemos apoyo escolar a nuestros alumnos - Hastings School","description":"El bienestar de los estudiantes es la base de la educaci\u00f3n en Hastings. Brindamos apoyo escolar para la salud f\u00edsica y emocional de nuestro alumnos.","robots":{"index":"index","follow":"follow","max-snippet":"max-snippet:-1","max-image-preview":"max-image-preview:large","max-video-preview":"max-video-preview:-1"},"canonical":"https:\/\/www.hastingsschool.com\/es\/bienestar-apoyo\/","og_locale":"es_ES","og_type":"article","og_title":"Ofrecemos apoyo escolar a nuestros alumnos - Hastings School","og_description":"El bienestar de los estudiantes es la base de la educaci\u00f3n en Hastings. Brindamos apoyo escolar para la salud f\u00edsica y emocional de nuestro alumnos.","og_url":"https:\/\/www.hastingsschool.com\/es\/bienestar-apoyo\/","og_site_name":"Hastings School","article_publisher":"https:\/\/www.facebook.com\/HastingsSchool","article_modified_time":"2024-10-23T10:55:44+00:00","og_image":[{"width":1500,"height":1500,"url":"https:\/\/www.hastingsschool.com\/wp-content\/uploads\/sites\/67\/2024\/05\/Hastings-School-Web-Logo.jpg","type":"image\/jpeg"}],"twitter_card":"summary_large_image","twitter_site":"@hastings_school","twitter_misc":{"Tiempo de lectura":"1 minuto"},"schema":{"@context":"https:\/\/schema.org","@graph":[{"@type":"WebPage","@id":"https:\/\/www.hastingsschool.com\/es\/bienestar-apoyo\/","url":"https:\/\/www.hastingsschool.com\/es\/bienestar-apoyo\/","name":"Ofrecemos apoyo escolar a nuestros alumnos - Hastings School","isPartOf":{"@id":"https:\/\/www.hastingsschool.com\/es\/#website"},"datePublished":"2021-09-14T11:55:31+00:00","dateModified":"2024-10-23T10:55:44+00:00","description":"El bienestar de los estudiantes es la base de la educaci\u00f3n en Hastings. Brindamos apoyo escolar para la salud f\u00edsica y emocional de nuestro alumnos.","breadcrumb":{"@id":"https:\/\/www.hastingsschool.com\/es\/bienestar-apoyo\/#breadcrumb"},"inLanguage":"es","potentialAction":[{"@type":"ReadAction","target":["https:\/\/www.hastingsschool.com\/es\/bienestar-apoyo\/"]}]},{"@type":"BreadcrumbList","@id":"https:\/\/www.hastingsschool.com\/es\/bienestar-apoyo\/#breadcrumb","itemListElement":[{"@type":"ListItem","position":1,"name":"Home","item":"https:\/\/www.hastingsschool.com\/es\/quinton-homepage\/"},{"@type":"ListItem","position":2,"name":"Bienestar y Apoyo"}]},{"@type":"WebSite","@id":"https:\/\/www.hastingsschool.com\/es\/#website","url":"https:\/\/www.hastingsschool.com\/es\/","name":"Hastings School","description":"Hastings School is an international British school established in Madrid. From 2 to 18. IGCSE, AS and A levels and soon IBDP.","publisher":{"@id":"https:\/\/www.hastingsschool.com\/es\/#organization"},"alternateName":"Hastings School","potentialAction":[{"@type":"SearchAction","target":{"@type":"EntryPoint","urlTemplate":"https:\/\/www.hastingsschool.com\/es\/?s={search_term_string}"},"query-input":{"@type":"PropertyValueSpecification","valueRequired":true,"valueName":"search_term_string"}}],"inLanguage":"es"},{"@type":"Organization","@id":"https:\/\/www.hastingsschool.com\/es\/#organization","name":"Hastings School","url":"https:\/\/www.hastingsschool.com\/es\/","logo":{"@type":"ImageObject","inLanguage":"es","@id":"https:\/\/www.hastingsschool.com\/es\/#\/schema\/logo\/image\/","url":"https:\/\/www.hastingsschool.com\/wp-content\/uploads\/sites\/67\/2024\/05\/Hastings-School-Web-Logo.jpg","contentUrl":"https:\/\/www.hastingsschool.com\/wp-content\/uploads\/sites\/67\/2024\/05\/Hastings-School-Web-Logo.jpg","width":1500,"height":1500,"caption":"Hastings School"},"image":{"@id":"https:\/\/www.hastingsschool.com\/es\/#\/schema\/logo\/image\/"},"sameAs":["https:\/\/www.facebook.com\/HastingsSchool","https:\/\/x.com\/hastings_school","https:\/\/instagram.com\/hastingsschool","https:\/\/www.linkedin.com\/company\/hastings-school-madrid\/"]}]}},"jetpack_sharing_enabled":true,"_links":{"self":[{"href":"https:\/\/www.hastingsschool.com\/es\/wp-json\/wp\/v2\/pages\/10583","targetHints":{"allow":["GET"]}}],"collection":[{"href":"https:\/\/www.hastingsschool.com\/es\/wp-json\/wp\/v2\/pages"}],"about":[{"href":"https:\/\/www.hastingsschool.com\/es\/wp-json\/wp\/v2\/types\/page"}],"author":[{"embeddable":true,"href":"https:\/\/www.hastingsschool.com\/es\/wp-json\/wp\/v2\/users\/390"}],"replies":[{"embeddable":true,"href":"https:\/\/www.hastingsschool.com\/es\/wp-json\/wp\/v2\/comments?post=10583"}],"version-history":[{"count":25,"href":"https:\/\/www.hastingsschool.com\/es\/wp-json\/wp\/v2\/pages\/10583\/revisions"}],"predecessor-version":[{"id":15832,"href":"https:\/\/www.hastingsschool.com\/es\/wp-json\/wp\/v2\/pages\/10583\/revisions\/15832"}],"wp:attachment":[{"href":"https:\/\/www.hastingsschool.com\/es\/wp-json\/wp\/v2\/media?parent=10583"}],"curies":[{"name":"wp","href":"https:\/\/api.w.org\/{rel}","templated":true}]}}