
     {"id":10587,"date":"2021-09-14T07:38:03","date_gmt":"2021-09-14T05:38:03","guid":{"rendered":"https:\/\/www.hastingsschool.com\/?page_id=10587"},"modified":"2025-04-09T13:57:16","modified_gmt":"2025-04-09T11:57:16","slug":"vision-valores","status":"publish","type":"page","link":"https:\/\/www.hastingsschool.com\/es\/vision-valores\/","title":{"rendered":"Visi\u00f3n y Valores"},"content":{"rendered":"<div class=\"wpb-content-wrapper\"><p>[vc_row][vc_column]<section  class=\"bg-video-wrap hero section hero--centertext   \" style='background: url(https:\/\/www.hastingsschool.com\/wp-content\/uploads\/sites\/67\/2024\/06\/SH_6004-1.jpg) center ;background-size:cover ;'>\n                <div class=\"bg-overlay\" style='background:#000000;opacity:0.4;'><\/div>\n                <div class=\"overlay\" >\n                  <div class=\"container-fluid\">\n                    <div class=\"row\">\n                      <div class=\"col-md-12 col-lg-12\">\n\n                        <div class=\"caption text-start\"><div class=\"component sub-heading\" >\n                              <h1 class=\"display-h1\">Visi\u00f3n y Valores<\/h1>\n                            <\/div><\/div>\n                      <\/div>\n                    <\/div>\n                  <\/div>\n                <\/div>\n              <\/section><div class='row  m-x-0 breadcrumb-wrap ' style=''><div class='container-fluid' >\n                <nav aria-label='breadcrumb'><ol class=\"breadcrumb mt-3\">\n                  <li class=\"breadcrumb-item\"><a href=\"https:\/\/www.hastingsschool.com\/es\/\">Home<\/a><\/li>\n                  <li class=\"breadcrumb-item active\" aria-current=\"page\">Visi\u00f3n y Valores<\/li>\n                <\/ol>\n              <\/nav>\n              <\/div>\n            <\/div><div class=\"wrapper\"><section  class=\"section   container-width   \" style=''><div class=\"container-fluid \"><div class=\"row m-x-0\"><div class=\"col-lg-12\">        <div class=\"sub-heading component mt-0 mb-4\">\n                                                <h6 class=\"h6\">Prepar\u00e1ndoles para el \u00e9xito en el colegio, en la universidad y en la vida<\/h6>\n                                            <\/div>   <\/div>\n                <\/div><div class=\"row m-x-0 justify-content-between\">\n                    <div class=\"col-xl-6 col-lg-6 col-md-6\"><div class=\"sub-heading component\">\n                            <p class=\"body-medium\">Fundada en 1971 y situada en el coraz\u00f3n de Madrid, Hastings School es una prestigiosa escuela internacional para estudiantes de 2 a 18 a\u00f1os, que sirve a una comunidad diversa y vibrante. Como parte del grupo de escuelas Cognita, adoptamos un enfoque integral de la educaci\u00f3n que ofrece de manera constante resultados acad\u00e9micos excepcionales.\n<br>\n<br>\nNuestra visi\u00f3n es ser la escuela premium l\u00edder en Espa\u00f1a. Nos aseguramos de que nuestros estudiantes est\u00e9n preparados para tener \u00e9xito en la escuela, la universidad y en la vida m\u00e1s all\u00e1. En Hastings, dise\u00f1amos deliberadamente nuestra experiencia educativa para ayudar a los j\u00f3venes a prosperar en un mundo en constante evoluci\u00f3n.\n <\/p>\n                         <\/div><div class=\"component link\"><\/div>    <\/div><div class=\"col-lg-6 col-md-6\"><div class=\"component IconWithText-list\">\n                    <div class=\"card\">               <div class=\"card-header section--blue-card\">\n                            <div class=\"sub-heading component mb-0\">\n                                <p class=\"body-large-bold\">\u00bfC\u00f3mo hacemos realidad nuestra visi\u00f3n?<\/p>\n                            <\/div>\n                        <\/div>               <div class=\"card-body section--white\">\n                            <div class=\"component list list--IconWithText-list bordered--icon blue-icon\">\n                                <ul>                           <li><div class=\"component icon\"><i class=\"fas fa-lightbulb\"><\/i><\/div> <div class=\"component link\"> <p class=\"body-small-bold p-0\">El bienestar en el centro de todo lo que hacemos<\/p><\/div>                           <\/li>                            <li><div class=\"component icon\"><i class=\"fas fa-hands-helping\"><\/i><\/div> <div class=\"component link\"> <p class=\"body-small-bold p-0\">Un magn\u00edfico equipo de profesores nativos<\/p><\/div>                           <\/li>                            <li><div class=\"component icon\"><i class=\"fas fa-heart\"><\/i><\/div> <div class=\"component link\"> <p class=\"body-small-bold p-0\">Ense\u00f1anza din\u00e1mica y motivadora<\/p><\/div>                           <\/li>                            <li><div class=\"component icon\"><i class=\"fas fa-globe-europe\"><\/i><\/div> <div class=\"component link\"> <p class=\"body-small-bold p-0\">Curr\u00edculo concebido para motivar e inspirar<\/p><\/div>                           <\/li>                        <\/ul>\n                            <\/div>\n                        <\/div>           <\/div>\n\n                <\/div><\/div><\/div>  <div class=\"row m-0 justify-content-between\">\n            <div class=\"col-xl-12 col-lg-12 col-md-12 mt-3\">   <\/div>\n        <\/div><\/div><\/section><\/div><section  class=\"section callout-img full--img  wpb_animate_when_almost_visible wpb_slideInUp slideInUp has-bg-image pb-0  \" style=\"background-image: url('https:\/\/www.hastingsschool.com\/wp-content\/uploads\/sites\/67\/2024\/10\/Captura-de-pantalla-2024-10-23-102056.png'); background-size: cover;\"margin-bottom:40px;><div class=\"img-overlay overlay3510\"><\/div><div class=\"container-fluid\">\n                                <div class=\"row \"><style>\n                @media (max-width: 767px) {\n                    .img_overlay_uniq5393 {\n                        width: 90%;\n                    }\n                }\n                <\/style><div class=\"col-lg-12 col-md-12\">\n                                    <div class=\"heading component\">\n                                    <div class=\"\" >\n                                    <div class=\"img-overlay-middle img_overlay_uniq5393\" style=\" \">\n                                    <div><style>\n                                            .callout-img blockquote::before {\n                                                content: open-quote;\n                                            }\n                                            .callout-img blockquote::after {\n                                                content: close-quote;\n                                            }\n                                            <\/style><div class=\"heading component\">\n                                                    <blockquote class=\"h4\">Lo que m\u00e1s valoro es el cari\u00f1o de todos los profesores hacia mi hija, su paciencia y dedicaci\u00f3n hacia ella. Adem\u00e1s, su progreso en el aprendizaje es excelente.<\/blockquote>\n                                                <\/div><div class=\"heading component\">\n                                                                        <p class=\"body-large\"><\/p>\n<h5>&#8211; Padre de Year 1<\/h5>\n<p><\/p>\n                                                                    <\/div><div class=\"component link cust-link\"><\/div><\/div>\n                                                    <\/div>\n                                                <\/div>\n                                            <\/div>\n                                        \n                                        <\/div>\n                                    <\/div>\n                                <\/div>\n                            <\/section><div class=\"wrapper\"><section  class=\"section  wpb_animate_when_almost_visible wpb_slideInUp slideInUp  container-width  pt-0 pb-0 middle-section section--blue\" style='background-color:#3b663a;margin-bottom:40px;'><div class=\"container-fluid section--blue\" style='background-color:#3b663a'><div class=\"row m-0 align-items-center centerText\">\r\n                            <div class=\"col-sm-12 col-md-12 col-lg-12 mx-auto\"><div class=\"sub-heading component\">\r\n                                    <div class=\"h4\">Nuestra visi\u00f3n y nuestros valores conforman al adulto en el que se convertir\u00e1 su hijo, y el mundo que crear\u00e1.<\/div>\r\n                                <\/div><\/div>\r\n                        <\/div><div class=\"row m-0 justify-content-center pt-3 pt-md-5\"><div class=\"col-lg-6 col-md-6 col-sm-6 mb-3\">\r\n                            <div class=\"card card--white tech-images\">   <div class=\"ratio  callout-img halfcol--img \" style=\"background-image: url(https:\/\/www.hastingsschool.com\/wp-content\/uploads\/sites\/67\/2024\/10\/care.png);background-position:;\"><\/div><div class=\"  card-body tech-grid-title\"><h6>Cuidado<\/h6><div class=\"component  mt-2 mt-md-0\"><p class=\"body-medium\">Queremos proporcionar un espacio seguro para los alumnos y alumnas, y ayudarles a desarrollar el sentido de la responsabilidad para que cuiden de los dem\u00e1s, de la comunidad escolar y del resto del mundo. Deben sentirse atendidos y con el deber de cuidar de los dem\u00e1s.<\/p><\/div><\/div>\r\n                            <\/div>\r\n                        <\/div><div class=\"col-lg-6 col-md-6 col-sm-6 mb-3\">\r\n                            <div class=\"card card--white tech-images\">   <div class=\"ratio  callout-img halfcol--img \" style=\"background-image: url(https:\/\/www.hastingsschool.com\/wp-content\/uploads\/sites\/67\/2024\/10\/curosidad.png);background-position:;\"><\/div><div class=\"  card-body tech-grid-title\"><h6>Curiosidad<\/h6><div class=\"component  mt-2 mt-md-0\"><p class=\"body-medium\">Nuestro objetivo es contribuir a que los alumnos y alumnas sientan curiosidad por el mundo, que disfruten aprendiendo y deseen descubrir m\u00e1s cosas. Las principales universidades buscan estudiantes con notas excelentes, a los que adem\u00e1s les apasione aprender.<\/p><\/div><\/div>\r\n                            <\/div>\r\n                        <\/div><div class=\"col-lg-6 col-md-6 col-sm-6 mb-3\">\r\n                            <div class=\"card card--white tech-images\">   <div class=\"ratio  callout-img halfcol--img \" style=\"background-image: url(https:\/\/www.hastingsschool.com\/wp-content\/uploads\/sites\/67\/2024\/10\/academic-.png);background-position:;\"><\/div><div class=\"  card-body tech-grid-title\"><h6>\u00c9xito<\/h6><div class=\"component  mt-2 mt-md-0\"><p class=\"body-medium\">Nuestro objetivo es ayudar a los alumnos y alumnas a alcanzar el \u00e9xito acad\u00e9mico, sa-car notas excelentes y acceder a las mejores universidades del mundo. Tambi\u00e9n que-remos que desarrollen sus cualidades personales; la colaboraci\u00f3n, la comunicaci\u00f3n, la resiliencia y una mentalidad de crecimiento son vitales para tener \u00e9xito en la vida.<\/p><\/div><\/div>\r\n                            <\/div>\r\n                        <\/div><div class=\"col-lg-6 col-md-6 col-sm-6 mb-3\">\r\n                            <div class=\"card card--white tech-images\">   <div class=\"ratio  callout-img halfcol--img \" style=\"background-image: url(https:\/\/www.hastingsschool.com\/wp-content\/uploads\/sites\/67\/2024\/10\/Captura-de-pantalla-2024-10-23-100523.png);background-position:;\"><\/div><div class=\"  card-body tech-grid-title\"><h6>Visi\u00f3n global<\/h6><div class=\"component  mt-2 mt-md-0\"><p class=\"body-medium\">Queremos que los alumnos que salen de Hastings School sean hombres y mujeres j\u00f3venes con inteligencia cultural, capaces de comunicarse con fluidez en distintos idiomas y decididos a ayudar a crear un mundo m\u00e1s justo y sostenible.<\/p><\/div><\/div>\r\n                            <\/div>\r\n                        <\/div><\/div><\/div>\r\n            <\/section><\/div>[\/vc_column][\/vc_row][vc_row][vc_column]<section class=\"section section--blue bottom-step TopBottomBorder   \" style=\"background-image: url('https:\/\/www.hastingsschool.com\/wp-content\/uploads\/sites\/67\/2024\/03\/SH_0964.jpg');;;\"><style>.bottom-step.section--blue:before {background: rgba(59,102,58,0.75);}<\/style><div class=\"container-fluid\"><div class=\"row\"><div class=\"col-sm-12\"><div class=\"component title\"><p class=\"body-small\">siguientes pasos<\/p><\/div><\/div><\/div><div class=\"row\"><div class=\"col-md-4\"><div class=\"component linkcard \">\n                                <a class=\"card card--bordered\" href=\"\/es\/puertas-abiertas-y-visitas\/\">\n                                    <div class=\"card-body d-flex align-items-center\">\n                                    <div> <div class=\"component link\">\n                                            <div  class=\"btn btn-link simple-link h5\">Puertas abiertas y visitas<\/div>\n                                        <\/div><\/div><\/div><\/a><\/div><\/div><div class=\"col-md-4\"><div class=\"component linkcard \">\n                                <a class=\"card card--bordered\" href=\"\/es\/excelencia-academica\/\">\n                                    <div class=\"card-body d-flex align-items-center\">\n                                    <div> <div class=\"component link\">\n                                            <div  class=\"btn btn-link simple-link h5\">Excelencia Academica<\/div>\n                                        <\/div><\/div><\/div><\/a><\/div><\/div><div class=\"col-md-4\"><div class=\"component linkcard \">\n                                <a class=\"card card--bordered\" href=\"\/es\/instalaciones-ubicacion\/\">\n                                    <div class=\"card-body d-flex align-items-center\">\n                                    <div> <div class=\"component link\">\n                                            <div  class=\"btn btn-link simple-link h5\">Instalaciones y Ubicacion<\/div>\n                                        <\/div><\/div><\/div><\/a><\/div><\/div><\/div><\/section>[\/vc_column][\/vc_row]<\/p>\n<\/div>","protected":false},"excerpt":{"rendered":"<p>[vc_row][vc_column][\/vc_column][\/vc_row][vc_row][vc_column][\/vc_column][\/vc_row]<\/p>\n","protected":false},"author":390,"featured_media":0,"parent":0,"menu_order":0,"comment_status":"closed","ping_status":"closed","template":"","meta":{"_acf_changed":false,"footnotes":""},"class_list":["post-10587","page","type-page","status-publish","hentry"],"acf":[],"yoast_head":"<!-- This site is optimized with the Yoast SEO plugin v26.5 - https:\/\/yoast.com\/wordpress\/plugins\/seo\/ -->\n<title>Conoce nuestra visi\u00f3n y valores - Hastings School<\/title>\n<meta name=\"description\" content=\"La visi\u00f3n y los valores de nuestro colegio brit\u00e1nico internacional dan forma al adulto en el que se convertir\u00e1 tu hijo. Conozce y visita nuestro colegio.\" \/>\n<meta name=\"robots\" content=\"index, follow, max-snippet:-1, max-image-preview:large, max-video-preview:-1\" \/>\n<link rel=\"canonical\" href=\"https:\/\/www.hastingsschool.com\/es\/vision-valores\/\" \/>\n<meta property=\"og:locale\" content=\"es_ES\" \/>\n<meta property=\"og:type\" content=\"article\" \/>\n<meta property=\"og:title\" content=\"Conoce nuestra visi\u00f3n y valores - Hastings School\" \/>\n<meta property=\"og:description\" content=\"La visi\u00f3n y los valores de nuestro colegio brit\u00e1nico internacional dan forma al adulto en el que se convertir\u00e1 tu hijo. Conozce y visita nuestro colegio.\" \/>\n<meta property=\"og:url\" content=\"https:\/\/www.hastingsschool.com\/es\/vision-valores\/\" \/>\n<meta property=\"og:site_name\" content=\"Hastings School\" \/>\n<meta property=\"article:publisher\" content=\"https:\/\/www.facebook.com\/HastingsSchool\" \/>\n<meta property=\"article:modified_time\" content=\"2025-04-09T11:57:16+00:00\" \/>\n<meta property=\"og:image\" content=\"https:\/\/www.hastingsschool.com\/wp-content\/uploads\/sites\/67\/2024\/05\/Hastings-School-Web-Logo.jpg\" \/>\n\t<meta property=\"og:image:width\" content=\"1500\" \/>\n\t<meta property=\"og:image:height\" content=\"1500\" \/>\n\t<meta property=\"og:image:type\" content=\"image\/jpeg\" \/>\n<meta name=\"twitter:card\" content=\"summary_large_image\" \/>\n<meta name=\"twitter:site\" content=\"@hastings_school\" \/>\n<meta name=\"twitter:label1\" content=\"Tiempo de lectura\" \/>\n\t<meta name=\"twitter:data1\" content=\"1 minuto\" \/>\n<!-- \/ Yoast SEO plugin. -->","yoast_head_json":{"title":"Conoce nuestra visi\u00f3n y valores - Hastings School","description":"La visi\u00f3n y los valores de nuestro colegio brit\u00e1nico internacional dan forma al adulto en el que se convertir\u00e1 tu hijo. Conozce y visita nuestro colegio.","robots":{"index":"index","follow":"follow","max-snippet":"max-snippet:-1","max-image-preview":"max-image-preview:large","max-video-preview":"max-video-preview:-1"},"canonical":"https:\/\/www.hastingsschool.com\/es\/vision-valores\/","og_locale":"es_ES","og_type":"article","og_title":"Conoce nuestra visi\u00f3n y valores - Hastings School","og_description":"La visi\u00f3n y los valores de nuestro colegio brit\u00e1nico internacional dan forma al adulto en el que se convertir\u00e1 tu hijo. Conozce y visita nuestro colegio.","og_url":"https:\/\/www.hastingsschool.com\/es\/vision-valores\/","og_site_name":"Hastings School","article_publisher":"https:\/\/www.facebook.com\/HastingsSchool","article_modified_time":"2025-04-09T11:57:16+00:00","og_image":[{"width":1500,"height":1500,"url":"https:\/\/www.hastingsschool.com\/wp-content\/uploads\/sites\/67\/2024\/05\/Hastings-School-Web-Logo.jpg","type":"image\/jpeg"}],"twitter_card":"summary_large_image","twitter_site":"@hastings_school","twitter_misc":{"Tiempo de lectura":"1 minuto"},"schema":{"@context":"https:\/\/schema.org","@graph":[{"@type":"WebPage","@id":"https:\/\/www.hastingsschool.com\/es\/vision-valores\/","url":"https:\/\/www.hastingsschool.com\/es\/vision-valores\/","name":"Conoce nuestra visi\u00f3n y valores - Hastings School","isPartOf":{"@id":"https:\/\/www.hastingsschool.com\/es\/#website"},"datePublished":"2021-09-14T05:38:03+00:00","dateModified":"2025-04-09T11:57:16+00:00","description":"La visi\u00f3n y los valores de nuestro colegio brit\u00e1nico internacional dan forma al adulto en el que se convertir\u00e1 tu hijo. Conozce y visita nuestro colegio.","breadcrumb":{"@id":"https:\/\/www.hastingsschool.com\/es\/vision-valores\/#breadcrumb"},"inLanguage":"es","potentialAction":[{"@type":"ReadAction","target":["https:\/\/www.hastingsschool.com\/es\/vision-valores\/"]}]},{"@type":"BreadcrumbList","@id":"https:\/\/www.hastingsschool.com\/es\/vision-valores\/#breadcrumb","itemListElement":[{"@type":"ListItem","position":1,"name":"Home","item":"https:\/\/www.hastingsschool.com\/es\/quinton-homepage\/"},{"@type":"ListItem","position":2,"name":"Visi\u00f3n y Valores"}]},{"@type":"WebSite","@id":"https:\/\/www.hastingsschool.com\/es\/#website","url":"https:\/\/www.hastingsschool.com\/es\/","name":"Hastings School","description":"Hastings School is an international British school established in Madrid. From 2 to 18. IGCSE, AS and A levels and soon IBDP.","publisher":{"@id":"https:\/\/www.hastingsschool.com\/es\/#organization"},"alternateName":"Hastings School","potentialAction":[{"@type":"SearchAction","target":{"@type":"EntryPoint","urlTemplate":"https:\/\/www.hastingsschool.com\/es\/?s={search_term_string}"},"query-input":{"@type":"PropertyValueSpecification","valueRequired":true,"valueName":"search_term_string"}}],"inLanguage":"es"},{"@type":"Organization","@id":"https:\/\/www.hastingsschool.com\/es\/#organization","name":"Hastings School","url":"https:\/\/www.hastingsschool.com\/es\/","logo":{"@type":"ImageObject","inLanguage":"es","@id":"https:\/\/www.hastingsschool.com\/es\/#\/schema\/logo\/image\/","url":"https:\/\/www.hastingsschool.com\/wp-content\/uploads\/sites\/67\/2024\/05\/Hastings-School-Web-Logo.jpg","contentUrl":"https:\/\/www.hastingsschool.com\/wp-content\/uploads\/sites\/67\/2024\/05\/Hastings-School-Web-Logo.jpg","width":1500,"height":1500,"caption":"Hastings School"},"image":{"@id":"https:\/\/www.hastingsschool.com\/es\/#\/schema\/logo\/image\/"},"sameAs":["https:\/\/www.facebook.com\/HastingsSchool","https:\/\/x.com\/hastings_school","https:\/\/instagram.com\/hastingsschool","https:\/\/www.linkedin.com\/company\/hastings-school-madrid\/"]}]}},"jetpack_sharing_enabled":true,"_links":{"self":[{"href":"https:\/\/www.hastingsschool.com\/es\/wp-json\/wp\/v2\/pages\/10587","targetHints":{"allow":["GET"]}}],"collection":[{"href":"https:\/\/www.hastingsschool.com\/es\/wp-json\/wp\/v2\/pages"}],"about":[{"href":"https:\/\/www.hastingsschool.com\/es\/wp-json\/wp\/v2\/types\/page"}],"author":[{"embeddable":true,"href":"https:\/\/www.hastingsschool.com\/es\/wp-json\/wp\/v2\/users\/390"}],"replies":[{"embeddable":true,"href":"https:\/\/www.hastingsschool.com\/es\/wp-json\/wp\/v2\/comments?post=10587"}],"version-history":[{"count":17,"href":"https:\/\/www.hastingsschool.com\/es\/wp-json\/wp\/v2\/pages\/10587\/revisions"}],"predecessor-version":[{"id":16828,"href":"https:\/\/www.hastingsschool.com\/es\/wp-json\/wp\/v2\/pages\/10587\/revisions\/16828"}],"wp:attachment":[{"href":"https:\/\/www.hastingsschool.com\/es\/wp-json\/wp\/v2\/media?parent=10587"}],"curies":[{"name":"wp","href":"https:\/\/api.w.org\/{rel}","templated":true}]}}