
     {"id":10591,"date":"2021-09-14T07:26:29","date_gmt":"2021-09-14T05:26:29","guid":{"rendered":"https:\/\/www.hastingsschool.com\/stem\/"},"modified":"2024-03-07T12:03:54","modified_gmt":"2024-03-07T11:03:54","slug":"stem","status":"publish","type":"page","link":"https:\/\/www.hastingsschool.com\/es\/stem\/","title":{"rendered":"STEM"},"content":{"rendered":"<div class=\"wpb-content-wrapper\"><p>[vc_row][vc_column]<section  class=\"bg-video-wrap hero section hero--centertext   \" style='background: url(https:\/\/www.hastingsschool.com\/wp-content\/uploads\/sites\/67\/2022\/06\/Hastings-Recursos-126.jpg) center ;background-size:cover ;'>\n                <div class=\"bg-overlay\" style='background:#000000;opacity:0.3;'><\/div>\n                <div class=\"overlay\" >\n                  <div class=\"container-fluid\">\n                    <div class=\"row\">\n                      <div class=\"col-md-12 col-lg-12\">\n\n                        <div class=\"caption text-start\"><div class=\"component sub-heading\" >\n                              <h1 class=\"display-h1\">Educaci\u00f3n STEM<\/h1>\n                            <\/div><\/div>\n                      <\/div>\n                    <\/div>\n                  <\/div>\n                <\/div>\n              <\/section><div class='row  m-x-0 breadcrumb-wrap ' style=''><div class='container-fluid' >\n                <nav aria-label='breadcrumb'><ol class=\"breadcrumb mt-3\">\n                  <li class=\"breadcrumb-item\"><a href=\"https:\/\/www.hastingsschool.com\/es\/\">Home<\/a><\/li>\n                  <li class=\"breadcrumb-item active\" aria-current=\"page\">STEM<\/li>\n                <\/ol>\n              <\/nav>\n              <\/div>\n            <\/div>\n    <section  style='' class=\"section     pb-0   \" ><div class=\"container-fluid\"><div class=\"row    \"><div class=\" col-lg-6 col-md-6      \" ><div class=\"component mb-1 mt-0  radius-bottom-LR \" style='px'><div class=\"sub-heading component\"><h2  class=\"h6  \">Colegio STEM: ciencia, matem\u00e1ticas e inform\u00e1tica son nuestras principales fortalezas.<\/h2><\/div>\n                        <div class=\"sub-heading component \">\n                        <p class=\"body-medium\">Contamos con un equipo compuesto por ocho profesores especialistas en matem\u00e1ticas, y ofrecemos el Further Mathematics A level, adem\u00e1s del Mathematics A level habitual. De este modo, los alumnos pueden solicitar el ingreso en los cursos de matem\u00e1ticas e ingenier\u00eda m\u00e1s solicitados en universidades, como las Imperial y Cambridge. Los alumnos y alumnas disfrutan de la posibilidad de participar en competiciones locales, nacionales e internacionales fuera del aula. Matem\u00e1ticas es la asignatura A level m\u00e1s popular, seguida de cerca por ciencias y econom\u00eda. <br \/>\n<br \/>\nOfrecemos inform\u00e1tica IGCSE y A level centrada en la programaci\u00f3n, m\u00e1s que en habilidades inform\u00e1ticas b\u00e1sicas; es una excelente preparaci\u00f3n para aquellos que desean dedicarse a ello en la universidad y m\u00e1s all\u00e1 de ella. <\/p>\n                        <\/div><\/div><\/div>\n                    <div class=\"col-lg-6 col-md-6    \"><div class=\"component single-img \"><div class=\"ratio ratio-4x3 callout-img halfcol--img image_overlay_9618\" style=\"background-image: url(https:\/\/www.hastingsschool.com\/wp-content\/uploads\/sites\/67\/2024\/03\/SH_4230.jpg);\"><\/div><\/div> <\/div>\n             <\/div>\n        <\/div>\n<\/section>\n    <section  style='' class=\"section     pt-0   \" ><div class=\"container-fluid\"><div class=\"row    \"><div class=\" col-lg-6 col-md-6      \" ><div class=\"component link\"><div class=\"ratio ratio-16x9 callout-img halfcol--img image_overlay_4923\" style=\"background-image: url(https:\/\/www.hastingsschool.com\/wp-content\/uploads\/sites\/67\/2022\/06\/GS_5518.jpg);\"><\/div><\/div><\/div>\n                    <div class=\"col-lg-6 col-md-6    \"><div class=\"component mb-1 mt-0  radius-bottom-LR \" style='margin-top:50px'>\n                        <div class=\"sub-heading component \">\n                        <p class=\"body-medium\">Disponemos de modernas instalaciones para STEM en Madrid y, adicionalmente a los nueve profesores especializados, contamos con tres t\u00e9cnicos en ciencias cuya \u00fanica tarea es preparar trabajos pr\u00e1cticos para los alumnos. Los experimentos cient\u00edficos forman parte de la experiencia educativa. Lo que realmente hace que la ciencia sea apasionante es la posibilidad de experimentar los resultados, en lugar de leerlos en los libros. <br \/>\n<br \/>\nDesde septiembre de 2021 tenemos un director STEM (ciencias, tecnolog\u00eda, ingenier\u00eda y matem\u00e1ticas) para garantizar realmente una verdadera educaci\u00f3n STEM, y que los alumnos m\u00e1s h\u00e1biles y apasionados tengan oportunidades interesantes dentro y fuera del aula. <br \/>\n<br \/>\n<\/p>\n                        <\/div><\/div> <\/div>\n             <\/div>\n        <\/div>\n<\/section>[\/vc_column][\/vc_row][vc_row][vc_column]<section  class=\"section callout-img full--img  wpb_animate_when_almost_visible wpb_slideInUp slideInUp has-bg-image   \" style=\"background-image: url('https:\/\/www.hastingsschool.com\/wp-content\/uploads\/sites\/67\/2022\/06\/GS_6644.jpg'); background-size: cover;\"margin-top:5px;><div class=\"img-overlay overlay6300\"><\/div><div class=\"container-fluid\">\n                                <div class=\"row \"><style>\n                @media (max-width: 767px) {\n                    .img_overlay_uniq3457 {\n                        width: 90%;\n                    }\n                }\n                <\/style><div class=\"col-lg-12 col-md-12\">\n                                    <div class=\"heading component\">\n                                    <div class=\"\" >\n                                    <div class=\"img-overlay-middle img_overlay_uniq3457\" style=\" \">\n                                    <div><style>\n                                            .callout-img blockquote::before {\n                                                content: open-quote;\n                                            }\n                                            .callout-img blockquote::after {\n                                                content: close-quote;\n                                            }\n                                            <\/style><div class=\"heading component\">\n                                                    <blockquote class=\"h4\">Los alumnos aprenden a asociar distintas asignaturas y adquieren numerosas habilidades transferibles y muy apreciadas por las universidades o empleadores. Nuestro objetivo es capacitar y motivar a los alumnos para que se conviertan en los l\u00edderes STEM del ma\u00f1ana.<\/blockquote>\n                                                <\/div><div class=\"heading component\">\n                                                                        <p class=\"body-large\"><\/p>\n<p style=\"font-size: 40px\">\u2013 David Yule, Head of STEM<\/p>\n<p><\/p>\n                                                                    <\/div><div class=\"component link cust-link\"><\/div><\/div>\n                                                    <\/div>\n                                                <\/div>\n                                            <\/div>\n                                        \n                                        <\/div>\n                                    <\/div>\n                                <\/div>\n                            <\/section>\n    <section  id=\"sports-awards\"  style='' class=\"section        \" ><div class=\"container-fluid\"><div class=\"row\">\n                <div class=\"col-md-12 col-lg-10\">  <div class=\"component title\">\n                                        <p class=\"body-small\">TECNOLOG\u00cdA EDUCATIVA<\/p>\n                                    <\/div><\/div>\n                <\/div><div class=\"row  justify-content-between  \"><div class=\" col-lg-5 col-md-6      \" ><div class=\"component mb-1 mt-0  radius-bottom-LR \" style='px'><div class=\"sub-heading component\"><h2  class=\"h6  \">Educaci\u00f3n STEM desde los primeros a\u00f1os.<\/h2><\/div>\n                        <div class=\"sub-heading component \">\n                        <p class=\"body-medium\">Todos nuestros alumnos, desde Year 3 en adelante, tienen un dispositivo personal (un iPad los de Primary y un port\u00e1til de los Secondary). Los dispositivos se controlan con potentes programas de filtrado. La tecnolog\u00eda educativa ofrece oportunidades muy interesantes, pero debe equilibrarse con abordajes m\u00e1s tradicionales. \u00a1Seguimos dando importancia a la escritura! <br \/>\n<\/p>\n                        <\/div><\/div><\/div>\n                    <div class=\"col-lg-6 col-md-6    \"><div class=\"component single-img \"><div class=\"ratio ratio-16x9 callout-img halfcol--img image_overlay_2355\" style=\"background-image: url(https:\/\/www.hastingsschool.com\/wp-content\/uploads\/sites\/67\/2024\/03\/30.jpg);\"><\/div><\/div> <\/div>\n             <\/div>\n        <\/div>\n<\/section>[\/vc_column][\/vc_row][vc_row][vc_column]<section class=\"section section--blue bottom-step TopBottomBorder   \" style=\"background-image: url('https:\/\/www.hastingsschool.com\/wp-content\/uploads\/sites\/67\/2024\/03\/Muestra-Hastings-18.jpg');;;\"><style>.bottom-step.section--blue:before {background: rgba(59,102,58,0.75);}<\/style><div class=\"container-fluid\"><div class=\"row\"><div class=\"col-sm-12\"><div class=\"component title\"><p class=\"body-small\">siguientes pasos<\/p><\/div><\/div><\/div><div class=\"row\"><div class=\"col-md-4\"><div class=\"component linkcard \">\n                                <a class=\"card card--bordered\" href=\"\/es\/puertas-abiertas-y-visitas\/\">\n                                    <div class=\"card-body d-flex align-items-center\">\n                                    <div> <div class=\"component link\">\n                                            <div  class=\"btn btn-link simple-link h5\">Puertas abiertas y visitas<\/div>\n                                        <\/div><\/div><\/div><\/a><\/div><\/div><div class=\"col-md-4\"><div class=\"component linkcard \">\n                                <a class=\"card card--bordered\" href=\"\/es\/excelencia-academica\/\">\n                                    <div class=\"card-body d-flex align-items-center\">\n                                    <div> <div class=\"component link\">\n                                            <div  class=\"btn btn-link simple-link h5\">Excelencia Academica<\/div>\n                                        <\/div><\/div><\/div><\/a><\/div><\/div><div class=\"col-md-4\"><div class=\"component linkcard \">\n                                <a class=\"card card--bordered\" href=\"\/es\/instalaciones-ubicacion\/\">\n                                    <div class=\"card-body d-flex align-items-center\">\n                                    <div> <div class=\"component link\">\n                                            <div  class=\"btn btn-link simple-link h5\">Instalaciones y Ubicacion<\/div>\n                                        <\/div><\/div><\/div><\/a><\/div><\/div><\/div><\/section>[\/vc_column][\/vc_row]<\/p>\n<\/div>","protected":false},"excerpt":{"rendered":"<p>[vc_row][vc_column][\/vc_column][\/vc_row][vc_row][vc_column][\/vc_column][\/vc_row][vc_row][vc_column][\/vc_column][\/vc_row]<\/p>\n","protected":false},"author":390,"featured_media":0,"parent":0,"menu_order":0,"comment_status":"closed","ping_status":"closed","template":"","meta":{"_acf_changed":false,"footnotes":""},"class_list":["post-10591","page","type-page","status-publish","hentry"],"acf":[],"yoast_head":"<!-- This site is optimized with the Yoast SEO plugin v26.5 - https:\/\/yoast.com\/wordpress\/plugins\/seo\/ -->\n<title>Colegio STEM en Madrid: ciencias y tecnolog\u00eda - Hastings School<\/title>\n<meta name=\"description\" content=\"La ciencia, las matem\u00e1ticas y la inform\u00e1tica son nuestras principales fortalezas STEM. Profesores especializados y modernas instalaciones.\" \/>\n<meta name=\"robots\" content=\"index, follow, max-snippet:-1, max-image-preview:large, max-video-preview:-1\" \/>\n<link rel=\"canonical\" href=\"https:\/\/www.hastingsschool.com\/es\/stem\/\" \/>\n<meta property=\"og:locale\" content=\"es_ES\" \/>\n<meta property=\"og:type\" content=\"article\" \/>\n<meta property=\"og:title\" content=\"Colegio STEM en Madrid: ciencias y tecnolog\u00eda - Hastings School\" \/>\n<meta property=\"og:description\" content=\"La ciencia, las matem\u00e1ticas y la inform\u00e1tica son nuestras principales fortalezas STEM. Profesores especializados y modernas instalaciones.\" \/>\n<meta property=\"og:url\" content=\"https:\/\/www.hastingsschool.com\/es\/stem\/\" \/>\n<meta property=\"og:site_name\" content=\"Hastings School\" \/>\n<meta property=\"article:publisher\" content=\"https:\/\/www.facebook.com\/HastingsSchool\" \/>\n<meta property=\"article:modified_time\" content=\"2024-03-07T11:03:54+00:00\" \/>\n<meta property=\"og:image\" content=\"https:\/\/www.hastingsschool.com\/wp-content\/uploads\/sites\/67\/2024\/05\/Hastings-School-Web-Logo.jpg\" \/>\n\t<meta property=\"og:image:width\" content=\"1500\" \/>\n\t<meta property=\"og:image:height\" content=\"1500\" \/>\n\t<meta property=\"og:image:type\" content=\"image\/jpeg\" \/>\n<meta name=\"twitter:card\" content=\"summary_large_image\" \/>\n<meta name=\"twitter:site\" content=\"@hastings_school\" \/>\n<meta name=\"twitter:label1\" content=\"Tiempo de lectura\" \/>\n\t<meta name=\"twitter:data1\" content=\"1 minuto\" \/>\n<!-- \/ Yoast SEO plugin. -->","yoast_head_json":{"title":"Colegio STEM en Madrid: ciencias y tecnolog\u00eda - Hastings School","description":"La ciencia, las matem\u00e1ticas y la inform\u00e1tica son nuestras principales fortalezas STEM. Profesores especializados y modernas instalaciones.","robots":{"index":"index","follow":"follow","max-snippet":"max-snippet:-1","max-image-preview":"max-image-preview:large","max-video-preview":"max-video-preview:-1"},"canonical":"https:\/\/www.hastingsschool.com\/es\/stem\/","og_locale":"es_ES","og_type":"article","og_title":"Colegio STEM en Madrid: ciencias y tecnolog\u00eda - Hastings School","og_description":"La ciencia, las matem\u00e1ticas y la inform\u00e1tica son nuestras principales fortalezas STEM. Profesores especializados y modernas instalaciones.","og_url":"https:\/\/www.hastingsschool.com\/es\/stem\/","og_site_name":"Hastings School","article_publisher":"https:\/\/www.facebook.com\/HastingsSchool","article_modified_time":"2024-03-07T11:03:54+00:00","og_image":[{"width":1500,"height":1500,"url":"https:\/\/www.hastingsschool.com\/wp-content\/uploads\/sites\/67\/2024\/05\/Hastings-School-Web-Logo.jpg","type":"image\/jpeg"}],"twitter_card":"summary_large_image","twitter_site":"@hastings_school","twitter_misc":{"Tiempo de lectura":"1 minuto"},"schema":{"@context":"https:\/\/schema.org","@graph":[{"@type":"WebPage","@id":"https:\/\/www.hastingsschool.com\/es\/stem\/","url":"https:\/\/www.hastingsschool.com\/es\/stem\/","name":"Colegio STEM en Madrid: ciencias y tecnolog\u00eda - Hastings School","isPartOf":{"@id":"https:\/\/www.hastingsschool.com\/es\/#website"},"datePublished":"2021-09-14T05:26:29+00:00","dateModified":"2024-03-07T11:03:54+00:00","description":"La ciencia, las matem\u00e1ticas y la inform\u00e1tica son nuestras principales fortalezas STEM. Profesores especializados y modernas instalaciones.","breadcrumb":{"@id":"https:\/\/www.hastingsschool.com\/es\/stem\/#breadcrumb"},"inLanguage":"es","potentialAction":[{"@type":"ReadAction","target":["https:\/\/www.hastingsschool.com\/es\/stem\/"]}]},{"@type":"BreadcrumbList","@id":"https:\/\/www.hastingsschool.com\/es\/stem\/#breadcrumb","itemListElement":[{"@type":"ListItem","position":1,"name":"Home","item":"https:\/\/www.hastingsschool.com\/es\/quinton-homepage\/"},{"@type":"ListItem","position":2,"name":"STEM"}]},{"@type":"WebSite","@id":"https:\/\/www.hastingsschool.com\/es\/#website","url":"https:\/\/www.hastingsschool.com\/es\/","name":"Hastings School","description":"Hastings School is an international British school established in Madrid. From 2 to 18. IGCSE, AS and A levels and soon IBDP.","publisher":{"@id":"https:\/\/www.hastingsschool.com\/es\/#organization"},"alternateName":"Hastings School","potentialAction":[{"@type":"SearchAction","target":{"@type":"EntryPoint","urlTemplate":"https:\/\/www.hastingsschool.com\/es\/?s={search_term_string}"},"query-input":{"@type":"PropertyValueSpecification","valueRequired":true,"valueName":"search_term_string"}}],"inLanguage":"es"},{"@type":"Organization","@id":"https:\/\/www.hastingsschool.com\/es\/#organization","name":"Hastings School","url":"https:\/\/www.hastingsschool.com\/es\/","logo":{"@type":"ImageObject","inLanguage":"es","@id":"https:\/\/www.hastingsschool.com\/es\/#\/schema\/logo\/image\/","url":"https:\/\/www.hastingsschool.com\/wp-content\/uploads\/sites\/67\/2024\/05\/Hastings-School-Web-Logo.jpg","contentUrl":"https:\/\/www.hastingsschool.com\/wp-content\/uploads\/sites\/67\/2024\/05\/Hastings-School-Web-Logo.jpg","width":1500,"height":1500,"caption":"Hastings School"},"image":{"@id":"https:\/\/www.hastingsschool.com\/es\/#\/schema\/logo\/image\/"},"sameAs":["https:\/\/www.facebook.com\/HastingsSchool","https:\/\/x.com\/hastings_school","https:\/\/instagram.com\/hastingsschool","https:\/\/www.linkedin.com\/company\/hastings-school-madrid\/"]}]}},"jetpack_sharing_enabled":true,"_links":{"self":[{"href":"https:\/\/www.hastingsschool.com\/es\/wp-json\/wp\/v2\/pages\/10591","targetHints":{"allow":["GET"]}}],"collection":[{"href":"https:\/\/www.hastingsschool.com\/es\/wp-json\/wp\/v2\/pages"}],"about":[{"href":"https:\/\/www.hastingsschool.com\/es\/wp-json\/wp\/v2\/types\/page"}],"author":[{"embeddable":true,"href":"https:\/\/www.hastingsschool.com\/es\/wp-json\/wp\/v2\/users\/390"}],"replies":[{"embeddable":true,"href":"https:\/\/www.hastingsschool.com\/es\/wp-json\/wp\/v2\/comments?post=10591"}],"version-history":[{"count":14,"href":"https:\/\/www.hastingsschool.com\/es\/wp-json\/wp\/v2\/pages\/10591\/revisions"}],"predecessor-version":[{"id":14604,"href":"https:\/\/www.hastingsschool.com\/es\/wp-json\/wp\/v2\/pages\/10591\/revisions\/14604"}],"wp:attachment":[{"href":"https:\/\/www.hastingsschool.com\/es\/wp-json\/wp\/v2\/media?parent=10591"}],"curies":[{"name":"wp","href":"https:\/\/api.w.org\/{rel}","templated":true}]}}