
     {"id":10735,"date":"2021-09-14T06:56:10","date_gmt":"2021-09-14T04:56:10","guid":{"rendered":"https:\/\/www.hastingsschool.com\/healthy-food-choices\/"},"modified":"2026-04-08T10:50:49","modified_gmt":"2026-04-08T08:50:49","slug":"comida-saludable","status":"publish","type":"page","link":"https:\/\/www.hastingsschool.com\/es\/comida-saludable\/","title":{"rendered":"Comida Saludable"},"content":{"rendered":"<div class=\"wpb-content-wrapper\"><p>[vc_row][vc_column]<section  class=\"bg-video-wrap hero section hero--centertext  small-header \" style='background: url(https:\/\/www.hastingsschool.com\/wp-content\/uploads\/sites\/67\/2023\/05\/Hastings-Sobradiel-08.jpg) center ;background-size:cover ;'>\n                <div class=\"bg-overlay\" style='background:#000000;opacity:0.4;'><\/div>\n                <div class=\"overlay\" >\n                  <div class=\"container-fluid\">\n                    <div class=\"row\">\n                      <div class=\"col-md-12 col-lg-12\">\n\n                        <div class=\"caption text-start\"><div class=\"component sub-heading\" >\n                              <h1 class=\"display-h1\">Comida Saludable<\/h1>\n                            <\/div><\/div>\n                      <\/div>\n                    <\/div>\n                  <\/div>\n                <\/div>\n              <\/section><div class='row  m-x-0 breadcrumb-wrap ' style=''><div class='container-fluid' >\n                <nav aria-label='breadcrumb'><ol class=\"breadcrumb mt-3\">\n                  <li class=\"breadcrumb-item\"><a href=\"https:\/\/www.hastingsschool.com\/es\/\">Home<\/a><\/li>\n                  <li class=\"breadcrumb-item active\" aria-current=\"page\">Comida Saludable<\/li>\n                <\/ol>\n              <\/nav>\n              <\/div>\n            <\/div>[\/vc_column][\/vc_row][vc_row][vc_column]\n            <div class=\"wrapper\">\n    <section  style='' class=\"section    container-width    \" ><div class=\"container-fluid\"><div class=\"row    \"><div class=\" col-lg-6 col-md-6      \" ><div class=\"component mb-1 mt-0  radius-bottom-LR \" style='px'><div class=\"sub-heading component\"><h2  class=\"h6  \">A su hijo le encantar\u00e1n las opciones de comida saludable que ofrecemos.<\/h2><\/div>\n                        <div class=\"sub-heading component \">\n                        <p class=\"body-medium\">La hora del almuerzo es una parte importante del d\u00eda a d\u00eda en Hastings School. Es el momento en el que los ni\u00f1os y ni\u00f1as recargan bater\u00edas y disfrutan de un rato agradable socializando con sus amigos; y la comida saludable y nutritiva es una parte importante de esta experiencia.<br \/>\n<br \/>\nTodos los edificios de Hastings School tienen cocina propia, en la que personal especializado prepara diariamente men\u00fas equilibrados siguiendo las instrucciones de un nutricionista.<br \/>\n<\/p>\n                        <\/div><\/div><div class=\"component link\"><a href=\"https:\/\/www.hastingsschool.com\/wp-content\/uploads\/sites\/67\/2025\/09\/SNACKS-Y-MERIENDA-HASTINGS.pdf\" class=\" btn btn-primary btn-primary--border\">Menu de merienda Early Years<\/a><\/div><div class=\"component link\"><a href=\"https:\/\/www.hastingsschool.com\/wp-content\/uploads\/sites\/67\/2026\/04\/EARLY-HASTINGS_aril26_V1-1.pdf\" class=\" btn btn-primary btn-primary--border\" target=\"_blank\">Menu Early Years<\/a><\/div><div class=\"component link\"><a href=\"https:\/\/www.hastingsschool.com\/wp-content\/uploads\/sites\/67\/2026\/04\/ALERGIAS-EARLY-PRIMARY-HASTINGS_april26_V1-1.pdf\" class=\" btn btn-primary btn-primary--border\">Alergias Early Years<\/a><\/div><div class=\"component link\"><a href=\"https:\/\/www.hastingsschool.com\/wp-content\/uploads\/sites\/67\/2026\/04\/PRIMARY-HASTINGS_april26_V1-1.pdf\" class=\" btn btn-primary btn-primary--border\">Menu Primaria<\/a><\/div><div class=\"component link\"><a href=\"https:\/\/www.hastingsschool.com\/wp-content\/uploads\/sites\/67\/2026\/04\/ALERGIAS-EARLY-PRIMARY-HASTINGS_april26_V1-1.pdf\" class=\" btn btn-primary btn-primary--border\">Menu Alergias Primaria<\/a><\/div><div class=\"component link\"><a href=\"https:\/\/www.hastingsschool.com\/wp-content\/uploads\/sites\/67\/2026\/04\/Copia-de-MENU-SECUNDARIA-HASTINGS_abril26_V3-bien-1.pdf\" class=\" btn btn-primary btn-primary--border\">Menu Secundaria<\/a><\/div><div class=\"component link\"><a href=\"https:\/\/www.hastingsschool.com\/wp-content\/uploads\/sites\/67\/2026\/04\/DINNERS-APRIL-26.pdf\" class=\" btn btn-primary btn-primary--border\">Menu Cena<\/a><\/div><\/div>\n                    <div class=\"col-lg-6 col-md-6    \"><div class=\"component single-img \"><div class=\"ratio ratio-16x9 callout-img halfcol--img image_overlay_1845\" style=\"background-image: url(https:\/\/www.hastingsschool.com\/wp-content\/uploads\/sites\/67\/2025\/03\/Captura-de-pantalla-2025-03-12-094200.png);\"><\/div><\/div><div class=\"component single-img \"><div class=\"ratio ratio-16x9 callout-img halfcol--img image_overlay_1900\" style=\"background-image: url(https:\/\/www.hastingsschool.com\/wp-content\/uploads\/sites\/67\/2025\/03\/Captura-de-pantalla-2025-03-12-094108.png);\"><\/div><\/div> <\/div>\n             <\/div>\n        <\/div>\n<\/section>\n            <\/div>[\/vc_column][\/vc_row][vc_row][vc_column]\n    <section  style='background-color:#557758;margin-bottom:5px;' class=\"section  primary-color section--blue     \" ><div class=\"container-fluid\"><div class=\"row\">\n                <div class=\"col-md-12 col-lg-10\">  <div class=\"component title\">\n                                        <p class=\"body-small\">ALERGIAS Y PREFERENCIAS ALIMENTARIAS<\/p>\n                                    <\/div><\/div>\n                <\/div><div class=\"row    \"><div class=\" col-lg-6 col-md-6      \" ><div class=\"component   radius-bottom-LR \" style='px'><div class=\"sub-heading component\"><h2  class=\"h6  \">Una variedad saludable<\/h2><\/div>\n                        <div class=\"sub-heading component \">\n                        <p class=\"body-medium\">Cubrimos muy diversas necesidades diet\u00e9ticas de nuestra comunidad de alumnos internacionales. Ofrecemos distintos men\u00fas, como kosher, halal, pescetarianos, veganos o vegetarianos. <br> <br><br \/>\n<\/p>\n                        <\/div><\/div><div class=\"component   radius-bottom-LR \" style='px'><div class=\"sub-heading component\"><h2  class=\"h6  \">Alergias e intolerancias alimentarias<\/h2><\/div>\n                        <div class=\"sub-heading component \">\n                        <p class=\"body-medium\">Nos tomamos seriamente las alergias e intolerancias alimentarias. Trabajamos estrechamente con los padres para estar seguros de que ofrecemos a los alumnos y alumnas con intolerancias y alergias alimentarias una dieta adecuada y equilibrada, porque pensamos que es importante que disfruten comiendo en el colegio con sus compa\u00f1eros de clase. Confeccionamos men\u00fas mensuales personalizados para los alumnos con intolerancias o alergias alimentarias.<\/p>\n                        <\/div><\/div><\/div>\n                    <div class=\"col-lg-6 col-md-6    \"><div class=\"component single-img \"><div class=\"ratio ratio-4x3 callout-img halfcol--img image_overlay_5874\" style=\"background-image: url(https:\/\/www.hastingsschool.com\/wp-content\/uploads\/sites\/67\/2022\/05\/healthy-food.jpg);\"><\/div><\/div> <\/div>\n             <\/div>\n        <\/div>\n<\/section>[\/vc_column][\/vc_row][vc_row][vc_column]<section class=\"section section--blue bottom-step TopBottomBorder   \" style=\"background-image: url('https:\/\/www.hastingsschool.com\/wp-content\/uploads\/sites\/67\/2022\/03\/primary_students_discovering.jpg');;;\"><style>.bottom-step.section--blue:before {background: rgba(59,102,58,0.75);}<\/style><div class=\"container-fluid\"><div class=\"row\"><div class=\"col-sm-12\"><div class=\"component title\"><p class=\"body-small\">siguientes pasos<\/p><\/div><\/div><\/div><div class=\"row\"><div class=\"col-md-4\"><div class=\"component linkcard \">\n                                <a class=\"card card--bordered\" href=\"\/es\/puertas-abiertas-y-visitas\/\">\n                                    <div class=\"card-body d-flex align-items-center\">\n                                    <div> <div class=\"component link\">\n                                            <div  class=\"btn btn-link simple-link h5\">Puertas abiertas y visitas<\/div>\n                                        <\/div><\/div><\/div><\/a><\/div><\/div><div class=\"col-md-4\"><div class=\"component linkcard \">\n                                <a class=\"card card--bordered\" href=\"\/es\/excelencia-academica\/\">\n                                    <div class=\"card-body d-flex align-items-center\">\n                                    <div> <div class=\"component link\">\n                                            <div  class=\"btn btn-link simple-link h5\">Excelencia Academica<\/div>\n                                        <\/div><\/div><\/div><\/a><\/div><\/div><div class=\"col-md-4\"><div class=\"component linkcard \">\n                                <a class=\"card card--bordered\" href=\"\/es\/instalaciones-ubicacion\/\">\n                                    <div class=\"card-body d-flex align-items-center\">\n                                    <div> <div class=\"component link\">\n                                            <div  class=\"btn btn-link simple-link h5\">Instalaciones y Ubicacion<\/div>\n                                        <\/div><\/div><\/div><\/a><\/div><\/div><\/div><\/section>[\/vc_column][\/vc_row]<\/p>\n<\/div>","protected":false},"excerpt":{"rendered":"<p>[vc_row][vc_column][\/vc_column][\/vc_row][vc_row][vc_column][\/vc_column][\/vc_row][vc_row][vc_column][\/vc_column][\/vc_row][vc_row][vc_column][\/vc_column][\/vc_row]<\/p>\n","protected":false},"author":390,"featured_media":0,"parent":0,"menu_order":0,"comment_status":"closed","ping_status":"closed","template":"","meta":{"_acf_changed":false,"footnotes":""},"class_list":["post-10735","page","type-page","status-publish","hentry"],"acf":[],"yoast_head":"<!-- This site is optimized with the Yoast SEO plugin v26.5 - https:\/\/yoast.com\/wordpress\/plugins\/seo\/ -->\n<title>Men\u00fa escolar saludable y equilibrado - Hastings School<\/title>\n<meta name=\"description\" content=\"Descubre las diferentes opciones de nuestro men\u00fa escolar. A su hijo le encantar\u00e1n las opciones de comida saludable que ofrecemos.\" \/>\n<meta name=\"robots\" content=\"index, follow, max-snippet:-1, max-image-preview:large, max-video-preview:-1\" \/>\n<link rel=\"canonical\" href=\"https:\/\/www.hastingsschool.com\/es\/comida-saludable\/\" \/>\n<meta property=\"og:locale\" content=\"es_ES\" \/>\n<meta property=\"og:type\" content=\"article\" \/>\n<meta property=\"og:title\" content=\"Men\u00fa escolar saludable y equilibrado - Hastings School\" \/>\n<meta property=\"og:description\" content=\"Descubre las diferentes opciones de nuestro men\u00fa escolar. A su hijo le encantar\u00e1n las opciones de comida saludable que ofrecemos.\" \/>\n<meta property=\"og:url\" content=\"https:\/\/www.hastingsschool.com\/es\/comida-saludable\/\" \/>\n<meta property=\"og:site_name\" content=\"Hastings School\" \/>\n<meta property=\"article:publisher\" content=\"https:\/\/www.facebook.com\/HastingsSchool\" \/>\n<meta property=\"article:modified_time\" content=\"2026-04-08T08:50:49+00:00\" \/>\n<meta property=\"og:image\" content=\"https:\/\/www.hastingsschool.com\/wp-content\/uploads\/sites\/67\/2024\/05\/Hastings-School-Web-Logo.jpg\" \/>\n\t<meta property=\"og:image:width\" content=\"1500\" \/>\n\t<meta property=\"og:image:height\" content=\"1500\" \/>\n\t<meta property=\"og:image:type\" content=\"image\/jpeg\" \/>\n<meta name=\"twitter:card\" content=\"summary_large_image\" \/>\n<meta name=\"twitter:site\" content=\"@hastings_school\" \/>\n<meta name=\"twitter:label1\" content=\"Tiempo de lectura\" \/>\n\t<meta name=\"twitter:data1\" content=\"1 minuto\" \/>\n<!-- \/ Yoast SEO plugin. -->","yoast_head_json":{"title":"Men\u00fa escolar saludable y equilibrado - Hastings School","description":"Descubre las diferentes opciones de nuestro men\u00fa escolar. A su hijo le encantar\u00e1n las opciones de comida saludable que ofrecemos.","robots":{"index":"index","follow":"follow","max-snippet":"max-snippet:-1","max-image-preview":"max-image-preview:large","max-video-preview":"max-video-preview:-1"},"canonical":"https:\/\/www.hastingsschool.com\/es\/comida-saludable\/","og_locale":"es_ES","og_type":"article","og_title":"Men\u00fa escolar saludable y equilibrado - Hastings School","og_description":"Descubre las diferentes opciones de nuestro men\u00fa escolar. A su hijo le encantar\u00e1n las opciones de comida saludable que ofrecemos.","og_url":"https:\/\/www.hastingsschool.com\/es\/comida-saludable\/","og_site_name":"Hastings School","article_publisher":"https:\/\/www.facebook.com\/HastingsSchool","article_modified_time":"2026-04-08T08:50:49+00:00","og_image":[{"width":1500,"height":1500,"url":"https:\/\/www.hastingsschool.com\/wp-content\/uploads\/sites\/67\/2024\/05\/Hastings-School-Web-Logo.jpg","type":"image\/jpeg"}],"twitter_card":"summary_large_image","twitter_site":"@hastings_school","twitter_misc":{"Tiempo de lectura":"1 minuto"},"schema":{"@context":"https:\/\/schema.org","@graph":[{"@type":"WebPage","@id":"https:\/\/www.hastingsschool.com\/es\/comida-saludable\/","url":"https:\/\/www.hastingsschool.com\/es\/comida-saludable\/","name":"Men\u00fa escolar saludable y equilibrado - Hastings School","isPartOf":{"@id":"https:\/\/www.hastingsschool.com\/es\/#website"},"datePublished":"2021-09-14T04:56:10+00:00","dateModified":"2026-04-08T08:50:49+00:00","description":"Descubre las diferentes opciones de nuestro men\u00fa escolar. A su hijo le encantar\u00e1n las opciones de comida saludable que ofrecemos.","breadcrumb":{"@id":"https:\/\/www.hastingsschool.com\/es\/comida-saludable\/#breadcrumb"},"inLanguage":"es","potentialAction":[{"@type":"ReadAction","target":["https:\/\/www.hastingsschool.com\/es\/comida-saludable\/"]}]},{"@type":"BreadcrumbList","@id":"https:\/\/www.hastingsschool.com\/es\/comida-saludable\/#breadcrumb","itemListElement":[{"@type":"ListItem","position":1,"name":"Home","item":"https:\/\/www.hastingsschool.com\/es\/quinton-homepage\/"},{"@type":"ListItem","position":2,"name":"Comida Saludable"}]},{"@type":"WebSite","@id":"https:\/\/www.hastingsschool.com\/es\/#website","url":"https:\/\/www.hastingsschool.com\/es\/","name":"Hastings School","description":"Hastings School is an international British school established in Madrid. From 2 to 18. IGCSE, AS and A levels and soon IBDP.","publisher":{"@id":"https:\/\/www.hastingsschool.com\/es\/#organization"},"alternateName":"Hastings School","potentialAction":[{"@type":"SearchAction","target":{"@type":"EntryPoint","urlTemplate":"https:\/\/www.hastingsschool.com\/es\/?s={search_term_string}"},"query-input":{"@type":"PropertyValueSpecification","valueRequired":true,"valueName":"search_term_string"}}],"inLanguage":"es"},{"@type":"Organization","@id":"https:\/\/www.hastingsschool.com\/es\/#organization","name":"Hastings School","url":"https:\/\/www.hastingsschool.com\/es\/","logo":{"@type":"ImageObject","inLanguage":"es","@id":"https:\/\/www.hastingsschool.com\/es\/#\/schema\/logo\/image\/","url":"https:\/\/www.hastingsschool.com\/wp-content\/uploads\/sites\/67\/2024\/05\/Hastings-School-Web-Logo.jpg","contentUrl":"https:\/\/www.hastingsschool.com\/wp-content\/uploads\/sites\/67\/2024\/05\/Hastings-School-Web-Logo.jpg","width":1500,"height":1500,"caption":"Hastings School"},"image":{"@id":"https:\/\/www.hastingsschool.com\/es\/#\/schema\/logo\/image\/"},"sameAs":["https:\/\/www.facebook.com\/HastingsSchool","https:\/\/x.com\/hastings_school","https:\/\/instagram.com\/hastingsschool","https:\/\/www.linkedin.com\/company\/hastings-school-madrid\/"]}]}},"jetpack_sharing_enabled":true,"_links":{"self":[{"href":"https:\/\/www.hastingsschool.com\/es\/wp-json\/wp\/v2\/pages\/10735","targetHints":{"allow":["GET"]}}],"collection":[{"href":"https:\/\/www.hastingsschool.com\/es\/wp-json\/wp\/v2\/pages"}],"about":[{"href":"https:\/\/www.hastingsschool.com\/es\/wp-json\/wp\/v2\/types\/page"}],"author":[{"embeddable":true,"href":"https:\/\/www.hastingsschool.com\/es\/wp-json\/wp\/v2\/users\/390"}],"replies":[{"embeddable":true,"href":"https:\/\/www.hastingsschool.com\/es\/wp-json\/wp\/v2\/comments?post=10735"}],"version-history":[{"count":107,"href":"https:\/\/www.hastingsschool.com\/es\/wp-json\/wp\/v2\/pages\/10735\/revisions"}],"predecessor-version":[{"id":18299,"href":"https:\/\/www.hastingsschool.com\/es\/wp-json\/wp\/v2\/pages\/10735\/revisions\/18299"}],"wp:attachment":[{"href":"https:\/\/www.hastingsschool.com\/es\/wp-json\/wp\/v2\/media?parent=10735"}],"curies":[{"name":"wp","href":"https:\/\/api.w.org\/{rel}","templated":true}]}}