
     {"id":10737,"date":"2021-09-15T16:40:14","date_gmt":"2021-09-15T14:40:14","guid":{"rendered":"https:\/\/www.hastingsschool.com\/school-policies\/"},"modified":"2025-11-11T17:34:47","modified_gmt":"2025-11-11T16:34:47","slug":"politicas-del-colegio","status":"publish","type":"page","link":"https:\/\/www.hastingsschool.com\/es\/politicas-del-colegio\/","title":{"rendered":"Pol\u00edticas del colegio"},"content":{"rendered":"<div class=\"wpb-content-wrapper\"><p>[vc_row][vc_column]<section  class=\"bg-video-wrap hero section hero--centertext   \" style='background: url(https:\/\/www.hastingsschool.com\/wp-content\/uploads\/sites\/67\/2023\/06\/Hastings-Recursos-040.jpg) center ;background-size:cover ;'>\n                <div class=\"bg-overlay\" style='background:#000000;opacity:0.4;'><\/div>\n                <div class=\"overlay\" >\n                  <div class=\"container-fluid\">\n                    <div class=\"row\">\n                      <div class=\"col-md-12 col-lg-12\">\n\n                        <div class=\"caption text-start\"><div class=\"component sub-heading\" >\n                              <h1 class=\"display-h1\">Pol\u00edticas del colegio<\/h1>\n                            <\/div><\/div>\n                      <\/div>\n                    <\/div>\n                  <\/div>\n                <\/div>\n              <\/section><div class='row  m-x-0 breadcrumb-wrap ' style=''><div class='container-fluid' >\n                <nav aria-label='breadcrumb'><ol class=\"breadcrumb mt-3\">\n                  <li class=\"breadcrumb-item\"><a href=\"https:\/\/www.hastingsschool.com\/es\/\">Home<\/a><\/li>\n                  <li class=\"breadcrumb-item active\" aria-current=\"page\">Pol\u00edticas del colegio<\/li>\n                <\/ol>\n              <\/nav>\n              <\/div>\n            <\/div>[\/vc_column][\/vc_row][vc_row][vc_column]<div class=\"wrapper\"><section  style='' class=\"section     container-width \"><div class=\"container-fluid\"><div class=\"row m-0 align-items-center centerText \" >\n                        <div class=\"col-sm-12 col-md-10 col-lg-9 mx-auto\"><div class=\"sub-heading component\">\n                                        <h2 class=\"h5\">Qu\u00e9 prometemos y que esperamos<\/h2>\n                                    <\/div><div class=\"sub-heading component\"><p><strong>En Hastings School nos comprometemos con asegurar el bienestar f\u00edsico y emocional de los alumnos y alumnas y del personal. Para ello, seguimos una serie de pol\u00edticas y directrices dise\u00f1adas para garantizar que cumplimos con los m\u00e1s altos est\u00e1ndares. Encontrar\u00e1n los detalles m\u00e1s abajo:<\/strong><\/p>\n<\/div><style>\n                        .flex-button {\n                        margin-top: 25px;\n                    } \n                        \n                    @media (max-width: 767px){\n                     .flex-button {\n                      display: block;\n                      margin-left: 0;\n                    }\n                    .flex-button .text-center{\n                     text-align: left !important;\n                    }\n                    }\n\n\n                        <\/style><\/div><\/div><\/section><\/div>[\/vc_column][\/vc_row][vc_row][vc_column]\n            <div class=\"wrapper\">\n    <section  style='' class=\"section    container-width pt-0   \" ><div class=\"container-fluid\"><div class=\"row    \"><div class=\" col-lg-6 col-md-6      \" ><div class=\"component link\"><a href=\"https:\/\/www.hastingsschool.com\/wp-content\/uploads\/sites\/67\/2024\/11\/Applications-and-Admissions-Policy-SPAIN-Sep-2024_ESP-vFFF.pdf\" class=\" btn btn-link\" target=\"_blank\">Pol\u00edtica de Admisiones<\/a><\/div><div class=\"component link\"><a href=\"https:\/\/www.hastingsschool.com\/wp-content\/uploads\/sites\/67\/2024\/11\/Anti-Bullying-Policy-SPAIN-2024-ESP-.pdf\" class=\" btn btn-link\" target=\"_blank\">Pol\u00edtica contra el Acoso Escolar<\/a><\/div><div class=\"component link\"><a href=\"https:\/\/www.hastingsschool.com\/wp-content\/uploads\/sites\/67\/2024\/11\/Behaviour-Policy-SPAIN-Sep-2024_ESP.pdf\" class=\" btn btn-link\" target=\"_blank\">Pol\u00edtica de Comportamiento<\/a><\/div><div class=\"component link\"><a href=\"https:\/\/www.hastingsschool.com\/wp-content\/uploads\/sites\/67\/2025\/11\/Complaints-Procedure-SPAIN-2025-ESP-vF.pdf\" class=\" btn btn-link\" target=\"_blank\">Procedimiento de Quejas<\/a><\/div><div class=\"component link\"><a href=\"https:\/\/www.hastingsschool.com\/wp-content\/uploads\/sites\/67\/2025\/11\/Curriculum-Policy-SPAIN-Sep-2025_ESP.pdf\" class=\" btn btn-link\" target=\"_blank\">Pol\u00edtica sobre el Curr\u00edculo<\/a><\/div><div class=\"component link\"><a href=\"https:\/\/www.hastingsschool.com\/wp-content\/uploads\/sites\/67\/2025\/11\/Drug-and-Alcohol-Policy-SPAIN-Sep-2025-ESP.pdf\" class=\" btn btn-link\" target=\"_blank\">Pol\u00edtica sobre Drogas y Alcohol<\/a><\/div><div class=\"component link\"><a href=\"https:\/\/www.hastingsschool.com\/wp-content\/uploads\/sites\/67\/2025\/11\/Educational-Visits-Policy-SPAIN-ESP-January-2025.pdf\" class=\" btn btn-link\" target=\"_blank\">Pol\u00edtica de Visitas Educativas<\/a><\/div><div class=\"component link\"><a href=\"https:\/\/www.hastingsschool.com\/wp-content\/uploads\/sites\/67\/2025\/11\/Use-of-Reasonable-Force-Restrictive-Intervention-and-Restraint-Policy-SPAIN-2025-ESP.pdf\" class=\" btn btn-link\" target=\"_blank\">Pol\u00edtica sobre el uso de la fuerza razonable, la intervenci\u00f3n restrictiva y la inmovilizaci\u00f3n<\/a><\/div><div class=\"component link\"><a href=\"https:\/\/www.hastingsschool.com\/wp-content\/uploads\/sites\/67\/2025\/07\/Codigo-de-Conducta-Servicio-de-transporte-escolar.pdf\" class=\" btn btn-link\" target=\"_blank\">C\u00f3digo de Conducta en transporte escolar<\/a><\/div><div class=\"component link\"><a href=\"https:\/\/www.hastingsschool.com\/wp-content\/uploads\/sites\/67\/2025\/11\/Early-Years-Mobile-Phones-and-Devices-Policy-SPAIN-2025-ESP.pdf\" class=\" btn btn-link\" target=\"_blank\">Uso de mobiles y dispositivos en infantil<\/a><\/div><div class=\"component link\"><a href=\"https:\/\/www.hastingsschool.com\/wp-content\/uploads\/sites\/67\/2025\/11\/SEND-NEAE-Policy-SPAIN-2025-ESP-.pdf\" class=\" btn btn-link\" target=\"_blank\">Pol\u00edtica de Necesidades Educativas Especiales y Discapacidades<\/a><\/div><div class=\"component link\"><a href=\"https:\/\/www.hastingsschool.com\/wp-content\/uploads\/sites\/67\/2025\/11\/Safeguarding-and-Child-Protection-Policy-SPAIN-2025-2026-ESP-.pdf\" class=\" btn btn-link\">Pol\u00edtica de protecci\u00f3n integral de menores<\/a><\/div><\/div>\n                    <div class=\"col-lg-6 col-md-6    \"><div class=\"component link\"><a href=\"https:\/\/www.hastingsschool.com\/wp-content\/uploads\/sites\/67\/2025\/11\/First-Aid-Policy-SPAIN-Sept-2025-ESP-.pdf\" class=\" btn btn-link\" target=\"_blank\">Pol\u00edtica de Primeros Auxilios<\/a><\/div><div class=\"component link\"><a href=\"https:\/\/www.hastingsschool.com\/wp-content\/uploads\/sites\/67\/2025\/11\/Hastings-Health-and-Safety-Policy-SPAIN-2025-ESP.pdf\" class=\" btn btn-link\" target=\"_blank\">Pol\u00edtica de Seguridad y Salud<\/a><\/div><div class=\"component link\"><a href=\"https:\/\/www.hastingsschool.com\/wp-content\/uploads\/sites\/67\/2024\/11\/Politica-de-comedor-escolar-2024-25.pdf\" class=\" btn btn-link\" target=\"_blank\">Pol\u00edtica del Comedor Escolar<\/a><\/div><div class=\"component link\"><a href=\"https:\/\/www.hastingsschool.com\/wp-content\/uploads\/sites\/67\/2025\/11\/Preventing-Radicalisation-Policy-SPAIN-Sep-2025-ESP.pdf\" class=\" btn btn-link\" target=\"_blank\">Pol\u00edtica de Prevenci\u00f3n del Extremismo y de la Radicalizaci\u00f3n<\/a><\/div><div class=\"component link\"><a href=\"\/privacy-and-cookie-notices\/\" class=\" btn btn-link\" target=\"_blank\">Aviso Sobre Privacidad y Cookies<\/a><\/div><div class=\"component link\"><a href=\"https:\/\/www.hastingsschool.com\/wp-content\/uploads\/sites\/67\/2025\/11\/Pupil-Supervision-Lost-Missing-Children-Policy-SPAIN-2025-ESP.pdf\" class=\" btn btn-link\" target=\"_blank\">Pol\u00edtica de Supervisi\u00f3n de Alumnos Y Alumnos Perdidos<\/a><\/div><div class=\"component link\"><a href=\"https:\/\/www.hastingsschool.com\/wp-content\/uploads\/sites\/67\/2025\/11\/Risk-Assessment-Policy-SPAIN-Sept-2025_ESP.pdf\" class=\" btn btn-link\" target=\"_blank\">Pol\u00edtica de Evaluaci\u00f3n de Riesgos<\/a><\/div><div class=\"component link\"><a href=\"https:\/\/www.hastingsschool.com\/wp-content\/uploads\/sites\/67\/2025\/07\/Politica-de-transporte-escolar-25-26-ES.pdf\" class=\" btn btn-link\" target=\"_blank\">Pol\u00edtica de Transporte Escolar<\/a><\/div><div class=\"component link\"><a href=\"https:\/\/www.hastingsschool.com\/wp-content\/uploads\/sites\/67\/2025\/11\/Suspension-Exclusion-and-Removal-in-other-Circumstances-Policy-SPAIN-2025-ESP-.pdf\" class=\" btn btn-link\" rel=\"nofollow\">Pol\u00edtica de Suspensi\u00f3n, Exclusi\u00f3n y Baja en Otras Circunstancias<\/a><\/div><div class=\"component link\"><a href=\"https:\/\/www.hastingsschool.com\/wp-content\/uploads\/sites\/67\/2025\/11\/Children-Absent-from-Education-Attendance-Policy-SPAIN-2025-ESP-vF.pdf\" class=\" btn btn-link\" rel=\"nofollow\">Pol\u00edtica de Alumnos con Ausencias Persistentes y Asistencia<\/a><\/div><div class=\"component link\"><a href=\"https:\/\/www.hastingsschool.com\/wp-content\/uploads\/sites\/67\/2024\/12\/Hastings_Academic-Honesty-Policy_2024-25-ENES.pdf\" class=\" btn btn-link\" rel=\"nofollow\">Pol\u00edtica de honestidad acad\u00e9mica<\/a><\/div><div class=\"component link\"><a href=\"https:\/\/www.hastingsschool.com\/wp-content\/uploads\/sites\/67\/2025\/11\/Complaints-Procedure-SPAIN-2025-ESP-vF.pdf\" class=\" btn btn-link\">Procedimiento de Quejas<\/a><\/div><div class=\"component link\"><a href=\"https:\/\/www.hastingsschool.com\/wp-content\/uploads\/sites\/67\/2025\/11\/Cognita-Europe-Regional-IT-Policy-Sept-2025-Spain-ESP-vF.pdf\" class=\" btn btn-link\">Pol\u00edtica Regional de TI<\/a><\/div> <\/div>\n             <\/div>\n        <\/div>\n<\/section>\n            <\/div>[\/vc_column][\/vc_row][vc_row][vc_column]<section class=\"section section--blue bottom-step TopBottomBorder   \" style=\"background-image: url('https:\/\/www.hastingsschool.com\/wp-content\/uploads\/sites\/67\/2024\/03\/Muestra-Hastings-18.jpg');;;\"><style>.bottom-step.section--blue:before {background: rgba(59,102,58,0.75);}<\/style><div class=\"container-fluid\"><div class=\"row\"><div class=\"col-sm-12\"><div class=\"component title\"><p class=\"body-small\">siguientes pasos<\/p><\/div><\/div><\/div><div class=\"row\"><div class=\"col-md-4\"><div class=\"component linkcard \">\n                                <a class=\"card card--bordered\" href=\"\/es\/puertas-abiertas-y-visitas\/\">\n                                    <div class=\"card-body d-flex align-items-center\">\n                                    <div> <div class=\"component link\">\n                                            <div  class=\"btn btn-link simple-link h5\">Puertas abiertas y visitas<\/div>\n                                        <\/div><\/div><\/div><\/a><\/div><\/div><div class=\"col-md-4\"><div class=\"component linkcard \">\n                                <a class=\"card card--bordered\" href=\"\/es\/excelencia-academica\/\">\n                                    <div class=\"card-body d-flex align-items-center\">\n                                    <div> <div class=\"component link\">\n                                            <div  class=\"btn btn-link simple-link h5\">Excelencia Academica<\/div>\n                                        <\/div><\/div><\/div><\/a><\/div><\/div><div class=\"col-md-4\"><div class=\"component linkcard \">\n                                <a class=\"card card--bordered\" href=\"\/es\/instalaciones-ubicacion\/\">\n                                    <div class=\"card-body d-flex align-items-center\">\n                                    <div> <div class=\"component link\">\n                                            <div  class=\"btn btn-link simple-link h5\">Instalaciones y Ubicacion<\/div>\n                                        <\/div><\/div><\/div><\/a><\/div><\/div><\/div><\/section>[\/vc_column][\/vc_row]<\/p>\n<\/div>","protected":false},"excerpt":{"rendered":"<p>[vc_row][vc_column][\/vc_column][\/vc_row][vc_row][vc_column][\/vc_column][\/vc_row][vc_row][vc_column][\/vc_column][\/vc_row][vc_row][vc_column][\/vc_column][\/vc_row]<\/p>\n","protected":false},"author":390,"featured_media":0,"parent":0,"menu_order":0,"comment_status":"closed","ping_status":"closed","template":"","meta":{"_acf_changed":false,"footnotes":""},"class_list":["post-10737","page","type-page","status-publish","hentry"],"acf":[],"yoast_head":"<!-- This site is optimized with the Yoast SEO plugin v26.5 - https:\/\/yoast.com\/wordpress\/plugins\/seo\/ -->\n<title>Pol\u00edticas del colegio - Hastings School<\/title>\n<meta name=\"description\" content=\"Conozce las pol\u00edticas y procedimientos de Hastings School. Todo para garantizar un ambiente de aprendizaje seguro y efectivo.\" \/>\n<meta name=\"robots\" content=\"index, follow, max-snippet:-1, max-image-preview:large, max-video-preview:-1\" \/>\n<link rel=\"canonical\" href=\"https:\/\/www.hastingsschool.com\/es\/politicas-del-colegio\/\" \/>\n<meta property=\"og:locale\" content=\"es_ES\" \/>\n<meta property=\"og:type\" content=\"article\" \/>\n<meta property=\"og:title\" content=\"Pol\u00edticas del colegio - Hastings School\" \/>\n<meta property=\"og:description\" content=\"Conozce las pol\u00edticas y procedimientos de Hastings School. Todo para garantizar un ambiente de aprendizaje seguro y efectivo.\" \/>\n<meta property=\"og:url\" content=\"https:\/\/www.hastingsschool.com\/es\/politicas-del-colegio\/\" \/>\n<meta property=\"og:site_name\" content=\"Hastings School\" \/>\n<meta property=\"article:publisher\" content=\"https:\/\/www.facebook.com\/HastingsSchool\" \/>\n<meta property=\"article:modified_time\" content=\"2025-11-11T16:34:47+00:00\" \/>\n<meta property=\"og:image\" content=\"https:\/\/www.hastingsschool.com\/wp-content\/uploads\/sites\/67\/2024\/05\/Hastings-School-Web-Logo.jpg\" \/>\n\t<meta property=\"og:image:width\" content=\"1500\" \/>\n\t<meta property=\"og:image:height\" content=\"1500\" \/>\n\t<meta property=\"og:image:type\" content=\"image\/jpeg\" \/>\n<meta name=\"twitter:card\" content=\"summary_large_image\" \/>\n<meta name=\"twitter:site\" content=\"@hastings_school\" \/>\n<meta name=\"twitter:label1\" content=\"Tiempo de lectura\" \/>\n\t<meta name=\"twitter:data1\" content=\"1 minuto\" \/>\n<!-- \/ Yoast SEO plugin. -->","yoast_head_json":{"title":"Pol\u00edticas del colegio - Hastings School","description":"Conozce las pol\u00edticas y procedimientos de Hastings School. Todo para garantizar un ambiente de aprendizaje seguro y efectivo.","robots":{"index":"index","follow":"follow","max-snippet":"max-snippet:-1","max-image-preview":"max-image-preview:large","max-video-preview":"max-video-preview:-1"},"canonical":"https:\/\/www.hastingsschool.com\/es\/politicas-del-colegio\/","og_locale":"es_ES","og_type":"article","og_title":"Pol\u00edticas del colegio - Hastings School","og_description":"Conozce las pol\u00edticas y procedimientos de Hastings School. Todo para garantizar un ambiente de aprendizaje seguro y efectivo.","og_url":"https:\/\/www.hastingsschool.com\/es\/politicas-del-colegio\/","og_site_name":"Hastings School","article_publisher":"https:\/\/www.facebook.com\/HastingsSchool","article_modified_time":"2025-11-11T16:34:47+00:00","og_image":[{"width":1500,"height":1500,"url":"https:\/\/www.hastingsschool.com\/wp-content\/uploads\/sites\/67\/2024\/05\/Hastings-School-Web-Logo.jpg","type":"image\/jpeg"}],"twitter_card":"summary_large_image","twitter_site":"@hastings_school","twitter_misc":{"Tiempo de lectura":"1 minuto"},"schema":{"@context":"https:\/\/schema.org","@graph":[{"@type":"WebPage","@id":"https:\/\/www.hastingsschool.com\/es\/politicas-del-colegio\/","url":"https:\/\/www.hastingsschool.com\/es\/politicas-del-colegio\/","name":"Pol\u00edticas del colegio - Hastings School","isPartOf":{"@id":"https:\/\/www.hastingsschool.com\/es\/#website"},"datePublished":"2021-09-15T14:40:14+00:00","dateModified":"2025-11-11T16:34:47+00:00","description":"Conozce las pol\u00edticas y procedimientos de Hastings School. Todo para garantizar un ambiente de aprendizaje seguro y efectivo.","breadcrumb":{"@id":"https:\/\/www.hastingsschool.com\/es\/politicas-del-colegio\/#breadcrumb"},"inLanguage":"es","potentialAction":[{"@type":"ReadAction","target":["https:\/\/www.hastingsschool.com\/es\/politicas-del-colegio\/"]}]},{"@type":"BreadcrumbList","@id":"https:\/\/www.hastingsschool.com\/es\/politicas-del-colegio\/#breadcrumb","itemListElement":[{"@type":"ListItem","position":1,"name":"Home","item":"https:\/\/www.hastingsschool.com\/es\/quinton-homepage\/"},{"@type":"ListItem","position":2,"name":"Pol\u00edticas del colegio"}]},{"@type":"WebSite","@id":"https:\/\/www.hastingsschool.com\/es\/#website","url":"https:\/\/www.hastingsschool.com\/es\/","name":"Hastings School","description":"Hastings School is an international British school established in Madrid. From 2 to 18. IGCSE, AS and A levels and soon IBDP.","publisher":{"@id":"https:\/\/www.hastingsschool.com\/es\/#organization"},"alternateName":"Hastings School","potentialAction":[{"@type":"SearchAction","target":{"@type":"EntryPoint","urlTemplate":"https:\/\/www.hastingsschool.com\/es\/?s={search_term_string}"},"query-input":{"@type":"PropertyValueSpecification","valueRequired":true,"valueName":"search_term_string"}}],"inLanguage":"es"},{"@type":"Organization","@id":"https:\/\/www.hastingsschool.com\/es\/#organization","name":"Hastings School","url":"https:\/\/www.hastingsschool.com\/es\/","logo":{"@type":"ImageObject","inLanguage":"es","@id":"https:\/\/www.hastingsschool.com\/es\/#\/schema\/logo\/image\/","url":"https:\/\/www.hastingsschool.com\/wp-content\/uploads\/sites\/67\/2024\/05\/Hastings-School-Web-Logo.jpg","contentUrl":"https:\/\/www.hastingsschool.com\/wp-content\/uploads\/sites\/67\/2024\/05\/Hastings-School-Web-Logo.jpg","width":1500,"height":1500,"caption":"Hastings School"},"image":{"@id":"https:\/\/www.hastingsschool.com\/es\/#\/schema\/logo\/image\/"},"sameAs":["https:\/\/www.facebook.com\/HastingsSchool","https:\/\/x.com\/hastings_school","https:\/\/instagram.com\/hastingsschool","https:\/\/www.linkedin.com\/company\/hastings-school-madrid\/"]}]}},"jetpack_sharing_enabled":true,"_links":{"self":[{"href":"https:\/\/www.hastingsschool.com\/es\/wp-json\/wp\/v2\/pages\/10737","targetHints":{"allow":["GET"]}}],"collection":[{"href":"https:\/\/www.hastingsschool.com\/es\/wp-json\/wp\/v2\/pages"}],"about":[{"href":"https:\/\/www.hastingsschool.com\/es\/wp-json\/wp\/v2\/types\/page"}],"author":[{"embeddable":true,"href":"https:\/\/www.hastingsschool.com\/es\/wp-json\/wp\/v2\/users\/390"}],"replies":[{"embeddable":true,"href":"https:\/\/www.hastingsschool.com\/es\/wp-json\/wp\/v2\/comments?post=10737"}],"version-history":[{"count":71,"href":"https:\/\/www.hastingsschool.com\/es\/wp-json\/wp\/v2\/pages\/10737\/revisions"}],"predecessor-version":[{"id":17482,"href":"https:\/\/www.hastingsschool.com\/es\/wp-json\/wp\/v2\/pages\/10737\/revisions\/17482"}],"wp:attachment":[{"href":"https:\/\/www.hastingsschool.com\/es\/wp-json\/wp\/v2\/media?parent=10737"}],"curies":[{"name":"wp","href":"https:\/\/api.w.org\/{rel}","templated":true}]}}