
     {"id":11386,"date":"2021-09-27T16:43:18","date_gmt":"2021-09-27T14:43:18","guid":{"rendered":"https:\/\/www.hastingsschool.com\/?page_id=11386"},"modified":"2026-04-14T12:50:42","modified_gmt":"2026-04-14T10:50:42","slug":"campamento-de-verano-y-semana-santa","status":"publish","type":"page","link":"https:\/\/www.hastingsschool.com\/es\/campamento-de-verano-y-semana-santa\/","title":{"rendered":"Campamentos"},"content":{"rendered":"<div class=\"wpb-content-wrapper\"><p>[vc_row][vc_column]<section  class=\"bg-video-wrap hero section hero--centertext  small-header \" style='background: url(https:\/\/www.hastingsschool.com\/wp-content\/uploads\/sites\/67\/2025\/05\/62960ad7314e8.jpeg) center ;background-size:cover ;'>\n                <div class=\"bg-overlay\" style='background:#000000;opacity:0.4;'><\/div>\n                <div class=\"overlay\" >\n                  <div class=\"container-fluid\">\n                    <div class=\"row\">\n                      <div class=\"col-md-12 col-lg-12\">\n\n                        <div class=\"caption text-start\"><div class=\"component sub-heading\" >\n                              <h1 class=\"display-h1\">Campamentos de Verano<\/h1>\n                            <\/div><\/div>\n                      <\/div>\n                    <\/div>\n                  <\/div>\n                <\/div>\n              <\/section><div class='row  m-x-0 breadcrumb-wrap ' style=''><div class='container-fluid' >\n                <nav aria-label='breadcrumb'><ol class=\"breadcrumb mt-3\">\n                  <li class=\"breadcrumb-item\"><a href=\"https:\/\/www.hastingsschool.com\/es\/\">Home<\/a><\/li>\n                  <li class=\"breadcrumb-item active\" aria-current=\"page\">Campamentos<\/li>\n                <\/ol>\n              <\/nav>\n              <\/div>\n            <\/div>[\/vc_column][\/vc_row][vc_row][vc_column]\n            <div class=\"wrapper\">\n    <section  style='' class=\"section    container-width pb-0   \" ><div class=\"container-fluid\"><div class=\"row\">\n                <div class=\"col-md-12 col-lg-10\">  <div class=\"component title\">\n                                        <p class=\"body-small\">CAMPAMENTO DE VERANO<\/p>\n                                    <\/div><\/div>\n                <\/div><div class=\"row    \"><div class=\" col-lg-6 col-md-6      \" ><div class=\"component mb-1 mt-0  radius-bottom-LR \" style='px'><div class=\"sub-heading component\"><h2  class=\"h6  \">Divi\u00e9rtete mientras aprendes ingl\u00e9s en el centro de Madrid<\/h2><\/div>\n                        <div class=\"sub-heading component \">\n                        <p class=\"body-medium\"><b>Curso de Verano 2026,  entre el 29 de junio y el 23 de julio.<\/b><br \/>\n<br \/>\nNos complace presentar nuestro campamento de verano, una maravillosa oportunidad para que tus hijos disfruten de una combinaci\u00f3n de actividades educativas y tem\u00e1ticas veraniegas durante las vacaciones de junio y julio.<br \/>\n<br \/>\nEl campamento tendr\u00e1 lugar en nuestras instalaciones de Paseo de la Habana y Bendici\u00f3n de Campos, que estar\u00e1n abiertos a ni\u00f1os desde <b>Pre-Nursery hasta Year 6. <\/b><br \/>\n<br \/>\nA lo largo de la semana, los ni\u00f1os participar\u00e1n en actividades y emocionantes excursiones, con actividades especialmente dise\u00f1adas y adaptadas a la edad de cada curso.<br \/>\n<\/p>\n                        <\/div><\/div><div class=\"component link\"><a href=\"https:\/\/forms.office.com\/Pages\/ResponsePage.aspx?id=gtzSBu1vO02SGDfTT7BAW6kYdjh1k51JuRt9N483eBhUNFBYUEtBTzdTSFlQTVZWSUlTMUFBOE5HVCQlQCN0PWcu\" class=\" btn btn-primary btn-primary--border\">Reg\u00edstrate aqu\u00ed<\/a><\/div><div class=\"component link\"><a href=\"https:\/\/app.weduc.co.uk\/get\/external\/p\/id\/0bf273a719516dd32f6f14db30a5cfe84829223002968fa39c07022555a4e6c2.pdf\" class=\" btn btn-primary btn-primary--border\">Folleto<\/a><\/div><\/div>\n                    <div class=\"col-lg-6 col-md-6    \"><div class=\"component single-img \"><div class=\"ratio ratio-1x1 callout-img halfcol--img image_overlay_8487\" style=\"background-image: url(https:\/\/www.hastingsschool.com\/wp-content\/uploads\/sites\/67\/2026\/03\/Hastings-2026-Summer-School-Poster-e1774436280950.png);\"><\/div><\/div> <\/div>\n             <\/div>\n        <\/div>\n<\/section>\n            <\/div>\n            <div class=\"wrapper\">\n    <section  style='' class=\"section    container-width pb-0   \" ><div class=\"container-fluid\"><div class=\"row    \"><div class=\" col-lg-6 col-md-6      \" ><div class=\"component mb-1 mt-0  radius-bottom-LR \" style='px'><div class=\"sub-heading component\"><h2  class=\"h6  \">Disfruta de la m\u00fasica, la creatividad y experiencias inolvidables este verano<\/h2><\/div>\n                        <div class=\"sub-heading component \">\n                        <p class=\"body-medium\"><b>Music Summer Camp 2026, del 29 de junio al 23 de julio<\/b><br \/>\nNos complace presentar nuestro Music Summer Camp, una excelente oportunidad para que los ni\u00f1os desarrollen sus habilidades musicales en un entorno creativo e inspirador durante varias semanas de julio.<br \/>\nEl campamento tendr\u00e1 lugar en nuestro campus de Hastings School y est\u00e1 dirigido a ni\u00f1os de<br \/>\n<b>5 a 11 a\u00f1os.<\/b><br \/>\nA lo largo de la semana, los alumnos participar\u00e1n en sesiones musicales personalizadas, pr\u00e1ctica en grupo y talleres interactivos, con actividades dise\u00f1adas seg\u00fan su edad y adaptadas a su nivel.<br \/>\nGuiados por profesores especializados, los estudiantes explorar\u00e1n instrumentos, mejorar\u00e1n su escucha activa y ganar\u00e1n confianza a trav\u00e9s de experiencias musicales tanto individuales como colaborativas.<\/p>\n                        <\/div><\/div><div class=\"component link\"><a href=\"https:\/\/forms.office.com\/Pages\/ResponsePage.aspx?id=gtzSBu1vO02SGDfTT7BAW6kYdjh1k51JuRt9N483eBhURTlZSklGNkxTSVNVVVZSN1ozMVVGQUI4TiQlQCN0PWcu&origin=QRCode\" class=\" btn btn-primary btn-primary--border\">Reg\u00edstrate aqu\u00ed<\/a><\/div><div class=\"component link\"><a href=\"https:\/\/www.hastingsschool.com\/wp-content\/uploads\/sites\/67\/2026\/04\/Music-Summer-Camp-2025.pdf-2.pdf\" class=\" btn btn-primary btn-primary--border\">Folleto<\/a><\/div><\/div>\n                    <div class=\"col-lg-6 col-md-6    \"><div class=\"component single-img \"><div class=\"ratio ratio-1x1 callout-img halfcol--img image_overlay_3559\" style=\"background-image: url(https:\/\/www.hastingsschool.com\/wp-content\/uploads\/sites\/67\/2026\/04\/Music-Summer-Camp-2025.pdf-Square-Pillow.png);\"><\/div><\/div> <\/div>\n             <\/div>\n        <\/div>\n<\/section>\n            <\/div>[\/vc_column][\/vc_row][vc_row][vc_column]\n            <div class=\"wrapper\">\n    <section  id=\"contact-us\"  style='' class=\"section    container-width    \" ><div class=\"container-fluid\"><div class=\"row\">\n                <div class=\"col-md-12 col-lg-10\">  <div class=\"component title\">\n                                        <p class=\"body-small\">Cont\u00e1ctanos<\/p>\n                                    <\/div><\/div>\n                <\/div><div class=\"row    \"><div class=\" col-lg-6 col-md-6      \" ><div class=\"component link\"><div class=\"ratio ratio-21x9 callout-img halfcol--img image_overlay_1197\" style=\"background-image: url(https:\/\/www.hastingsschool.com\/wp-content\/uploads\/sites\/67\/2026\/04\/20.png);\"><\/div><\/div><\/div>\n                    <div class=\"col-lg-6 col-md-6    \"><div class=\"component mb-1 mt-0  radius-bottom-LR \" style='px'><div class=\"sub-heading component\"><h2  class=\"h6  \">M\u00e1s informaci\u00f3n sobre nuestros divertidos campamentos educativos:<\/h2><\/div><\/div><div class=\"component link\"><a href=\"mailto:verano@hastingsschool.com\" class=\" btn btn-link\">Email: verano@hastingsschool.com<\/a><\/div><div class=\"component link\"><a href=\"tel:+34607997206\" class=\" btn btn-link\">Tel\u00e9fono: +34 607 997 206<\/a><\/div><div class=\"component link\"><a href=\"tel:+34663978938\" class=\" btn btn-link\">Tel\u00e9fono: +34 663 97 89 38<\/a><\/div> <\/div>\n             <\/div>\n        <\/div>\n<\/section>\n            <\/div>[\/vc_column][\/vc_row][vc_row][vc_column]<section class=\"section section--blue bottom-step TopBottomBorder   \" style=\"background-image: url('https:\/\/www.hastingsschool.com\/wp-content\/uploads\/sites\/67\/2022\/03\/primary_students_discovering.jpg');;;\"><style>.bottom-step.section--blue:before {background: rgba(59,102,58,0.75);}<\/style><div class=\"container-fluid\"><div class=\"row\"><div class=\"col-sm-12\"><div class=\"component title\"><p class=\"body-small\">siguientes pasos<\/p><\/div><\/div><\/div><div class=\"row\"><div class=\"col-md-4\"><div class=\"component linkcard \">\n                                <a class=\"card card--bordered\" href=\"\/es\/puertas-abiertas-y-visitas\/\">\n                                    <div class=\"card-body d-flex align-items-center\">\n                                    <div> <div class=\"component link\">\n                                            <div  class=\"btn btn-link simple-link h5\">Puertas abiertas y visitas<\/div>\n                                        <\/div><\/div><\/div><\/a><\/div><\/div><div class=\"col-md-4\"><div class=\"component linkcard \">\n                                <a class=\"card card--bordered\" href=\"\/es\/excelencia-academica\/\">\n                                    <div class=\"card-body d-flex align-items-center\">\n                                    <div> <div class=\"component link\">\n                                            <div  class=\"btn btn-link simple-link h5\">Excelencia Academica<\/div>\n                                        <\/div><\/div><\/div><\/a><\/div><\/div><div class=\"col-md-4\"><div class=\"component linkcard \">\n                                <a class=\"card card--bordered\" href=\"\/es\/instalaciones-ubicacion\/\">\n                                    <div class=\"card-body d-flex align-items-center\">\n                                    <div> <div class=\"component link\">\n                                            <div  class=\"btn btn-link simple-link h5\">Instalaciones y Ubicacion<\/div>\n                                        <\/div><\/div><\/div><\/a><\/div><\/div><\/div><\/section>[\/vc_column][\/vc_row]<\/p>\n<\/div>","protected":false},"excerpt":{"rendered":"<p>[vc_row][vc_column][\/vc_column][\/vc_row][vc_row][vc_column][\/vc_column][\/vc_row][vc_row][vc_column][\/vc_column][\/vc_row][vc_row][vc_column][\/vc_column][\/vc_row]<\/p>\n","protected":false},"author":378,"featured_media":0,"parent":0,"menu_order":0,"comment_status":"closed","ping_status":"closed","template":"","meta":{"_acf_changed":false,"footnotes":""},"class_list":["post-11386","page","type-page","status-publish","hentry"],"acf":[],"yoast_head":"<!-- This site is optimized with the Yoast SEO plugin v26.5 - https:\/\/yoast.com\/wordpress\/plugins\/seo\/ -->\n<title>Campamentos escolares de verano en Madrid - Hastings School<\/title>\n<meta name=\"description\" content=\"Experimenta un verano inolvidable con nuestros campamentos escolares de verano y semana santa en Hastings School. Ofrecemos actividades divertidas.\" \/>\n<meta name=\"robots\" content=\"index, follow, max-snippet:-1, max-image-preview:large, max-video-preview:-1\" \/>\n<link rel=\"canonical\" href=\"https:\/\/www.hastingsschool.com\/es\/campamento-de-verano-y-semana-santa\/\" \/>\n<meta property=\"og:locale\" content=\"es_ES\" \/>\n<meta property=\"og:type\" content=\"article\" \/>\n<meta property=\"og:title\" content=\"Campamentos escolares de verano en Madrid - Hastings School\" \/>\n<meta property=\"og:description\" content=\"Experimenta un verano inolvidable con nuestros campamentos escolares de verano y semana santa en Hastings School. Ofrecemos actividades divertidas.\" \/>\n<meta property=\"og:url\" content=\"https:\/\/www.hastingsschool.com\/es\/campamento-de-verano-y-semana-santa\/\" \/>\n<meta property=\"og:site_name\" content=\"Hastings School\" \/>\n<meta property=\"article:publisher\" content=\"https:\/\/www.facebook.com\/HastingsSchool\" \/>\n<meta property=\"article:modified_time\" content=\"2026-04-14T10:50:42+00:00\" \/>\n<meta property=\"og:image\" content=\"https:\/\/www.hastingsschool.com\/wp-content\/uploads\/sites\/67\/2024\/05\/Hastings-School-Web-Logo.jpg\" \/>\n\t<meta property=\"og:image:width\" content=\"1500\" \/>\n\t<meta property=\"og:image:height\" content=\"1500\" \/>\n\t<meta property=\"og:image:type\" content=\"image\/jpeg\" \/>\n<meta name=\"twitter:card\" content=\"summary_large_image\" \/>\n<meta name=\"twitter:site\" content=\"@hastings_school\" \/>\n<meta name=\"twitter:label1\" content=\"Tiempo de lectura\" \/>\n\t<meta name=\"twitter:data1\" content=\"1 minuto\" \/>\n<!-- \/ Yoast SEO plugin. -->","yoast_head_json":{"title":"Campamentos escolares de verano en Madrid - Hastings School","description":"Experimenta un verano inolvidable con nuestros campamentos escolares de verano y semana santa en Hastings School. Ofrecemos actividades divertidas.","robots":{"index":"index","follow":"follow","max-snippet":"max-snippet:-1","max-image-preview":"max-image-preview:large","max-video-preview":"max-video-preview:-1"},"canonical":"https:\/\/www.hastingsschool.com\/es\/campamento-de-verano-y-semana-santa\/","og_locale":"es_ES","og_type":"article","og_title":"Campamentos escolares de verano en Madrid - Hastings School","og_description":"Experimenta un verano inolvidable con nuestros campamentos escolares de verano y semana santa en Hastings School. Ofrecemos actividades divertidas.","og_url":"https:\/\/www.hastingsschool.com\/es\/campamento-de-verano-y-semana-santa\/","og_site_name":"Hastings School","article_publisher":"https:\/\/www.facebook.com\/HastingsSchool","article_modified_time":"2026-04-14T10:50:42+00:00","og_image":[{"width":1500,"height":1500,"url":"https:\/\/www.hastingsschool.com\/wp-content\/uploads\/sites\/67\/2024\/05\/Hastings-School-Web-Logo.jpg","type":"image\/jpeg"}],"twitter_card":"summary_large_image","twitter_site":"@hastings_school","twitter_misc":{"Tiempo de lectura":"1 minuto"},"schema":{"@context":"https:\/\/schema.org","@graph":[{"@type":"WebPage","@id":"https:\/\/www.hastingsschool.com\/es\/campamento-de-verano-y-semana-santa\/","url":"https:\/\/www.hastingsschool.com\/es\/campamento-de-verano-y-semana-santa\/","name":"Campamentos escolares de verano en Madrid - Hastings School","isPartOf":{"@id":"https:\/\/www.hastingsschool.com\/es\/#website"},"datePublished":"2021-09-27T14:43:18+00:00","dateModified":"2026-04-14T10:50:42+00:00","description":"Experimenta un verano inolvidable con nuestros campamentos escolares de verano y semana santa en Hastings School. Ofrecemos actividades divertidas.","breadcrumb":{"@id":"https:\/\/www.hastingsschool.com\/es\/campamento-de-verano-y-semana-santa\/#breadcrumb"},"inLanguage":"es","potentialAction":[{"@type":"ReadAction","target":["https:\/\/www.hastingsschool.com\/es\/campamento-de-verano-y-semana-santa\/"]}]},{"@type":"BreadcrumbList","@id":"https:\/\/www.hastingsschool.com\/es\/campamento-de-verano-y-semana-santa\/#breadcrumb","itemListElement":[{"@type":"ListItem","position":1,"name":"Home","item":"https:\/\/www.hastingsschool.com\/es\/quinton-homepage\/"},{"@type":"ListItem","position":2,"name":"Campamentos"}]},{"@type":"WebSite","@id":"https:\/\/www.hastingsschool.com\/es\/#website","url":"https:\/\/www.hastingsschool.com\/es\/","name":"Hastings School","description":"Hastings School is an international British school established in Madrid. From 2 to 18. IGCSE, AS and A levels and soon IBDP.","publisher":{"@id":"https:\/\/www.hastingsschool.com\/es\/#organization"},"alternateName":"Hastings School","potentialAction":[{"@type":"SearchAction","target":{"@type":"EntryPoint","urlTemplate":"https:\/\/www.hastingsschool.com\/es\/?s={search_term_string}"},"query-input":{"@type":"PropertyValueSpecification","valueRequired":true,"valueName":"search_term_string"}}],"inLanguage":"es"},{"@type":"Organization","@id":"https:\/\/www.hastingsschool.com\/es\/#organization","name":"Hastings School","url":"https:\/\/www.hastingsschool.com\/es\/","logo":{"@type":"ImageObject","inLanguage":"es","@id":"https:\/\/www.hastingsschool.com\/es\/#\/schema\/logo\/image\/","url":"https:\/\/www.hastingsschool.com\/wp-content\/uploads\/sites\/67\/2024\/05\/Hastings-School-Web-Logo.jpg","contentUrl":"https:\/\/www.hastingsschool.com\/wp-content\/uploads\/sites\/67\/2024\/05\/Hastings-School-Web-Logo.jpg","width":1500,"height":1500,"caption":"Hastings School"},"image":{"@id":"https:\/\/www.hastingsschool.com\/es\/#\/schema\/logo\/image\/"},"sameAs":["https:\/\/www.facebook.com\/HastingsSchool","https:\/\/x.com\/hastings_school","https:\/\/instagram.com\/hastingsschool","https:\/\/www.linkedin.com\/company\/hastings-school-madrid\/"]}]}},"jetpack_sharing_enabled":true,"_links":{"self":[{"href":"https:\/\/www.hastingsschool.com\/es\/wp-json\/wp\/v2\/pages\/11386","targetHints":{"allow":["GET"]}}],"collection":[{"href":"https:\/\/www.hastingsschool.com\/es\/wp-json\/wp\/v2\/pages"}],"about":[{"href":"https:\/\/www.hastingsschool.com\/es\/wp-json\/wp\/v2\/types\/page"}],"author":[{"embeddable":true,"href":"https:\/\/www.hastingsschool.com\/es\/wp-json\/wp\/v2\/users\/378"}],"replies":[{"embeddable":true,"href":"https:\/\/www.hastingsschool.com\/es\/wp-json\/wp\/v2\/comments?post=11386"}],"version-history":[{"count":61,"href":"https:\/\/www.hastingsschool.com\/es\/wp-json\/wp\/v2\/pages\/11386\/revisions"}],"predecessor-version":[{"id":17321,"href":"https:\/\/www.hastingsschool.com\/es\/wp-json\/wp\/v2\/pages\/11386\/revisions\/17321"}],"wp:attachment":[{"href":"https:\/\/www.hastingsschool.com\/es\/wp-json\/wp\/v2\/media?parent=11386"}],"curies":[{"name":"wp","href":"https:\/\/api.w.org\/{rel}","templated":true}]}}