
     {"id":13041,"date":"2023-05-17T16:22:30","date_gmt":"2023-05-17T14:22:30","guid":{"rendered":"https:\/\/www.hastingsschool.com\/?page_id=13041"},"modified":"2025-10-01T17:17:59","modified_gmt":"2025-10-01T15:17:59","slug":"campus-azulinas","status":"publish","type":"page","link":"https:\/\/www.hastingsschool.com\/es\/instalaciones-ubicacion\/campus-azulinas\/","title":{"rendered":"Campus Azulinas"},"content":{"rendered":"<div class=\"wpb-content-wrapper\"><p>[vc_row][vc_column]<section  class=\"bg-video-wrap hero section hero--centertext   \" style='background: url(https:\/\/www.hastingsschool.com\/wp-content\/uploads\/sites\/67\/2023\/05\/GS_6974.jpg) center ;background-size:cover ;'>\n                <div class=\"bg-overlay\" style='background:#000000;opacity:0.4;'><\/div>\n                <div class=\"overlay\" >\n                  <div class=\"container-fluid\">\n                    <div class=\"row\">\n                      <div class=\"col-md-12 col-lg-12\">\n\n                        <div class=\"caption text-start\"><div class=\"component sub-heading\" >\n                              <h1 class=\"display-h1\">Azulinas Campus<\/h1>\n                            <\/div><\/div>\n                      <\/div>\n                    <\/div>\n                  <\/div>\n                <\/div>\n              <\/section><div class='row  m-x-0 breadcrumb-wrap ' style=''><div class='container-fluid' >\n                <nav aria-label='breadcrumb'><ol class=\"breadcrumb mt-3\">\n                  <li class=\"breadcrumb-item\"><a href=\"https:\/\/www.hastingsschool.com\/es\/\">Home<\/a><\/li>\n                  <li class=\"breadcrumb-item active\" aria-current=\"page\"><a href=\"https:\/\/www.hastingsschool.com\/es\/instalaciones-ubicacion\/\">Instalaciones y Ubicaci\u00f3n<\/a><\/li>\n                  <li class=\"breadcrumb-item active\" aria-current=\"page\">Campus Azulinas<\/li>\n                <\/ol>\n              <\/nav>\n              <\/div>\n            <\/div>\n            <div class=\"wrapper\">\n    <section  style='' class=\"section    container-width    \" ><div class=\"container-fluid\"><div class=\"row    \"><div class=\" col-lg-6 col-md-6      \" ><div class=\"component mb-1 mt-0  radius-bottom-LR \" style='px'><div class=\"sub-heading component\"><h2  class=\"h6  \">La \u00faltima etapa de Primaria - 9 a 11 a\u00f1os<\/h2><\/div>\n                        <div class=\"sub-heading component \">\n                        <p class=\"body-medium\">Este es el \u00faltimo campus para nuestros alumnos de Primaria. <br \/>\n<br \/>\nNuestro colegio en Azulinas, Chamart\u00edn mantiene el enfoque personalizado y, de nuevo, est\u00e1 bien equipado con un aula exterior en la azotea, biblioteca, cocina, comedor y espacio polivalente (gimnasio cubierto, asambleas, m\u00fasica y teatro).<br \/>\n<br \/>\nLas clases de educaci\u00f3n f\u00edsica se imparten en unas instalaciones deportivas alquiladas que se encuentran a 200 m de las puertas de la escuela.<br \/>\n<\/p>\n                        <\/div><\/div><div class=\"component link\"><a href=\"\/book-an-open-day\/\" class=\" btn btn-primary btn-primary--border\">Reserva una jornada de puertas abiertas<\/a><\/div><div class=\"component link\"><a href=\"\/book-a-private-tour\/\" class=\" btn btn-primary btn-primary--border\">Reserva un tour privado<\/a><\/div><\/div>\n                    <div class=\"col-lg-6 col-md-6    \"><div class=\"component single-img \"><div class=\"ratio ratio-4x3 callout-img halfcol--img image_overlay_7448\" style=\"background-image: url(https:\/\/www.hastingsschool.com\/wp-content\/uploads\/sites\/67\/2023\/05\/SH_1588.jpg);\"><\/div><\/div> <\/div>\n             <\/div>\n        <\/div>\n<\/section>\n            <\/div>\n            <div class=\"wrapper\">\n    <section  style='' class=\"section    container-width    \" ><div class=\"container-fluid\"><div class=\"row\">\n                <div class=\"col-md-12 col-lg-10\">  <div class=\"component title\">\n                                        <p class=\"body-small\">Ubicaci\u00f3n<\/p>\n                                    <\/div><\/div>\n                <\/div><div class=\"row    \"><div class=\" col-lg-6 col-md-6      \" ><div class=\"component  mt-0  radius-bottom-LR \" style='px'><div class=\"sub-heading component\"><h2  class=\"h6  \">Campus Azulinas<\/h2><\/div>\n                        <div class=\"sub-heading component \">\n                        <p class=\"body-medium\"><b>Primaria<\/b><br \/>\nAzulinas, 8 <br \/>\n28036 <br \/>\nMadrid, Spain<br \/>\n<\/p>\n                        <\/div><\/div><div class=\"component   radius-bottom-LR \" style='px'>\n                        <div class=\"sub-heading component \">\n                        <p class=\"body-medium\"><b>Contacto edificio<\/b><br \/>\n<a href=\"tel:+34910107060\">+34 91 010 70 60<\/a><br \/>\n<a href=\"mailto:azulinas.secretary@hastingsschool.com\">azulinas.secretary@hastingsschool.com<\/a><br \/>\n<\/p>\n                        <\/div><\/div><div class=\"component mb-1  radius-bottom-LR \" style='px'>\n                        <div class=\"sub-heading component \">\n                        <p class=\"body-medium\"><b>Contacto Admisiones<\/b><br \/>\n<a href=\"tel:+34918252152\">+34 91 825 21 52<\/a><br \/>\n<a href=\"mailto:admissions@hastingsschool.com\">admissions@hastingsschool.com<\/a><br \/>\n<\/p>\n                        <\/div><\/div><style>.button_style_9170{ color:#3b663a!important; }<\/style><div class=\"component link\"><a href=\"https:\/\/www.hastingsschool.com\/wp-content\/uploads\/sites\/67\/2024\/07\/CARTEL-MADRID-COGNITA-HASTINGS-HOLDINGS-S.AU-AZULINAS.pdf\" class=\"button_style_9170 btn btn-primary btn-primary--border\">Instalaci\u00f3n fotovoltaica de autoconsumo<\/a><\/div><\/div>\n                    <div class=\"col-lg-6 col-md-6    \"><div class=\"component single-img \"><a href=\"https:\/\/www.google.com\/maps\/place\/Hastings+School+-+Azulinas+(Primary)\/@40.4641236,-3.6861146,17z\/data=!4m12!1m6!3m5!1s0xd4229181f0aff23:0xdd2544a094e7e67a!2sHastings+School+-+Azulinas+(Primary)!8m2!3d40.4641236!4d-3.6839259!3m4!1s0xd4229181f0aff23:0xdd2544a094e7e67a!8m2!3d40.4641236!4d-3.6839259\"target=\"_blank\"><div class=\"ratio ratio-4x3 callout-img halfcol--img image_overlay_7828\" style=\"background-image: url(https:\/\/www.hastingsschool.com\/wp-content\/uploads\/sites\/67\/2022\/03\/Azulinas-\u2013-Primary.jpg);\"><\/div><\/a><\/div> <\/div>\n             <\/div>\n        <\/div>\n<\/section>\n            <\/div><div class=\"wrapper \" ><section  class=\"section container-width primary-color  section--blue \" style='background-color:#557758;'>\n    <div class=\"container-fluid \">\n        <div class=\"row m-0 centerText\">\n            \n<div class=\"col-sm-12 col-md-12 col-lg-10 col-xl-8 mx-auto\">       <div class=\"component\">\n                    <div class=\"h5\">Conoce m\u00e1s sobre el Curr\u00edculum Brit\u00e1nico y cada etapa educativa:\n                    <\/div>\n                <\/div>     <\/div><div class=\"col-sm-12 col-md-7 col-lg-6 col-xl-5 mx-auto\">        <div class=\"component link\"><\/div>\n            <\/div>\n        <\/div>\n    <\/div>\n<\/section><section class=\"section cards--section pt-0 container-width  section--blue \" style='background-color:#557758;margin-bottom:40px;'>\n                <div class=\"container-fluid \">\n                    <div class=\"row m-0\"><div class=\"col-sm-12 col-md-6 col-lg-6\">\n                            <div class=\"card horizontal--card horizontal--card-sm img--100 mb-3\">\n                                <div class=\"row m-0 g-0\">                         <div class=\"col-5 col-md-5 col-lg-5\">\n                                    <div class=\"thumbnail_img_overlay_3248\"> <img decoding=\"async\" src=\"https:\/\/www.hastingsschool.com\/wp-content\/uploads\/sites\/67\/2023\/02\/SH_8846.jpg\" class=\"img-fluid rounded-start\" alt=\"...\"><\/div>\n                                  <\/div>                        <div class=\"col-7 col-md-7 col-lg-7\">\n                                    <div class=\"card-body\">\n                                        <div class=\"component\">\n                                           <a href=\"\/early-years\/\" class=\"body-large-bold\" >Early Years <\/a>\n                                        <\/div>\n                                        <div class=\"component m-0\"><p class=\"p\">2 - 5 yrs old<\/p><\/div>                              <div class=\"modal-overlay sm--modal link\" >\n                                            <a href=\"\/early-years\/\" class=\"btn btn-link\"   aria-label=\"Read More\"><\/a>\n                                        <\/div>                           <\/div>\n                                  <\/div>\n                                <\/div>\n                            <\/div>\n                        <\/div><div class=\"col-sm-12 col-md-6 col-lg-6\">\n                            <div class=\"card horizontal--card horizontal--card-sm img--100 mb-3\">\n                                <div class=\"row m-0 g-0\">                         <div class=\"col-5 col-md-5 col-lg-5\">\n                                    <div class=\"thumbnail_img_overlay_6964\"> <img decoding=\"async\" src=\"https:\/\/www.hastingsschool.com\/wp-content\/uploads\/sites\/67\/2023\/02\/SH_0443.jpg\" class=\"img-fluid rounded-start\" alt=\"...\"><\/div>\n                                  <\/div>                        <div class=\"col-7 col-md-7 col-lg-7\">\n                                    <div class=\"card-body\">\n                                        <div class=\"component\">\n                                           <a href=\"\/primary\/\" class=\"body-large-bold\" >Primary<\/a>\n                                        <\/div>\n                                        <div class=\"component m-0\"><p class=\"p\">5 - 11 yrs old<\/p><\/div>                              <div class=\"modal-overlay sm--modal link\" >\n                                            <a href=\"\/primary\/\" class=\"btn btn-link\"   aria-label=\"Read More\"><\/a>\n                                        <\/div>                           <\/div>\n                                  <\/div>\n                                <\/div>\n                            <\/div>\n                        <\/div><div class=\"col-sm-12 col-md-6 col-lg-6\">\n                            <div class=\"card horizontal--card horizontal--card-sm img--100 mb-3\">\n                                <div class=\"row m-0 g-0\">                         <div class=\"col-5 col-md-5 col-lg-5\">\n                                    <div class=\"thumbnail_img_overlay_3807\"> <img decoding=\"async\" src=\"https:\/\/www.hastingsschool.com\/wp-content\/uploads\/sites\/67\/2023\/02\/SH_4599.jpg\" class=\"img-fluid rounded-start\" alt=\"...\"><\/div>\n                                  <\/div>                        <div class=\"col-7 col-md-7 col-lg-7\">\n                                    <div class=\"card-body\">\n                                        <div class=\"component\">\n                                           <a href=\"\/secondary\/\" class=\"body-large-bold\" >Secondary<\/a>\n                                        <\/div>\n                                        <div class=\"component m-0\"><p class=\"p\">11 - 15 yrs old<\/p><\/div>                              <div class=\"modal-overlay sm--modal link\" >\n                                            <a href=\"\/secondary\/\" class=\"btn btn-link\"   aria-label=\"Read More\"><\/a>\n                                        <\/div>                           <\/div>\n                                  <\/div>\n                                <\/div>\n                            <\/div>\n                        <\/div><div class=\"col-sm-12 col-md-6 col-lg-6\">\n                            <div class=\"card horizontal--card horizontal--card-sm img--100 mb-3\">\n                                <div class=\"row m-0 g-0\">                         <div class=\"col-5 col-md-5 col-lg-5\">\n                                    <div class=\"thumbnail_img_overlay_6022\"> <img decoding=\"async\" src=\"https:\/\/www.hastingsschool.com\/wp-content\/uploads\/sites\/67\/2022\/11\/SH_5168.jpg\" class=\"img-fluid rounded-start\" alt=\"...\"><\/div>\n                                  <\/div>                        <div class=\"col-7 col-md-7 col-lg-7\">\n                                    <div class=\"card-body\">\n                                        <div class=\"component\">\n                                           <a href=\"\/pre-university\/\" class=\"body-large-bold\" >Pre-Univeristy<\/a>\n                                        <\/div>\n                                        <div class=\"component m-0\"><p class=\"p\">15 - 18 yrs old<\/p><\/div>                              <div class=\"modal-overlay sm--modal link\" >\n                                            <a href=\"\/pre-university\/\" class=\"btn btn-link\"   aria-label=\"Read More\"><\/a>\n                                        <\/div>                           <\/div>\n                                  <\/div>\n                                <\/div>\n                            <\/div>\n                        <\/div>          <\/div>\n                <\/div>\n            <\/section><\/div>[\/vc_column][\/vc_row][vc_row][vc_column]<section class=\"section section--blue bottom-step TopBottomBorder   \" style=\"background-image: url('https:\/\/www.hastingsschool.com\/wp-content\/uploads\/sites\/67\/2022\/03\/primary_students_discovering.jpg');;;\"><style>.bottom-step.section--blue:before {background: rgba(59,102,58,0.75);}<\/style><div class=\"container-fluid\"><div class=\"row\"><div class=\"col-sm-12\"><div class=\"component title\"><p class=\"body-small\">Next steps<\/p><\/div><\/div><\/div><div class=\"row\"><div class=\"col-md-4\"><div class=\"component linkcard \">\n                                <a class=\"card card--bordered\" href=\"\/open-days-and-visits\/\">\n                                    <div class=\"card-body d-flex align-items-center\">\n                                    <div> <div class=\"component link\">\n                                            <div  class=\"btn btn-link simple-link h5\">Open Days & Visits<\/div>\n                                        <\/div><\/div><\/div><\/a><\/div><\/div><div class=\"col-md-4\"><div class=\"component linkcard \">\n                                <a class=\"card card--bordered\" href=\"\/academic-excellence\/\">\n                                    <div class=\"card-body d-flex align-items-center\">\n                                    <div> <div class=\"component link\">\n                                            <div  class=\"btn btn-link simple-link h5\">Academic Excellence<\/div>\n                                        <\/div><\/div><\/div><\/a><\/div><\/div><div class=\"col-md-4\"><div class=\"component linkcard \">\n                                <a class=\"card card--bordered\" href=\"\/facilities-location\/\">\n                                    <div class=\"card-body d-flex align-items-center\">\n                                    <div> <div class=\"component link\">\n                                            <div  class=\"btn btn-link simple-link h5\">Facilities & Location<\/div>\n                                        <\/div><\/div><\/div><\/a><\/div><\/div><\/div><\/section>[\/vc_column][\/vc_row]<\/p>\n<\/div>","protected":false},"excerpt":{"rendered":"<p>[vc_row][vc_column][\/vc_column][\/vc_row][vc_row][vc_column][\/vc_column][\/vc_row]<\/p>\n","protected":false},"author":378,"featured_media":0,"parent":8817,"menu_order":0,"comment_status":"closed","ping_status":"closed","template":"","meta":{"_acf_changed":false,"footnotes":""},"class_list":["post-13041","page","type-page","status-publish","hentry"],"acf":[],"yoast_head":"<!-- This site is optimized with the Yoast SEO plugin v26.5 - https:\/\/yoast.com\/wordpress\/plugins\/seo\/ -->\n<title>Colegio en Azulinas, Chamartin, Madrid - Hastings School<\/title>\n<meta name=\"description\" content=\"Colegio brit\u00e1nico en Azulinas, Madrid. Educaci\u00f3n Primaria con ense\u00f1anza en ingl\u00e9s, atenci\u00f3n personalizada y entorno internacional\" \/>\n<meta name=\"robots\" content=\"index, follow, max-snippet:-1, max-image-preview:large, max-video-preview:-1\" \/>\n<link rel=\"canonical\" href=\"https:\/\/www.hastingsschool.com\/es\/instalaciones-ubicacion\/campus-azulinas\/\" \/>\n<meta property=\"og:locale\" content=\"es_ES\" \/>\n<meta property=\"og:type\" content=\"article\" \/>\n<meta property=\"og:title\" content=\"Colegio en Azulinas, Chamartin, Madrid - Hastings School\" \/>\n<meta property=\"og:description\" content=\"Colegio brit\u00e1nico en Azulinas, Madrid. Educaci\u00f3n Primaria con ense\u00f1anza en ingl\u00e9s, atenci\u00f3n personalizada y entorno internacional\" \/>\n<meta property=\"og:url\" content=\"https:\/\/www.hastingsschool.com\/es\/instalaciones-ubicacion\/campus-azulinas\/\" \/>\n<meta property=\"og:site_name\" content=\"Hastings School\" \/>\n<meta property=\"article:publisher\" content=\"https:\/\/www.facebook.com\/HastingsSchool\" \/>\n<meta property=\"article:modified_time\" content=\"2025-10-01T15:17:59+00:00\" \/>\n<meta property=\"og:image\" content=\"https:\/\/www.hastingsschool.com\/wp-content\/uploads\/sites\/67\/2024\/05\/Hastings-School-Web-Logo.jpg\" \/>\n\t<meta property=\"og:image:width\" content=\"1500\" \/>\n\t<meta property=\"og:image:height\" content=\"1500\" \/>\n\t<meta property=\"og:image:type\" content=\"image\/jpeg\" \/>\n<meta name=\"twitter:card\" content=\"summary_large_image\" \/>\n<meta name=\"twitter:site\" content=\"@hastings_school\" \/>\n<meta name=\"twitter:label1\" content=\"Tiempo de lectura\" \/>\n\t<meta name=\"twitter:data1\" content=\"1 minuto\" \/>\n<!-- \/ Yoast SEO plugin. -->","yoast_head_json":{"title":"Colegio en Azulinas, Chamartin, Madrid - Hastings School","description":"Colegio brit\u00e1nico en Azulinas, Madrid. Educaci\u00f3n Primaria con ense\u00f1anza en ingl\u00e9s, atenci\u00f3n personalizada y entorno internacional","robots":{"index":"index","follow":"follow","max-snippet":"max-snippet:-1","max-image-preview":"max-image-preview:large","max-video-preview":"max-video-preview:-1"},"canonical":"https:\/\/www.hastingsschool.com\/es\/instalaciones-ubicacion\/campus-azulinas\/","og_locale":"es_ES","og_type":"article","og_title":"Colegio en Azulinas, Chamartin, Madrid - Hastings School","og_description":"Colegio brit\u00e1nico en Azulinas, Madrid. Educaci\u00f3n Primaria con ense\u00f1anza en ingl\u00e9s, atenci\u00f3n personalizada y entorno internacional","og_url":"https:\/\/www.hastingsschool.com\/es\/instalaciones-ubicacion\/campus-azulinas\/","og_site_name":"Hastings School","article_publisher":"https:\/\/www.facebook.com\/HastingsSchool","article_modified_time":"2025-10-01T15:17:59+00:00","og_image":[{"width":1500,"height":1500,"url":"https:\/\/www.hastingsschool.com\/wp-content\/uploads\/sites\/67\/2024\/05\/Hastings-School-Web-Logo.jpg","type":"image\/jpeg"}],"twitter_card":"summary_large_image","twitter_site":"@hastings_school","twitter_misc":{"Tiempo de lectura":"1 minuto"},"schema":{"@context":"https:\/\/schema.org","@graph":[{"@type":"WebPage","@id":"https:\/\/www.hastingsschool.com\/es\/instalaciones-ubicacion\/campus-azulinas\/","url":"https:\/\/www.hastingsschool.com\/es\/instalaciones-ubicacion\/campus-azulinas\/","name":"Colegio en Azulinas, Chamartin, Madrid - Hastings School","isPartOf":{"@id":"https:\/\/www.hastingsschool.com\/es\/#website"},"datePublished":"2023-05-17T14:22:30+00:00","dateModified":"2025-10-01T15:17:59+00:00","description":"Colegio brit\u00e1nico en Azulinas, Madrid. Educaci\u00f3n Primaria con ense\u00f1anza en ingl\u00e9s, atenci\u00f3n personalizada y entorno internacional","breadcrumb":{"@id":"https:\/\/www.hastingsschool.com\/es\/instalaciones-ubicacion\/campus-azulinas\/#breadcrumb"},"inLanguage":"es","potentialAction":[{"@type":"ReadAction","target":["https:\/\/www.hastingsschool.com\/es\/instalaciones-ubicacion\/campus-azulinas\/"]}]},{"@type":"BreadcrumbList","@id":"https:\/\/www.hastingsschool.com\/es\/instalaciones-ubicacion\/campus-azulinas\/#breadcrumb","itemListElement":[{"@type":"ListItem","position":1,"name":"Home","item":"https:\/\/www.hastingsschool.com\/es\/quinton-homepage\/"},{"@type":"ListItem","position":2,"name":"Instalaciones y Ubicaci\u00f3n","item":"https:\/\/www.hastingsschool.com\/es\/instalaciones-ubicacion\/"},{"@type":"ListItem","position":3,"name":"Campus Azulinas"}]},{"@type":"WebSite","@id":"https:\/\/www.hastingsschool.com\/es\/#website","url":"https:\/\/www.hastingsschool.com\/es\/","name":"Hastings School","description":"Hastings School is an international British school established in Madrid. From 2 to 18. IGCSE, AS and A levels and soon IBDP.","publisher":{"@id":"https:\/\/www.hastingsschool.com\/es\/#organization"},"alternateName":"Hastings School","potentialAction":[{"@type":"SearchAction","target":{"@type":"EntryPoint","urlTemplate":"https:\/\/www.hastingsschool.com\/es\/?s={search_term_string}"},"query-input":{"@type":"PropertyValueSpecification","valueRequired":true,"valueName":"search_term_string"}}],"inLanguage":"es"},{"@type":"Organization","@id":"https:\/\/www.hastingsschool.com\/es\/#organization","name":"Hastings School","url":"https:\/\/www.hastingsschool.com\/es\/","logo":{"@type":"ImageObject","inLanguage":"es","@id":"https:\/\/www.hastingsschool.com\/es\/#\/schema\/logo\/image\/","url":"https:\/\/www.hastingsschool.com\/wp-content\/uploads\/sites\/67\/2024\/05\/Hastings-School-Web-Logo.jpg","contentUrl":"https:\/\/www.hastingsschool.com\/wp-content\/uploads\/sites\/67\/2024\/05\/Hastings-School-Web-Logo.jpg","width":1500,"height":1500,"caption":"Hastings School"},"image":{"@id":"https:\/\/www.hastingsschool.com\/es\/#\/schema\/logo\/image\/"},"sameAs":["https:\/\/www.facebook.com\/HastingsSchool","https:\/\/x.com\/hastings_school","https:\/\/instagram.com\/hastingsschool","https:\/\/www.linkedin.com\/company\/hastings-school-madrid\/"]}]}},"jetpack_sharing_enabled":true,"_links":{"self":[{"href":"https:\/\/www.hastingsschool.com\/es\/wp-json\/wp\/v2\/pages\/13041","targetHints":{"allow":["GET"]}}],"collection":[{"href":"https:\/\/www.hastingsschool.com\/es\/wp-json\/wp\/v2\/pages"}],"about":[{"href":"https:\/\/www.hastingsschool.com\/es\/wp-json\/wp\/v2\/types\/page"}],"author":[{"embeddable":true,"href":"https:\/\/www.hastingsschool.com\/es\/wp-json\/wp\/v2\/users\/378"}],"replies":[{"embeddable":true,"href":"https:\/\/www.hastingsschool.com\/es\/wp-json\/wp\/v2\/comments?post=13041"}],"version-history":[{"count":11,"href":"https:\/\/www.hastingsschool.com\/es\/wp-json\/wp\/v2\/pages\/13041\/revisions"}],"predecessor-version":[{"id":17273,"href":"https:\/\/www.hastingsschool.com\/es\/wp-json\/wp\/v2\/pages\/13041\/revisions\/17273"}],"up":[{"embeddable":true,"href":"https:\/\/www.hastingsschool.com\/es\/wp-json\/wp\/v2\/pages\/8817"}],"wp:attachment":[{"href":"https:\/\/www.hastingsschool.com\/es\/wp-json\/wp\/v2\/media?parent=13041"}],"curies":[{"name":"wp","href":"https:\/\/api.w.org\/{rel}","templated":true}]}}