
     {"id":13051,"date":"2023-05-18T13:47:57","date_gmt":"2023-05-18T11:47:57","guid":{"rendered":"https:\/\/www.hastingsschool.com\/?page_id=13051"},"modified":"2025-10-02T10:19:35","modified_gmt":"2025-10-02T08:19:35","slug":"sobradiel-campus","status":"publish","type":"page","link":"https:\/\/www.hastingsschool.com\/es\/instalaciones-ubicacion\/sobradiel-campus\/","title":{"rendered":"Sobradiel Campus"},"content":{"rendered":"<div class=\"wpb-content-wrapper\"><p>[vc_row][vc_column]<section  class=\"bg-video-wrap hero section hero--centertext   \" style='background: url(https:\/\/www.hastingsschool.com\/wp-content\/uploads\/sites\/67\/2023\/05\/Hastings-Sobradiel-40.jpg) center ;background-size:cover ;'>\n                <div class=\"bg-overlay\" style='background:#000000;opacity:0.4;'><\/div>\n                <div class=\"overlay\" >\n                  <div class=\"container-fluid\">\n                    <div class=\"row\">\n                      <div class=\"col-md-12 col-lg-12\">\n\n                        <div class=\"caption text-start\"><div class=\"component sub-heading\" >\n                              <h1 class=\"display-h1\">Campus Sobradiel en Hortaleza<\/h1>\n                            <\/div><\/div>\n                      <\/div>\n                    <\/div>\n                  <\/div>\n                <\/div>\n              <\/section><div class='row  m-x-0 breadcrumb-wrap ' style=''><div class='container-fluid' >\n                <nav aria-label='breadcrumb'><ol class=\"breadcrumb mt-3\">\n                  <li class=\"breadcrumb-item\"><a href=\"https:\/\/www.hastingsschool.com\/es\/\">Home<\/a><\/li>\n                  <li class=\"breadcrumb-item active\" aria-current=\"page\"><a href=\"https:\/\/www.hastingsschool.com\/es\/instalaciones-ubicacion\/\">Instalaciones y Ubicaci\u00f3n<\/a><\/li>\n                  <li class=\"breadcrumb-item active\" aria-current=\"page\">Sobradiel Campus<\/li>\n                <\/ol>\n              <\/nav>\n              <\/div>\n            <\/div>\n            <div class=\"wrapper\">\n    <section  style='' class=\"section    container-width    \" ><div class=\"container-fluid\"><div class=\"row    \"><div class=\" col-lg-6 col-md-6      \" ><div class=\"component mb-1 mt-0  radius-bottom-LR \" style='px'><div class=\"sub-heading component\"><h2  class=\"h6  \">Incre\u00edbles espacios al aire libre de 2 a 11 a\u00f1os<\/h2><\/div>\n                        <div class=\"sub-heading component \">\n                        <p class=\"body-medium\">En 2021, reformamos y ampliamos nuestro campus de Sobradiel en el distrito de Hortaleza para crear un espacio de ense\u00f1anza y aprendizaje inspirador para nuestros alumnos de Educaci\u00f3n Infantil y Primaria.<br \/>\n<br \/>\nTodo el campus est\u00e1 dise\u00f1ado para garantizar un entorno de trabajo y aprendizaje inmejorable, con espacios adaptados y creados para fomentar la curiosidad, la creatividad y la innovaci\u00f3n de los ni\u00f1os. <br \/>\nCuenta con clases al aire libre, biblioteca, aula de m\u00fasica, espacio polivalente, cocina y comedor.<br \/>\n<\/p>\n                        <\/div><\/div><div class=\"component link\"><a href=\"\/book-an-open-day\/\" class=\" btn btn-primary btn-primary--border\">Reserva un Open Day<\/a><\/div><div class=\"component link\"><a href=\"\/book-a-private-tour\/\" class=\" btn btn-primary btn-primary--border\">Reserva un tour privado<\/a><\/div><\/div>\n                    <div class=\"col-lg-6 col-md-6    \"><div class=\"component single-img \"><div class=\"ratio ratio-4x3 callout-img halfcol--img image_overlay_8843\" style=\"background-image: url(https:\/\/www.hastingsschool.com\/wp-content\/uploads\/sites\/67\/2023\/05\/SH_3899.jpg);\"><\/div><\/div> <\/div>\n             <\/div>\n        <\/div>\n<\/section>\n            <\/div>\n    <section  style='background-color:#3b663a;' class=\"section   section--blue     \" ><div class=\"container-fluid\"><div class=\"row    \"><div class=\" col-lg-6 col-md-6      \" ><div class=\"component link\"><div class=\"ratio ratio-4x3 callout-img halfcol--img image_overlay_9399\" style=\"background-image: url(https:\/\/www.hastingsschool.com\/wp-content\/uploads\/sites\/67\/2023\/05\/SH_9532.jpg);\"><\/div><\/div><\/div>\n                    <div class=\"col-lg-6 col-md-6    \"><div class=\"component mb-1 mt-0  radius-bottom-LR \" style='px'><div class=\"sub-heading component\"><h2  class=\"h6  \">\u00bfPor qu\u00e9 es tan importante empezar en Early Years en Hastings School?<\/h2><\/div>\n                        <div class=\"sub-heading component \">\n                        <p class=\"body-medium\">Creemos que para conseguir los mejores resultados, se necesita el mejor comienzo. En Hastings, los estudiantes disponen de un entorno de ingl\u00e9s totalmente inmersivo para alcanzar un nivel nativo. Nuestro colegio en Hortaleza, Madrid, ofrece a las familias un espacio cercano e internacional donde los m\u00e1s peque\u00f1os pueden desarrollarse de manera integral mientras aprenden ingl\u00e9s de forma natural.<br \/>\n<br \/>\n<\/p>\n                        <\/div><\/div><div class=\"component hash-list \" >  <ul class=\"small-items pt-4\" ><li><p class=\"body-medium\">Utilizan la misma parte del cerebro que la lengua materna<\/p><\/li><li><p class=\"body-medium\">Correlaci\u00f3n positiva con el desarrollo cognitivo<\/p><\/li><li><p class=\"body-medium\">Aumentan la capacidad de resoluci\u00f3n de problemas, el pensamiento cr\u00edtico y la capacidad de escucha<\/p><\/li><li><p class=\"body-medium\">Mejoran la memoria, la concentraci\u00f3n y la capacidad multi-tarea<\/p><\/li><li><p class=\"body-medium\">Aumentan la creatividad y la flexibilidad mental<\/p><\/li><li><p class=\"body-medium\">Los ni\u00f1os biling\u00fces mejoran en lectura, escritura y matem\u00e1ticas, y suelen sacar mejores notas en los ex\u00e1menes estandarizados<\/p><\/li>   <\/ul>\n                        <\/div> <\/div>\n             <\/div>\n        <\/div>\n<\/section>\n            <div class=\"wrapper\">\n    <section  style='' class=\"section    container-width    \" ><div class=\"container-fluid\"><div class=\"row\">\n                <div class=\"col-md-12 col-lg-10\">  <div class=\"component title\">\n                                        <p class=\"body-small\">UBICACI\u00d3N<\/p>\n                                    <\/div><\/div>\n                <\/div><div class=\"row    \"><div class=\" col-lg-6 col-md-6      \" ><div class=\"component mb-1 mt-0  radius-bottom-LR \" style='px'><div class=\"sub-heading component\"><h2  class=\"h6  \">Campus Sobradiel Hortaleza<\/h2><\/div>\n                        <div class=\"sub-heading component \">\n                        <p class=\"body-medium\"><b>Early Years y Primaria<\/b><br \/>\nRonda de Sobradiel 31-33,<br \/>\n28043 <br \/>\nMadrid, Spain<br \/>\n<\/p>\n                        <\/div><\/div><div class=\"component mb-1 mt-0  radius-bottom-LR \" style='px'>\n                        <div class=\"sub-heading component \">\n                        <p class=\"body-medium\"><b>Preguntas generales<\/b><br \/>\n<a href=\"tel:+34918316198\">+34 91 831 61 98<\/a><br \/>\n<a href=\"mailto:sobradiel.secretary@hastingsschool.com\">sobradiel.secretary@hastingsschool.com<\/a><br \/>\n<\/p>\n                        <\/div><\/div><div class=\"component mb-1 mt-0  radius-bottom-LR \" style='px'>\n                        <div class=\"sub-heading component \">\n                        <p class=\"body-medium\"><b>Contacto Admisiones<\/b><br \/>\n<a href=\"tel:+34918252152\">+34 91 825 21 52<\/a><br \/>\n<a href=\"mailto:admissions@hastingsschool.com\">admissions@hastingsschool.com<\/a><br \/>\n<\/p>\n                        <\/div><\/div><style>.button_style_6600{ color:#3b663a!important; }<\/style><div class=\"component link\"><a href=\"https:\/\/www.hastingsschool.com\/wp-content\/uploads\/sites\/67\/2024\/07\/CARTEL-MADRID-COGNITA-HASTINGS-HOLDINGS-S.AU-RONDA-SOBRADIEL.pdf\" class=\"button_style_6600 btn btn-primary btn-primary--border\">Instalaci\u00f3n fotovoltaica de autoconsumo<\/a><\/div><\/div>\n                    <div class=\"col-lg-6 col-md-6    \"><div class=\"component single-img \"><a href=\"https:\/\/www.google.com\/maps\/place\/Hastings+School+-+Sobradiel+(Early+Years+%26+Primary)\/@40.4525255,-3.6407855,17z\/data=!4m12!1m6!3m5!1s0xd422f1ef18d3305:0xe6d12bf16b3f6538!2sHastings+School+-+Sobradiel+(Early+Years+%26+Primary)!8m2!3d40.4525255!4d-3.6385968!3m4!1s0xd422f1ef18d3305:0xe6d12bf16b3f6538!8m2!3d40.4525255!4d-3.6385968\"target=\"_blank\"><div class=\"ratio ratio-4x3 callout-img halfcol--img image_overlay_8932\" style=\"background-image: url(https:\/\/www.hastingsschool.com\/wp-content\/uploads\/sites\/67\/2022\/03\/Sobradiel-\u2013-Early-Years-Primary.jpg);\"><\/div><\/a><\/div> <\/div>\n             <\/div>\n        <\/div>\n<\/section>\n            <\/div><div class=\"wrapper \" ><section  class=\"section container-width light-color  section--blue \" style='background-color:#3c444f;'>\n    <div class=\"container-fluid \">\n        <div class=\"row m-0 centerText\">\n            \n<div class=\"col-sm-12 col-md-12 col-lg-10 col-xl-8 mx-auto\">       <div class=\"component\">\n                    <div class=\"h5\">Conoce m\u00e1s sobre el curriculum brit\u00e1nico en cada etapa educativa:\n                    <\/div>\n                <\/div>     <\/div><div class=\"col-sm-12 col-md-7 col-lg-6 col-xl-5 mx-auto\">        <div class=\"component link\"><\/div>\n            <\/div>\n        <\/div>\n    <\/div>\n<\/section><section class=\"section cards--section pt-0 container-width  section--blue \" style='background-color:#3c444f;margin-bottom:40px;'>\n                <div class=\"container-fluid \">\n                    <div class=\"row m-0\"><div class=\"col-sm-12 col-md-6 col-lg-6\">\n                            <div class=\"card horizontal--card horizontal--card-sm img--100 mb-3\">\n                                <div class=\"row m-0 g-0\">                         <div class=\"col-5 col-md-5 col-lg-5\">\n                                    <div class=\"thumbnail_img_overlay_1722\"> <img decoding=\"async\" src=\"https:\/\/www.hastingsschool.com\/wp-content\/uploads\/sites\/67\/2023\/02\/SH_8846.jpg\" class=\"img-fluid rounded-start\" alt=\"...\"><\/div>\n                                  <\/div>                        <div class=\"col-7 col-md-7 col-lg-7\">\n                                    <div class=\"card-body\">\n                                        <div class=\"component\">\n                                           <a href=\"\/early-years\/\" class=\"body-large-bold\" >Early Years <\/a>\n                                        <\/div>\n                                        <div class=\"component m-0\"><p class=\"p\">2 - 5 yrs old<\/p><\/div>                              <div class=\"modal-overlay sm--modal link\" >\n                                            <a href=\"\/early-years\/\" class=\"btn btn-link\"   aria-label=\"Read More\"><\/a>\n                                        <\/div>                           <\/div>\n                                  <\/div>\n                                <\/div>\n                            <\/div>\n                        <\/div><div class=\"col-sm-12 col-md-6 col-lg-6\">\n                            <div class=\"card horizontal--card horizontal--card-sm img--100 mb-3\">\n                                <div class=\"row m-0 g-0\">                         <div class=\"col-5 col-md-5 col-lg-5\">\n                                    <div class=\"thumbnail_img_overlay_4000\"> <img decoding=\"async\" src=\"https:\/\/www.hastingsschool.com\/wp-content\/uploads\/sites\/67\/2023\/02\/SH_0443.jpg\" class=\"img-fluid rounded-start\" alt=\"...\"><\/div>\n                                  <\/div>                        <div class=\"col-7 col-md-7 col-lg-7\">\n                                    <div class=\"card-body\">\n                                        <div class=\"component\">\n                                           <a href=\"\/primary\/\" class=\"body-large-bold\" >Primary<\/a>\n                                        <\/div>\n                                        <div class=\"component m-0\"><p class=\"p\">5 - 11 yrs old<\/p><\/div>                              <div class=\"modal-overlay sm--modal link\" >\n                                            <a href=\"\/primary\/\" class=\"btn btn-link\"   aria-label=\"Read More\"><\/a>\n                                        <\/div>                           <\/div>\n                                  <\/div>\n                                <\/div>\n                            <\/div>\n                        <\/div><div class=\"col-sm-12 col-md-6 col-lg-6\">\n                            <div class=\"card horizontal--card horizontal--card-sm img--100 mb-3\">\n                                <div class=\"row m-0 g-0\">                         <div class=\"col-5 col-md-5 col-lg-5\">\n                                    <div class=\"thumbnail_img_overlay_6762\"> <img decoding=\"async\" src=\"https:\/\/www.hastingsschool.com\/wp-content\/uploads\/sites\/67\/2023\/02\/SH_4599.jpg\" class=\"img-fluid rounded-start\" alt=\"...\"><\/div>\n                                  <\/div>                        <div class=\"col-7 col-md-7 col-lg-7\">\n                                    <div class=\"card-body\">\n                                        <div class=\"component\">\n                                           <a href=\"\/secondary\/\" class=\"body-large-bold\" >Secondary<\/a>\n                                        <\/div>\n                                        <div class=\"component m-0\"><p class=\"p\">11 - 15 yrs old<\/p><\/div>                              <div class=\"modal-overlay sm--modal link\" >\n                                            <a href=\"\/secondary\/\" class=\"btn btn-link\"   aria-label=\"Read More\"><\/a>\n                                        <\/div>                           <\/div>\n                                  <\/div>\n                                <\/div>\n                            <\/div>\n                        <\/div><div class=\"col-sm-12 col-md-6 col-lg-6\">\n                            <div class=\"card horizontal--card horizontal--card-sm img--100 mb-3\">\n                                <div class=\"row m-0 g-0\">                         <div class=\"col-5 col-md-5 col-lg-5\">\n                                    <div class=\"thumbnail_img_overlay_5737\"> <img decoding=\"async\" src=\"https:\/\/www.hastingsschool.com\/wp-content\/uploads\/sites\/67\/2022\/11\/SH_5168.jpg\" class=\"img-fluid rounded-start\" alt=\"...\"><\/div>\n                                  <\/div>                        <div class=\"col-7 col-md-7 col-lg-7\">\n                                    <div class=\"card-body\">\n                                        <div class=\"component\">\n                                           <a href=\"\/pre-university\/\" class=\"body-large-bold\" >Pre-Univeristy<\/a>\n                                        <\/div>\n                                        <div class=\"component m-0\"><p class=\"p\">15 - 18 yrs old<\/p><\/div>                              <div class=\"modal-overlay sm--modal link\" >\n                                            <a href=\"\/pre-university\/\" class=\"btn btn-link\"   aria-label=\"Read More\"><\/a>\n                                        <\/div>                           <\/div>\n                                  <\/div>\n                                <\/div>\n                            <\/div>\n                        <\/div>          <\/div>\n                <\/div>\n            <\/section><\/div>[\/vc_column][\/vc_row][vc_row][vc_column]<section class=\"section section--blue bottom-step TopBottomBorder   \" style=\"background-image: url('https:\/\/www.hastingsschool.com\/wp-content\/uploads\/sites\/67\/2022\/03\/primary_students_discovering.jpg');;;\"><style>.bottom-step.section--blue:before {background: rgba(59,102,58,0.75);}<\/style><div class=\"container-fluid\"><div class=\"row\"><div class=\"col-sm-12\"><div class=\"component title\"><p class=\"body-small\">Next steps<\/p><\/div><\/div><\/div><div class=\"row\"><div class=\"col-md-4\"><div class=\"component linkcard \">\n                                <a class=\"card card--bordered\" href=\"\/open-days-and-visits\/\">\n                                    <div class=\"card-body d-flex align-items-center\">\n                                    <div> <div class=\"component link\">\n                                            <div  class=\"btn btn-link simple-link h5\">Open Days & Visits<\/div>\n                                        <\/div><\/div><\/div><\/a><\/div><\/div><div class=\"col-md-4\"><div class=\"component linkcard \">\n                                <a class=\"card card--bordered\" href=\"\/academic-excellence\/\">\n                                    <div class=\"card-body d-flex align-items-center\">\n                                    <div> <div class=\"component link\">\n                                            <div  class=\"btn btn-link simple-link h5\">Academic Excellence<\/div>\n                                        <\/div><\/div><\/div><\/a><\/div><\/div><div class=\"col-md-4\"><div class=\"component linkcard \">\n                                <a class=\"card card--bordered\" href=\"\/facilities-location\/\">\n                                    <div class=\"card-body d-flex align-items-center\">\n                                    <div> <div class=\"component link\">\n                                            <div  class=\"btn btn-link simple-link h5\">Facilities & Location<\/div>\n                                        <\/div><\/div><\/div><\/a><\/div><\/div><\/div><\/section>[\/vc_column][\/vc_row]<\/p>\n<\/div>","protected":false},"excerpt":{"rendered":"<p>[vc_row][vc_column][\/vc_column][\/vc_row][vc_row][vc_column][\/vc_column][\/vc_row]<\/p>\n","protected":false},"author":378,"featured_media":0,"parent":8817,"menu_order":0,"comment_status":"closed","ping_status":"closed","template":"","meta":{"_acf_changed":false,"footnotes":""},"class_list":["post-13051","page","type-page","status-publish","hentry"],"acf":[],"yoast_head":"<!-- This site is optimized with the Yoast SEO plugin v26.5 - https:\/\/yoast.com\/wordpress\/plugins\/seo\/ -->\n<title>Colegio Hastings School Sobradiel Hortaleza - Infantil y Primaria<\/title>\n<meta name=\"description\" content=\"Nuestro campus de Sobradiel es un espacio de ense\u00f1anza y aprendizaje inspirador para nuestros alumnos de Educaci\u00f3n Infantil y Primaria.\" \/>\n<meta name=\"robots\" content=\"index, follow, max-snippet:-1, max-image-preview:large, max-video-preview:-1\" \/>\n<link rel=\"canonical\" href=\"https:\/\/www.hastingsschool.com\/es\/instalaciones-ubicacion\/sobradiel-campus\/\" \/>\n<meta property=\"og:locale\" content=\"es_ES\" \/>\n<meta property=\"og:type\" content=\"article\" \/>\n<meta property=\"og:title\" content=\"Colegio Hastings School Sobradiel Hortaleza - Infantil y Primaria\" \/>\n<meta property=\"og:description\" content=\"Nuestro campus de Sobradiel es un espacio de ense\u00f1anza y aprendizaje inspirador para nuestros alumnos de Educaci\u00f3n Infantil y Primaria.\" \/>\n<meta property=\"og:url\" content=\"https:\/\/www.hastingsschool.com\/es\/instalaciones-ubicacion\/sobradiel-campus\/\" \/>\n<meta property=\"og:site_name\" content=\"Hastings School\" \/>\n<meta property=\"article:publisher\" content=\"https:\/\/www.facebook.com\/HastingsSchool\" \/>\n<meta property=\"article:modified_time\" content=\"2025-10-02T08:19:35+00:00\" \/>\n<meta property=\"og:image\" content=\"https:\/\/www.hastingsschool.com\/wp-content\/uploads\/sites\/67\/2024\/05\/Hastings-School-Web-Logo.jpg\" \/>\n\t<meta property=\"og:image:width\" content=\"1500\" \/>\n\t<meta property=\"og:image:height\" content=\"1500\" \/>\n\t<meta property=\"og:image:type\" content=\"image\/jpeg\" \/>\n<meta name=\"twitter:card\" content=\"summary_large_image\" \/>\n<meta name=\"twitter:site\" content=\"@hastings_school\" \/>\n<meta name=\"twitter:label1\" content=\"Tiempo de lectura\" \/>\n\t<meta name=\"twitter:data1\" content=\"1 minuto\" \/>\n<!-- \/ Yoast SEO plugin. -->","yoast_head_json":{"title":"Colegio Hastings School Sobradiel Hortaleza - Infantil y Primaria","description":"Nuestro campus de Sobradiel es un espacio de ense\u00f1anza y aprendizaje inspirador para nuestros alumnos de Educaci\u00f3n Infantil y Primaria.","robots":{"index":"index","follow":"follow","max-snippet":"max-snippet:-1","max-image-preview":"max-image-preview:large","max-video-preview":"max-video-preview:-1"},"canonical":"https:\/\/www.hastingsschool.com\/es\/instalaciones-ubicacion\/sobradiel-campus\/","og_locale":"es_ES","og_type":"article","og_title":"Colegio Hastings School Sobradiel Hortaleza - Infantil y Primaria","og_description":"Nuestro campus de Sobradiel es un espacio de ense\u00f1anza y aprendizaje inspirador para nuestros alumnos de Educaci\u00f3n Infantil y Primaria.","og_url":"https:\/\/www.hastingsschool.com\/es\/instalaciones-ubicacion\/sobradiel-campus\/","og_site_name":"Hastings School","article_publisher":"https:\/\/www.facebook.com\/HastingsSchool","article_modified_time":"2025-10-02T08:19:35+00:00","og_image":[{"width":1500,"height":1500,"url":"https:\/\/www.hastingsschool.com\/wp-content\/uploads\/sites\/67\/2024\/05\/Hastings-School-Web-Logo.jpg","type":"image\/jpeg"}],"twitter_card":"summary_large_image","twitter_site":"@hastings_school","twitter_misc":{"Tiempo de lectura":"1 minuto"},"schema":{"@context":"https:\/\/schema.org","@graph":[{"@type":"WebPage","@id":"https:\/\/www.hastingsschool.com\/es\/instalaciones-ubicacion\/sobradiel-campus\/","url":"https:\/\/www.hastingsschool.com\/es\/instalaciones-ubicacion\/sobradiel-campus\/","name":"Colegio Hastings School Sobradiel Hortaleza - Infantil y Primaria","isPartOf":{"@id":"https:\/\/www.hastingsschool.com\/es\/#website"},"datePublished":"2023-05-18T11:47:57+00:00","dateModified":"2025-10-02T08:19:35+00:00","description":"Nuestro campus de Sobradiel es un espacio de ense\u00f1anza y aprendizaje inspirador para nuestros alumnos de Educaci\u00f3n Infantil y Primaria.","breadcrumb":{"@id":"https:\/\/www.hastingsschool.com\/es\/instalaciones-ubicacion\/sobradiel-campus\/#breadcrumb"},"inLanguage":"es","potentialAction":[{"@type":"ReadAction","target":["https:\/\/www.hastingsschool.com\/es\/instalaciones-ubicacion\/sobradiel-campus\/"]}]},{"@type":"BreadcrumbList","@id":"https:\/\/www.hastingsschool.com\/es\/instalaciones-ubicacion\/sobradiel-campus\/#breadcrumb","itemListElement":[{"@type":"ListItem","position":1,"name":"Home","item":"https:\/\/www.hastingsschool.com\/es\/quinton-homepage\/"},{"@type":"ListItem","position":2,"name":"Instalaciones y Ubicaci\u00f3n","item":"https:\/\/www.hastingsschool.com\/es\/instalaciones-ubicacion\/"},{"@type":"ListItem","position":3,"name":"Sobradiel Campus"}]},{"@type":"WebSite","@id":"https:\/\/www.hastingsschool.com\/es\/#website","url":"https:\/\/www.hastingsschool.com\/es\/","name":"Hastings School","description":"Hastings School is an international British school established in Madrid. From 2 to 18. IGCSE, AS and A levels and soon IBDP.","publisher":{"@id":"https:\/\/www.hastingsschool.com\/es\/#organization"},"alternateName":"Hastings School","potentialAction":[{"@type":"SearchAction","target":{"@type":"EntryPoint","urlTemplate":"https:\/\/www.hastingsschool.com\/es\/?s={search_term_string}"},"query-input":{"@type":"PropertyValueSpecification","valueRequired":true,"valueName":"search_term_string"}}],"inLanguage":"es"},{"@type":"Organization","@id":"https:\/\/www.hastingsschool.com\/es\/#organization","name":"Hastings School","url":"https:\/\/www.hastingsschool.com\/es\/","logo":{"@type":"ImageObject","inLanguage":"es","@id":"https:\/\/www.hastingsschool.com\/es\/#\/schema\/logo\/image\/","url":"https:\/\/www.hastingsschool.com\/wp-content\/uploads\/sites\/67\/2024\/05\/Hastings-School-Web-Logo.jpg","contentUrl":"https:\/\/www.hastingsschool.com\/wp-content\/uploads\/sites\/67\/2024\/05\/Hastings-School-Web-Logo.jpg","width":1500,"height":1500,"caption":"Hastings School"},"image":{"@id":"https:\/\/www.hastingsschool.com\/es\/#\/schema\/logo\/image\/"},"sameAs":["https:\/\/www.facebook.com\/HastingsSchool","https:\/\/x.com\/hastings_school","https:\/\/instagram.com\/hastingsschool","https:\/\/www.linkedin.com\/company\/hastings-school-madrid\/"]}]}},"jetpack_sharing_enabled":true,"_links":{"self":[{"href":"https:\/\/www.hastingsschool.com\/es\/wp-json\/wp\/v2\/pages\/13051","targetHints":{"allow":["GET"]}}],"collection":[{"href":"https:\/\/www.hastingsschool.com\/es\/wp-json\/wp\/v2\/pages"}],"about":[{"href":"https:\/\/www.hastingsschool.com\/es\/wp-json\/wp\/v2\/types\/page"}],"author":[{"embeddable":true,"href":"https:\/\/www.hastingsschool.com\/es\/wp-json\/wp\/v2\/users\/378"}],"replies":[{"embeddable":true,"href":"https:\/\/www.hastingsschool.com\/es\/wp-json\/wp\/v2\/comments?post=13051"}],"version-history":[{"count":14,"href":"https:\/\/www.hastingsschool.com\/es\/wp-json\/wp\/v2\/pages\/13051\/revisions"}],"predecessor-version":[{"id":17278,"href":"https:\/\/www.hastingsschool.com\/es\/wp-json\/wp\/v2\/pages\/13051\/revisions\/17278"}],"up":[{"embeddable":true,"href":"https:\/\/www.hastingsschool.com\/es\/wp-json\/wp\/v2\/pages\/8817"}],"wp:attachment":[{"href":"https:\/\/www.hastingsschool.com\/es\/wp-json\/wp\/v2\/media?parent=13051"}],"curies":[{"name":"wp","href":"https:\/\/api.w.org\/{rel}","templated":true}]}}