
     {"id":8034,"date":"2021-09-27T14:34:42","date_gmt":"2021-09-27T12:34:42","guid":{"rendered":"https:\/\/www.hastingsschool.com\/admissions-process\/"},"modified":"2024-03-07T14:06:28","modified_gmt":"2024-03-07T13:06:28","slug":"proceso-de-admission","status":"publish","type":"page","link":"https:\/\/www.hastingsschool.com\/es\/proceso-de-admission\/","title":{"rendered":"Proceso de Admission"},"content":{"rendered":"<div class=\"wpb-content-wrapper\"><p>[vc_row][vc_column]<section  class=\"bg-video-wrap hero section hero--centertext  small-header \" style='background: url(https:\/\/www.hastingsschool.com\/wp-content\/uploads\/sites\/67\/2024\/03\/SH_3852.jpg) center ;background-size:cover ;'>\n                <div class=\"bg-overlay\" style='background:#000000;opacity:0.4;'><\/div>\n                <div class=\"overlay\" >\n                  <div class=\"container-fluid\">\n                    <div class=\"row\">\n                      <div class=\"col-md-12 col-lg-12\">\n\n                        <div class=\"caption text-start\"><div class=\"component sub-heading\" >\n                              <h1 class=\"display-h1\">Proceso de Admission<\/h1>\n                            <\/div><\/div>\n                      <\/div>\n                    <\/div>\n                  <\/div>\n                <\/div>\n              <\/section><div class='row  m-x-0 breadcrumb-wrap ' style=''><div class='container-fluid' >\n                <nav aria-label='breadcrumb'><ol class=\"breadcrumb mt-3\">\n                  <li class=\"breadcrumb-item\"><a href=\"https:\/\/www.hastingsschool.com\/es\/\">Home<\/a><\/li>\n                  <li class=\"breadcrumb-item active\" aria-current=\"page\">Proceso de Admission<\/li>\n                <\/ol>\n              <\/nav>\n              <\/div>\n            <\/div>[\/vc_column][\/vc_row][vc_row][vc_column]<div class=\"wrapper\"><section  style='' class=\"section     container-width \"><div class=\"container-fluid\"><div class=\"row m-0 align-items-center centerText \" >\n                        <div class=\"col-sm-12 col-md-10 col-lg-9 mx-auto\"> <div class=\"component title center-title\">\n                                                    <p class=\"body-small\">UNIRSE A NOSOTROS ES F\u00c1CIL<\/p>\n                                                <\/div><div class=\"sub-heading component\">\n                                        <h2 class=\"h5\">Inicie nuestro sencillo proceso de admisi\u00f3n.<\/h2>\n                                    <\/div><div class=\"sub-heading component\"><p>Solicite plaza en nuestro excepcional colegio y su hijo empezar\u00e1 a disfrutar de una fant\u00e1stica experiencia educativa.<\/p>\n<p>Nuestro proceso de admisi\u00f3n es sencillo y le guiar\u00e1 en cada paso.<\/p>\n<\/div><style>\n                        .flex-button {\n                        margin-top: 25px;\n                    } \n                        \n                    @media (max-width: 767px){\n                     .flex-button {\n                      display: block;\n                      margin-left: 0;\n                    }\n                    .flex-button .text-center{\n                     text-align: left !important;\n                    }\n                    }\n\n\n                        <\/style><\/div><\/div><\/section><\/div>[\/vc_column][\/vc_row][vc_row][vc_column]\n            <div class=\"wrapper\">\n<section  class=\"section  container-width section--blue   \" id=\"sec-1\" style='background-color:#557758;margin-bottom:5px;'>\n   <div class=\"container-fluid\">\n   <div class=\"row m-0 align-items-center text-center mb-4\">\n      <div class=\"col-sm-12 col-md-10 col-lg-7 mx-auto\">\n                     \n         <div class=\"sub-heading component\">\n            <div class=\"h5\">Cuatro sencillos pasos:\n            <\/div>\n         <\/div>\n            \n      <\/div>\n   <\/div>\n   <div class=\"row m-0 align-items-center\"><div class=\"col-sm-12 col-md-10 col-lg-7 mx-auto\">\n      \n               <div class=\"card border-0 triangle p-0\">\n               <div class=\"card-body section--white\">\n                  <div class=\"icon-with-heading component mb-3\">\n                                            \n                     <div class=\"icon\">\n                        <div style='background-color:#3b663a;'>1 <\/div>\n                     <\/div>\n                                           \n                     <div class=\"component\">\n                                                   \n                        <div class=\"sub-heading component mb-0\">\n                           <h6 class=\"mb-0 h6\">Solicitud de informaci\u00f3n<\/h6>\n                        <\/div>\n                                             \n                     <\/div>\n                  <\/div>\n                                     \n                  <div class=\"sub-heading component\">\n                     <p class=\"body-small\">Una vez haya hecho la petici\u00f3n, nuestros responsables de admisiones se pondr\u00e1n en contacto para explicarles nuestra oferta escolar.\n<br>\n<br>\n<\/p>\n                  <\/div>\n                                              \n                  <div class=\"component link pt-3\"><div class=\"component link\"><a href=\"\/es\/haz-una-consulta\/\" class=\" btn btn-primary\">Solicitar informaci\u00f3n<\/a><\/div>                               \n                  <\/div>\n                                \n               <\/div>\n            <\/div>\n            \n               <div class=\"card border-0 triangle p-0\">\n               <div class=\"card-body section--white\">\n                  <div class=\"icon-with-heading component mb-3\">\n                                            \n                     <div class=\"icon\">\n                        <div style='background-color:#3b663a;'>2 <\/div>\n                     <\/div>\n                                           \n                     <div class=\"component\">\n                                                   \n                        <div class=\"sub-heading component mb-0\">\n                           <h6 class=\"mb-0 h6\">Venga a visitarnos<\/h6>\n                        <\/div>\n                                             \n                     <\/div>\n                  <\/div>\n                                     \n                  <div class=\"sub-heading component\">\n                     <p class=\"body-small\">Animamos a todas las familias a visitar el colegio, realizando una visita privada o durante uno de los d\u00edas de puertas abiertas que se celebran lo largo del a\u00f1o.\n<br>\n<br>\nDurante la visita, ver\u00e1 a alumnos, alumnas y profesores trabajando en el aula y el colegio, y sentir\u00e1 nuestra comunidad brit\u00e1nica internacional en el centro de Madrid.<\/p>\n                  <\/div>\n                                              \n                  <div class=\"component link pt-3\"><div class=\"component link\"><a href=\"\/es\/reservar-una-visita-privada\/\" class=\" btn btn-primary\">Reservar una visita privada<\/a><\/div>                               \n                  <\/div>\n                                              \n                  <div class=\"component link pt-3\"><div class=\"component link\"><a href=\"\/es\/reservar-un-evento\/\" class=\" btn btn-primary\">Reservar un evento<\/a><\/div>                               \n                  <\/div>\n                                \n               <\/div>\n            <\/div>\n            \n               <div class=\"card border-0 triangle p-0\">\n               <div class=\"card-body section--white\">\n                  <div class=\"icon-with-heading component mb-3\">\n                                            \n                     <div class=\"icon\">\n                        <div style='background-color:#3b663a;'>3 <\/div>\n                     <\/div>\n                                           \n                     <div class=\"component\">\n                                                   \n                        <div class=\"sub-heading component mb-0\">\n                           <h6 class=\"mb-0 h6\">Cumplimente nuestra evaluaci\u00f3n y reserve la plaza<\/h6>\n                        <\/div>\n                                             \n                     <\/div>\n                  <\/div>\n                                     \n                  <div class=\"sub-heading component\">\n                     <p class=\"body-small\">A los alumnos y alumnas de Year 1 a Year 13 (de 5 a 17 a\u00f1os) les pedimos que realicen una prueba y una entrevista individual para evaluar sus capacidades acad\u00e9micas para ingresar en Hastings School.\n<br>\n<br>\nTras superar con \u00e9xito la evaluaci\u00f3n, podr\u00e1 reservar una plaza en Hastings School.<\/p>\n                  <\/div>\n                                              \n                  <div class=\"component link pt-3\"><div class=\"component link\"><a href=\"#entry-requirements\" class=\" btn btn-primary\">Ver los requisitos de ingreso<\/a><\/div>                               \n                  <\/div>\n                                \n               <\/div>\n            <\/div>\n            \n               <div class=\"card border-0 triangle p-0\">\n               <div class=\"card-body section--white\">\n                  <div class=\"icon-with-heading component mb-3\">\n                                            \n                     <div class=\"icon\">\n                        <div style='background-color:#3b663a;'>4 <\/div>\n                     <\/div>\n                                           \n                     <div class=\"component\">\n                                                   \n                        <div class=\"sub-heading component mb-0\">\n                           <h6 class=\"mb-0 h6\">Empezar en Hastings School<\/h6>\n                        <\/div>\n                                             \n                     <\/div>\n                  <\/div>\n                                     \n                  <div class=\"sub-heading component\">\n                     <p class=\"body-small\">Estaremos a su lado para asegurar que su integraci\u00f3n como nueva familia en Hastings School, el colegio brit\u00e1nico de Madrid, sea f\u00e1cil y positiva.<\/p>\n                  <\/div>\n                                              \n                  <div class=\"component link pt-3\">                               \n                  <\/div>\n                                \n               <\/div>\n            <\/div>\n                  \n         <\/div>\n      <\/div>\n   <\/div>\n<\/section>\n\n            <\/div>[\/vc_column][\/vc_row][vc_row][vc_column]\n            <div class=\"wrapper\">\n    <section  id=\"entry-requirements\"  style='' class=\"section    container-width    \" ><div class=\"container-fluid\"><div class=\"row\">\n                <div class=\"col-md-12 col-lg-10\">  <div class=\"component title\">\n                                        <p class=\"body-small\">REQUISITOS DE INGRESO<\/p>\n                                    <\/div><\/div>\n                <\/div><div class=\"row    \"><div class=\" col-lg-6 col-md-6      \" ><div class=\"component mb-1 mt-0  radius-bottom-LR \" style='px'><div class=\"sub-heading component\"><h2  class=\"h6  \">Early Years<\/h2><\/div>\n                        <div class=\"sub-heading component \">\n                        <p class=\"body-medium\">El \u00fanico requisito para entrar en Nursery es el env\u00edo del formulario de inscripci\u00f3n oficial junto con la documentaci\u00f3n necesaria.<br \/>\n<br \/>\nEn el caso de los ni\u00f1os y ni\u00f1as que entran en Reception, los padres deben cumplimentar y enviar el formulario de inscripci\u00f3n oficial junto con la documentaci\u00f3n necesaria, e incluir un informe reciente del actual centro de Infantil del ni\u00f1o o ni\u00f1a, cuando corresponda.<br \/>\n<br \/>\nLos ni\u00f1os y ni\u00f1as que solicitan plaza en Nursery y Reception no deben tener conocimientos previos de ingl\u00e9s.<br \/>\n<\/p>\n                        <\/div><\/div><\/div>\n                    <div class=\"col-lg-6 col-md-6    \"><div class=\"component single-img \"><div class=\"ratio ratio-16x9 callout-img halfcol--img image_overlay_5959\" style=\"background-image: url(https:\/\/www.hastingsschool.com\/wp-content\/uploads\/sites\/67\/2024\/03\/SH_5503.jpg);\"><\/div><\/div> <\/div>\n             <\/div>\n        <\/div>\n<\/section>\n            <\/div>\n            <div class=\"wrapper\">\n    <section  style='' class=\"section    container-width pt-0   \" ><div class=\"container-fluid\"><div class=\"row    \"><div class=\" col-lg-6 col-md-6      \" ><div class=\"component link\"><div class=\"ratio ratio-4x3 callout-img halfcol--img image_overlay_4835\" style=\"background-image: url(https:\/\/www.hastingsschool.com\/wp-content\/uploads\/sites\/67\/2024\/03\/SH_8044.jpg);\"><\/div><\/div><\/div>\n                    <div class=\"col-lg-6 col-md-6    \"><div class=\"component mb-1 mt-0  radius-bottom-LR \" style='px'><div class=\"sub-heading component\"><h2  class=\"h6  \">Primary<\/h2><\/div>\n                        <div class=\"sub-heading component \">\n                        <p class=\"body-medium\">Los alumnos y alumnas que solicitan plaza en Year 1 deben tener un nivel de ingl\u00e9s adecuado para su edad.<br \/>\n<br \/>\nLos alumnos y alumnas que solicitan plaza en Primary, a partir de Year 2, deben tener un nivel de ingl\u00e9s hablado y escrito adecuado para su edad, adem\u00e1s de un nivel de matem\u00e1ticas tambi\u00e9n adecuado para su edad.<br \/>\n<br \/>\nLos padres deben cumplimentar y enviar el formulario de inscripci\u00f3n y adjuntar toda la documentaci\u00f3n necesaria, incluyendo informes de colegios a los que haya asistido anteriormente. Si hay plazas disponibles, se concertar\u00e1 una cita para que los padres visiten el colegio y para que el ni\u00f1o u la ni\u00f1a conozca al Deputy Head.<br \/>\n<br \/>\nSe ofrecer\u00e1 una plaza si los informes escolares y la evaluaci\u00f3n son satisfactorios. Los ni\u00f1os y ni\u00f1as que no tienen un nivel alto de ingl\u00e9s pueden asistir a clases adicionales. P\u00f3ngase en contacto con Admisiones para obtener m\u00e1s informaci\u00f3n.<br \/>\n<\/p>\n                        <\/div><\/div> <\/div>\n             <\/div>\n        <\/div>\n<\/section>\n            <\/div>\n            <div class=\"wrapper\">\n    <section  style='' class=\"section    container-width pt-0   \" ><div class=\"container-fluid\"><div class=\"row    \"><div class=\" col-lg-6 col-md-6      \" ><div class=\"component mb-1 mt-0  radius-bottom-LR \" style='px'><div class=\"sub-heading component\"><h2  class=\"h6  \">Secondary y Pre-University<\/h2><\/div>\n                        <div class=\"sub-heading component \">\n                        <p class=\"body-medium\">Hastings School no es selectivo, pero tenemos que asegurarnos de que todos los alumnos y alumnas que entran en nuestro colegio ya tienen un nivel adecuado de ingl\u00e9s escrito y hablado para que su progreso acad\u00e9mico sea bueno desde el primer d\u00eda. Para acceder a Secondary, necesitamos los dos \u00faltimos informes escolares.<br \/>\n<br \/>\nLos padres deben cumplimentar y enviar la documentaci\u00f3n necesaria. Si hay plazas disponibles, se concertar\u00e1 una cita para que los padres visiten el colegio y para que el alumno o alumna conozca a un miembro del equipo de liderazgo. Llegado este momento, es posible que se solicite al alumno o alumna que realice un examen de ingl\u00e9s, o ex\u00e1menes de las materias que desea estudiar, dependiendo de la solicitud que hayan realizado.<br \/>\n<\/p>\n                        <\/div><\/div><\/div>\n                    <div class=\"col-lg-6 col-md-6    \"><div class=\"component single-img \"><div class=\"ratio ratio-4x3 callout-img halfcol--img image_overlay_9208\" style=\"background-image: url(https:\/\/www.hastingsschool.com\/wp-content\/uploads\/sites\/67\/2024\/03\/SH_5199.jpg);\"><\/div><\/div> <\/div>\n             <\/div>\n        <\/div>\n<\/section>\n            <\/div>[\/vc_column][\/vc_row][vc_row][vc_column]<section class=\"section section--blue bottom-step TopBottomBorder   \" style=\"background-image: url('https:\/\/www.hastingsschool.com\/wp-content\/uploads\/sites\/67\/2024\/03\/Muestra-Hastings-18.jpg');;;\"><style>.bottom-step.section--blue:before {background: rgba(59,102,58,0.75);}<\/style><div class=\"container-fluid\"><div class=\"row\"><div class=\"col-sm-12\"><div class=\"component title\"><p class=\"body-small\">siguientes pasos<\/p><\/div><\/div><\/div><div class=\"row\"><div class=\"col-md-4\"><div class=\"component linkcard \">\n                                <a class=\"card card--bordered\" href=\"\/es\/puertas-abiertas-y-visitas\/\">\n                                    <div class=\"card-body d-flex align-items-center\">\n                                    <div> <div class=\"component link\">\n                                            <div  class=\"btn btn-link simple-link h5\">Puertas abiertas y visitas<\/div>\n                                        <\/div><\/div><\/div><\/a><\/div><\/div><div class=\"col-md-4\"><div class=\"component linkcard \">\n                                <a class=\"card card--bordered\" href=\"\/es\/excelencia-academica\/\">\n                                    <div class=\"card-body d-flex align-items-center\">\n                                    <div> <div class=\"component link\">\n                                            <div  class=\"btn btn-link simple-link h5\">Excelencia Academica<\/div>\n                                        <\/div><\/div><\/div><\/a><\/div><\/div><div class=\"col-md-4\"><div class=\"component linkcard \">\n                                <a class=\"card card--bordered\" href=\"\/es\/instalaciones-ubicacion\/\">\n                                    <div class=\"card-body d-flex align-items-center\">\n                                    <div> <div class=\"component link\">\n                                            <div  class=\"btn btn-link simple-link h5\">Instalaciones y Ubicacion<\/div>\n                                        <\/div><\/div><\/div><\/a><\/div><\/div><\/div><\/section>[\/vc_column][\/vc_row]<\/p>\n<\/div>","protected":false},"excerpt":{"rendered":"<p>[vc_row][vc_column][\/vc_column][\/vc_row][vc_row][vc_column][\/vc_column][\/vc_row][vc_row][vc_column][\/vc_column][\/vc_row][vc_row][vc_column][\/vc_column][\/vc_row][vc_row][vc_column][\/vc_column][\/vc_row]<\/p>\n","protected":false},"author":390,"featured_media":0,"parent":0,"menu_order":0,"comment_status":"closed","ping_status":"closed","template":"","meta":{"_acf_changed":false,"footnotes":""},"class_list":["post-8034","page","type-page","status-publish","hentry"],"acf":[],"yoast_head":"<!-- This site is optimized with the Yoast SEO plugin v26.5 - https:\/\/yoast.com\/wordpress\/plugins\/seo\/ -->\n<title>Conoce nuestro proceso de admisi\u00f3n - Hastings School<\/title>\n<meta name=\"description\" content=\"Consulta la informaci\u00f3n sobre nuestro proceso de admisiones y precios de las tasas para acceder a nuestro colegio privado internacional en Madrid\" \/>\n<meta name=\"robots\" content=\"index, follow, max-snippet:-1, max-image-preview:large, max-video-preview:-1\" \/>\n<link rel=\"canonical\" href=\"https:\/\/www.hastingsschool.com\/es\/proceso-de-admission\/\" \/>\n<meta property=\"og:locale\" content=\"es_ES\" \/>\n<meta property=\"og:type\" content=\"article\" \/>\n<meta property=\"og:title\" content=\"Conoce nuestro proceso de admisi\u00f3n - Hastings School\" \/>\n<meta property=\"og:description\" content=\"Consulta la informaci\u00f3n sobre nuestro proceso de admisiones y precios de las tasas para acceder a nuestro colegio privado internacional en Madrid\" \/>\n<meta property=\"og:url\" content=\"https:\/\/www.hastingsschool.com\/es\/proceso-de-admission\/\" \/>\n<meta property=\"og:site_name\" content=\"Hastings School\" \/>\n<meta property=\"article:publisher\" content=\"https:\/\/www.facebook.com\/HastingsSchool\" \/>\n<meta property=\"article:modified_time\" content=\"2024-03-07T13:06:28+00:00\" \/>\n<meta property=\"og:image\" content=\"https:\/\/www.hastingsschool.com\/wp-content\/uploads\/sites\/67\/2024\/05\/Hastings-School-Web-Logo.jpg\" \/>\n\t<meta property=\"og:image:width\" content=\"1500\" \/>\n\t<meta property=\"og:image:height\" content=\"1500\" \/>\n\t<meta property=\"og:image:type\" content=\"image\/jpeg\" \/>\n<meta name=\"twitter:card\" content=\"summary_large_image\" \/>\n<meta name=\"twitter:site\" content=\"@hastings_school\" \/>\n<meta name=\"twitter:label1\" content=\"Tiempo de lectura\" \/>\n\t<meta name=\"twitter:data1\" content=\"1 minuto\" \/>\n<!-- \/ Yoast SEO plugin. -->","yoast_head_json":{"title":"Conoce nuestro proceso de admisi\u00f3n - Hastings School","description":"Consulta la informaci\u00f3n sobre nuestro proceso de admisiones y precios de las tasas para acceder a nuestro colegio privado internacional en Madrid","robots":{"index":"index","follow":"follow","max-snippet":"max-snippet:-1","max-image-preview":"max-image-preview:large","max-video-preview":"max-video-preview:-1"},"canonical":"https:\/\/www.hastingsschool.com\/es\/proceso-de-admission\/","og_locale":"es_ES","og_type":"article","og_title":"Conoce nuestro proceso de admisi\u00f3n - Hastings School","og_description":"Consulta la informaci\u00f3n sobre nuestro proceso de admisiones y precios de las tasas para acceder a nuestro colegio privado internacional en Madrid","og_url":"https:\/\/www.hastingsschool.com\/es\/proceso-de-admission\/","og_site_name":"Hastings School","article_publisher":"https:\/\/www.facebook.com\/HastingsSchool","article_modified_time":"2024-03-07T13:06:28+00:00","og_image":[{"width":1500,"height":1500,"url":"https:\/\/www.hastingsschool.com\/wp-content\/uploads\/sites\/67\/2024\/05\/Hastings-School-Web-Logo.jpg","type":"image\/jpeg"}],"twitter_card":"summary_large_image","twitter_site":"@hastings_school","twitter_misc":{"Tiempo de lectura":"1 minuto"},"schema":{"@context":"https:\/\/schema.org","@graph":[{"@type":"WebPage","@id":"https:\/\/www.hastingsschool.com\/es\/proceso-de-admission\/","url":"https:\/\/www.hastingsschool.com\/es\/proceso-de-admission\/","name":"Conoce nuestro proceso de admisi\u00f3n - Hastings School","isPartOf":{"@id":"https:\/\/www.hastingsschool.com\/es\/#website"},"datePublished":"2021-09-27T12:34:42+00:00","dateModified":"2024-03-07T13:06:28+00:00","description":"Consulta la informaci\u00f3n sobre nuestro proceso de admisiones y precios de las tasas para acceder a nuestro colegio privado internacional en Madrid","breadcrumb":{"@id":"https:\/\/www.hastingsschool.com\/es\/proceso-de-admission\/#breadcrumb"},"inLanguage":"es","potentialAction":[{"@type":"ReadAction","target":["https:\/\/www.hastingsschool.com\/es\/proceso-de-admission\/"]}]},{"@type":"BreadcrumbList","@id":"https:\/\/www.hastingsschool.com\/es\/proceso-de-admission\/#breadcrumb","itemListElement":[{"@type":"ListItem","position":1,"name":"Home","item":"https:\/\/www.hastingsschool.com\/es\/quinton-homepage\/"},{"@type":"ListItem","position":2,"name":"Proceso de Admission"}]},{"@type":"WebSite","@id":"https:\/\/www.hastingsschool.com\/es\/#website","url":"https:\/\/www.hastingsschool.com\/es\/","name":"Hastings School","description":"Hastings School is an international British school established in Madrid. From 2 to 18. IGCSE, AS and A levels and soon IBDP.","publisher":{"@id":"https:\/\/www.hastingsschool.com\/es\/#organization"},"alternateName":"Hastings School","potentialAction":[{"@type":"SearchAction","target":{"@type":"EntryPoint","urlTemplate":"https:\/\/www.hastingsschool.com\/es\/?s={search_term_string}"},"query-input":{"@type":"PropertyValueSpecification","valueRequired":true,"valueName":"search_term_string"}}],"inLanguage":"es"},{"@type":"Organization","@id":"https:\/\/www.hastingsschool.com\/es\/#organization","name":"Hastings School","url":"https:\/\/www.hastingsschool.com\/es\/","logo":{"@type":"ImageObject","inLanguage":"es","@id":"https:\/\/www.hastingsschool.com\/es\/#\/schema\/logo\/image\/","url":"https:\/\/www.hastingsschool.com\/wp-content\/uploads\/sites\/67\/2024\/05\/Hastings-School-Web-Logo.jpg","contentUrl":"https:\/\/www.hastingsschool.com\/wp-content\/uploads\/sites\/67\/2024\/05\/Hastings-School-Web-Logo.jpg","width":1500,"height":1500,"caption":"Hastings School"},"image":{"@id":"https:\/\/www.hastingsschool.com\/es\/#\/schema\/logo\/image\/"},"sameAs":["https:\/\/www.facebook.com\/HastingsSchool","https:\/\/x.com\/hastings_school","https:\/\/instagram.com\/hastingsschool","https:\/\/www.linkedin.com\/company\/hastings-school-madrid\/"]}]}},"jetpack_sharing_enabled":true,"_links":{"self":[{"href":"https:\/\/www.hastingsschool.com\/es\/wp-json\/wp\/v2\/pages\/8034","targetHints":{"allow":["GET"]}}],"collection":[{"href":"https:\/\/www.hastingsschool.com\/es\/wp-json\/wp\/v2\/pages"}],"about":[{"href":"https:\/\/www.hastingsschool.com\/es\/wp-json\/wp\/v2\/types\/page"}],"author":[{"embeddable":true,"href":"https:\/\/www.hastingsschool.com\/es\/wp-json\/wp\/v2\/users\/390"}],"replies":[{"embeddable":true,"href":"https:\/\/www.hastingsschool.com\/es\/wp-json\/wp\/v2\/comments?post=8034"}],"version-history":[{"count":24,"href":"https:\/\/www.hastingsschool.com\/es\/wp-json\/wp\/v2\/pages\/8034\/revisions"}],"predecessor-version":[{"id":14624,"href":"https:\/\/www.hastingsschool.com\/es\/wp-json\/wp\/v2\/pages\/8034\/revisions\/14624"}],"wp:attachment":[{"href":"https:\/\/www.hastingsschool.com\/es\/wp-json\/wp\/v2\/media?parent=8034"}],"curies":[{"name":"wp","href":"https:\/\/api.w.org\/{rel}","templated":true}]}}