
     {"id":8038,"date":"2021-10-18T13:08:00","date_gmt":"2021-10-18T11:08:00","guid":{"rendered":"https:\/\/www.hastingsschool.com\/?page_id=8038"},"modified":"2022-11-23T10:44:53","modified_gmt":"2022-11-23T09:44:53","slug":"trabaja-en-hastings","status":"publish","type":"page","link":"https:\/\/www.hastingsschool.com\/es\/trabaja-en-hastings\/","title":{"rendered":"Trabaja en Hastings"},"content":{"rendered":"<div class=\"wpb-content-wrapper\"><p>[vc_row][vc_column]<section  class=\"bg-video-wrap hero section hero--centertext   \" style='background: url(https:\/\/www.hastingsschool.com\/wp-content\/uploads\/sites\/67\/2022\/10\/GS_5402.jpg) center ;background-size:cover ;'>\n                <div class=\"bg-overlay\" style='background:#000000;opacity:0.4;'><\/div>\n                <div class=\"overlay\" >\n                  <div class=\"container-fluid\">\n                    <div class=\"row\">\n                      <div class=\"col-md-12 col-lg-12\">\n\n                        <div class=\"caption text-start\"><div class=\"component sub-heading\" >\n                              <h1 class=\"display-h1\">Trabaja en Hastings<\/h1>\n                            <\/div><\/div>\n                      <\/div>\n                    <\/div>\n                  <\/div>\n                <\/div>\n              <\/section><div class='row  m-x-0 breadcrumb-wrap ' style=''><div class='container-fluid' >\n                <nav aria-label='breadcrumb'><ol class=\"breadcrumb mt-3\">\n                  <li class=\"breadcrumb-item\"><a href=\"https:\/\/www.hastingsschool.com\/es\/\">Home<\/a><\/li>\n                  <li class=\"breadcrumb-item active\" aria-current=\"page\">Trabaja en Hastings<\/li>\n                <\/ol>\n              <\/nav>\n              <\/div>\n            <\/div><div class=\"wrapper\"><section  style='' class=\"section     container-width \"><div class=\"container-fluid\"><div class=\"row m-0 align-items-center centerText \" >\n                        <div class=\"col-sm-12 col-md-10 col-lg-9 mx-auto\"> <div class=\"component title center-title\">\n                                                    <p class=\"body-small\">Vacantes<\/p>\n                                                <\/div><div class=\"sub-heading component\"><div class=\"elementor-column elementor-col-50 elementor-inner-column elementor-element elementor-element-873e6fc\" data-id=\"873e6fc\" data-element_type=\"column\">\n<div class=\"elementor-column-wrap elementor-element-populated\">\n<div class=\"elementor-widget-wrap\">\n<div class=\"elementor-element elementor-element-f4b2fb3 elementor-widget elementor-widget-text-editor\" data-id=\"f4b2fb3\" data-element_type=\"widget\" data-widget_type=\"text-editor.default\">\n<div class=\"elementor-widget-container\">\n<div class=\"elementor-text-editor elementor-clearfix\">\n<p>Para aplicar a un\u00a0<strong>puesto educativo<\/strong>\u00a0en Hastings School,\u00a0puedes acceder a\u00a0directamente a<a href=\"https:\/\/www.tes.com\/jobs\/employer\/hastings-school-1170821\"><strong>\u00a0nuestro sitio en TES.<\/strong><\/a><\/p>\n<p>&nbsp;<\/p>\n<p>Para\u00a0<strong>puestos no educativos<\/strong>, puedes consultar nuestra web conocer m\u00e1s detalles sobre las vacantes.<br \/>\n<em>Actualmente no disponemos de ninguna vacante abierta.<\/em><\/p>\n<p>&nbsp;<\/p>\n<\/div>\n<\/div>\n<\/div>\n<\/div>\n<\/div>\n<\/div>\n<div class=\"elementor-column elementor-col-50 elementor-inner-column elementor-element elementor-element-405abd0\" data-id=\"405abd0\" data-element_type=\"column\">\n<div class=\"elementor-column-wrap elementor-element-populated\">\n<div class=\"elementor-widget-wrap\">\n<div class=\"elementor-element elementor-element-cd5eddf elementor-widget elementor-widget-text-editor\" data-id=\"cd5eddf\" data-element_type=\"widget\" data-widget_type=\"text-editor.default\">\n<div class=\"elementor-widget-container\">\n<div class=\"elementor-text-editor elementor-clearfix\">\n<p>Interesados enviar CV y Application Form a:<br \/>\n<a href=\"mailto:recruitment@hastingsschool.com\">recruitment@hastingsschool.com<\/a><\/p>\n<\/div>\n<\/div>\n<\/div>\n<\/div>\n<\/div>\n<\/div>\n<\/div><div class=\"component link\"><a href=\"\/wp-content\/uploads\/sites\/67\/2022\/10\/Application-Form-Teaching-and-Non-Teaching.docx\" class=\" btn btn-link\" target=\"_blank\">Application form<\/a><\/div><style>\n                        .flex-button {\n                        margin-top: 25px;\n                    } \n                        \n                    @media (max-width: 767px){\n                     .flex-button {\n                      display: block;\n                      margin-left: 0;\n                    }\n                    .flex-button .text-center{\n                     text-align: left !important;\n                    }\n                    }\n\n\n                        <\/style><\/div><\/div><\/section><\/div>\n    <section  style='background-color:#557758;margin-bottom:5px;' class=\"section  primary-color section--blue     \" ><div class=\"container-fluid\"><div class=\"row    \"><div class=\" col-lg-6 col-md-6      \" ><div class=\"component mb-1 mt-0  radius-bottom-LR \" style='px'><div class=\"sub-heading component\"><h2  class=\"h6  \">Cognita Schools<\/h2><\/div>\n                        <div class=\"sub-heading component \">\n                        <p class=\"body-medium\">Los centros Cognita se comprometen a proteger y fomentar el bienestar de los ni\u00f1os y los j\u00f3venes y espera que todo el personal, voluntarios y otras terceras partes compartan este compromiso. Se llevar\u00e1n a cabo comprobaciones m\u00e1s exhaustivas de las pr\u00e1cticas de contrataci\u00f3n y de los antecedentes laborales antes de concertar cualquier cita. <br \/>\n<br \/>\nLa designaci\u00f3n est\u00e1 sujeta a comprobaci\u00f3n por parte del Disclosure and Barring Service (DBS) acerca de la regularidad de la actividad (si el candidato ha vivido en el reino Unido y\/o se comprueba la pol\u00edtica criminal correspondiente a todos los dem\u00e1s pa\u00edses en los que haya vivido o trabajado en un per\u00edodo de 3 meses o m\u00e1s desde los 16 a\u00f1os (independientemente de si trabajaron en dichos pa\u00edses).<\/p>\n                        <\/div><\/div><\/div>\n                    <div class=\"col-lg-6 col-md-6    \"><div class=\"component single-img \"><div class=\"ratio ratio-4x3 callout-img halfcol--img image_overlay_6872\" style=\"background-image: url(https:\/\/www.hastingsschool.com\/wp-content\/uploads\/sites\/67\/2022\/05\/Header-child-journeys.jpg);\"><\/div><\/div> <\/div>\n             <\/div>\n        <\/div>\n<\/section>[\/vc_column][\/vc_row]<\/p>\n<\/div>","protected":false},"excerpt":{"rendered":"<p>[vc_row][vc_column][\/vc_column][\/vc_row]<\/p>\n","protected":false},"author":390,"featured_media":0,"parent":0,"menu_order":0,"comment_status":"closed","ping_status":"closed","template":"","meta":{"_acf_changed":false,"footnotes":""},"class_list":["post-8038","page","type-page","status-publish","hentry"],"acf":[],"yoast_head":"<!-- This site is optimized with the Yoast SEO plugin v27.4 - https:\/\/yoast.com\/product\/yoast-seo-wordpress\/ -->\n<title>Tabaja con nosotros - Hastings School<\/title>\n<meta name=\"description\" content=\"Explora las oportunidades de trabajo en Hastings School y haz crecer tu carrera. Trabaje con nosotros para un d\u00eda a d\u00eda expl\u00e9ndido.\" \/>\n<meta name=\"robots\" content=\"index, follow, max-snippet:-1, max-image-preview:large, max-video-preview:-1\" \/>\n<link rel=\"canonical\" href=\"https:\/\/www.hastingsschool.com\/es\/trabaja-en-hastings\/\" \/>\n<meta property=\"og:locale\" content=\"es_ES\" \/>\n<meta property=\"og:type\" content=\"article\" \/>\n<meta property=\"og:title\" content=\"Tabaja con nosotros - Hastings School\" \/>\n<meta property=\"og:description\" content=\"Explora las oportunidades de trabajo en Hastings School y haz crecer tu carrera. Trabaje con nosotros para un d\u00eda a d\u00eda expl\u00e9ndido.\" \/>\n<meta property=\"og:url\" content=\"https:\/\/www.hastingsschool.com\/es\/trabaja-en-hastings\/\" \/>\n<meta property=\"og:site_name\" content=\"Hastings School\" \/>\n<meta property=\"article:publisher\" content=\"https:\/\/www.facebook.com\/HastingsSchool\" \/>\n<meta property=\"article:modified_time\" content=\"2022-11-23T09:44:53+00:00\" \/>\n<meta property=\"og:image\" content=\"https:\/\/www.hastingsschool.com\/wp-content\/uploads\/sites\/67\/2024\/05\/Hastings-School-Web-Logo.jpg\" \/>\n\t<meta property=\"og:image:width\" content=\"1500\" \/>\n\t<meta property=\"og:image:height\" content=\"1500\" \/>\n\t<meta property=\"og:image:type\" content=\"image\/jpeg\" \/>\n<meta name=\"twitter:card\" content=\"summary_large_image\" \/>\n<meta name=\"twitter:site\" content=\"@hastings_school\" \/>\n<meta name=\"twitter:label1\" content=\"Tiempo de lectura\" \/>\n\t<meta name=\"twitter:data1\" content=\"1 minuto\" \/>\n<!-- \/ Yoast SEO plugin. -->","yoast_head_json":{"title":"Tabaja con nosotros - Hastings School","description":"Explora las oportunidades de trabajo en Hastings School y haz crecer tu carrera. Trabaje con nosotros para un d\u00eda a d\u00eda expl\u00e9ndido.","robots":{"index":"index","follow":"follow","max-snippet":"max-snippet:-1","max-image-preview":"max-image-preview:large","max-video-preview":"max-video-preview:-1"},"canonical":"https:\/\/www.hastingsschool.com\/es\/trabaja-en-hastings\/","og_locale":"es_ES","og_type":"article","og_title":"Tabaja con nosotros - Hastings School","og_description":"Explora las oportunidades de trabajo en Hastings School y haz crecer tu carrera. Trabaje con nosotros para un d\u00eda a d\u00eda expl\u00e9ndido.","og_url":"https:\/\/www.hastingsschool.com\/es\/trabaja-en-hastings\/","og_site_name":"Hastings School","article_publisher":"https:\/\/www.facebook.com\/HastingsSchool","article_modified_time":"2022-11-23T09:44:53+00:00","og_image":[{"width":1500,"height":1500,"url":"https:\/\/www.hastingsschool.com\/wp-content\/uploads\/sites\/67\/2024\/05\/Hastings-School-Web-Logo.jpg","type":"image\/jpeg"}],"twitter_card":"summary_large_image","twitter_site":"@hastings_school","twitter_misc":{"Tiempo de lectura":"1 minuto"},"schema":{"@context":"https:\/\/schema.org","@graph":[{"@type":"WebPage","@id":"https:\/\/www.hastingsschool.com\/es\/trabaja-en-hastings\/","url":"https:\/\/www.hastingsschool.com\/es\/trabaja-en-hastings\/","name":"Tabaja con nosotros - Hastings School","isPartOf":{"@id":"https:\/\/www.hastingsschool.com\/es\/#website"},"datePublished":"2021-10-18T11:08:00+00:00","dateModified":"2022-11-23T09:44:53+00:00","description":"Explora las oportunidades de trabajo en Hastings School y haz crecer tu carrera. Trabaje con nosotros para un d\u00eda a d\u00eda expl\u00e9ndido.","breadcrumb":{"@id":"https:\/\/www.hastingsschool.com\/es\/trabaja-en-hastings\/#breadcrumb"},"inLanguage":"es","potentialAction":[{"@type":"ReadAction","target":["https:\/\/www.hastingsschool.com\/es\/trabaja-en-hastings\/"]}]},{"@type":"BreadcrumbList","@id":"https:\/\/www.hastingsschool.com\/es\/trabaja-en-hastings\/#breadcrumb","itemListElement":[{"@type":"ListItem","position":1,"name":"Home","item":"https:\/\/www.hastingsschool.com\/es\/quinton-homepage\/"},{"@type":"ListItem","position":2,"name":"Trabaja en Hastings"}]},{"@type":"WebSite","@id":"https:\/\/www.hastingsschool.com\/es\/#website","url":"https:\/\/www.hastingsschool.com\/es\/","name":"Hastings School","description":"Hastings School is an international British school established in Madrid. From 2 to 18. IGCSE, AS and A levels and soon IBDP.","publisher":{"@id":"https:\/\/www.hastingsschool.com\/es\/#organization"},"alternateName":"Hastings School","potentialAction":[{"@type":"SearchAction","target":{"@type":"EntryPoint","urlTemplate":"https:\/\/www.hastingsschool.com\/es\/?s={search_term_string}"},"query-input":{"@type":"PropertyValueSpecification","valueRequired":true,"valueName":"search_term_string"}}],"inLanguage":"es"},{"@type":"Organization","@id":"https:\/\/www.hastingsschool.com\/es\/#organization","name":"Hastings School","url":"https:\/\/www.hastingsschool.com\/es\/","logo":{"@type":"ImageObject","inLanguage":"es","@id":"https:\/\/www.hastingsschool.com\/es\/#\/schema\/logo\/image\/","url":"https:\/\/www.hastingsschool.com\/wp-content\/uploads\/sites\/67\/2024\/05\/Hastings-School-Web-Logo.jpg","contentUrl":"https:\/\/www.hastingsschool.com\/wp-content\/uploads\/sites\/67\/2024\/05\/Hastings-School-Web-Logo.jpg","width":1500,"height":1500,"caption":"Hastings School"},"image":{"@id":"https:\/\/www.hastingsschool.com\/es\/#\/schema\/logo\/image\/"},"sameAs":["https:\/\/www.facebook.com\/HastingsSchool","https:\/\/x.com\/hastings_school","https:\/\/instagram.com\/hastingsschool","https:\/\/www.linkedin.com\/company\/hastings-school-madrid\/"]}]}},"jetpack_sharing_enabled":true,"_links":{"self":[{"href":"https:\/\/www.hastingsschool.com\/es\/wp-json\/wp\/v2\/pages\/8038","targetHints":{"allow":["GET"]}}],"collection":[{"href":"https:\/\/www.hastingsschool.com\/es\/wp-json\/wp\/v2\/pages"}],"about":[{"href":"https:\/\/www.hastingsschool.com\/es\/wp-json\/wp\/v2\/types\/page"}],"author":[{"embeddable":true,"href":"https:\/\/www.hastingsschool.com\/es\/wp-json\/wp\/v2\/users\/390"}],"replies":[{"embeddable":true,"href":"https:\/\/www.hastingsschool.com\/es\/wp-json\/wp\/v2\/comments?post=8038"}],"version-history":[{"count":5,"href":"https:\/\/www.hastingsschool.com\/es\/wp-json\/wp\/v2\/pages\/8038\/revisions"}],"predecessor-version":[{"id":11967,"href":"https:\/\/www.hastingsschool.com\/es\/wp-json\/wp\/v2\/pages\/8038\/revisions\/11967"}],"wp:attachment":[{"href":"https:\/\/www.hastingsschool.com\/es\/wp-json\/wp\/v2\/media?parent=8038"}],"curies":[{"name":"wp","href":"https:\/\/api.w.org\/{rel}","templated":true}]}}