
     {"id":8042,"date":"2021-09-14T07:02:23","date_gmt":"2021-09-14T05:02:23","guid":{"rendered":"https:\/\/www.hastingsschool.com\/?page_id=8042"},"modified":"2024-10-23T11:34:15","modified_gmt":"2024-10-23T09:34:15","slug":"desarrollo-del-caracter","status":"publish","type":"page","link":"https:\/\/www.hastingsschool.com\/es\/desarrollo-del-caracter\/","title":{"rendered":"Desarrollo Del Car\u00e1cter"},"content":{"rendered":"<div class=\"wpb-content-wrapper\"><p>[vc_row][vc_column]<section  class=\"bg-video-wrap hero section hero--centertext  small-header \" style='background: url(https:\/\/www.hastingsschool.com\/wp-content\/uploads\/sites\/67\/2023\/05\/PC2_8527.jpg) top ;background-size:cover ;'>\n                <div class=\"bg-overlay\" style='background:#000000;opacity:0.4;'><\/div>\n                <div class=\"overlay\" >\n                  <div class=\"container-fluid\">\n                    <div class=\"row\">\n                      <div class=\"col-md-12 col-lg-12\">\n\n                        <div class=\"caption text-start\"><div class=\"component sub-heading\" >\n                              <h1 class=\"display-h1\">Desarrollo Del Car\u00e1cter<\/h1>\n                            <\/div><\/div>\n                      <\/div>\n                    <\/div>\n                  <\/div>\n                <\/div>\n              <\/section><div class='row  m-x-0 breadcrumb-wrap ' style=''><div class='container-fluid' >\n                <nav aria-label='breadcrumb'><ol class=\"breadcrumb mt-3\">\n                  <li class=\"breadcrumb-item\"><a href=\"https:\/\/www.hastingsschool.com\/es\/\">Home<\/a><\/li>\n                  <li class=\"breadcrumb-item active\" aria-current=\"page\">Desarrollo Del Car\u00e1cter<\/li>\n                <\/ol>\n              <\/nav>\n              <\/div>\n            <\/div>\n            <div class=\"wrapper\">\n    <section  style='' class=\"section    container-width    \" ><div class=\"container-fluid\"><div class=\"row  justify-content-between  \"><div class=\" col-lg-6 col-md-6      \" ><div class=\"component mb-1 mt-0  radius-bottom-LR \" style='px'><div class=\"sub-heading component\"><h2  class=\"h6  \">M\u00e1s all\u00e1 de las calificaciones<\/h2><\/div>\n                        <div class=\"sub-heading component \">\n                        <p class=\"body-medium\">M\u00e1s all\u00e1 de los resultados acad\u00e9micos, pensamos que es esencial ayudar a los j\u00f3venes a desarrollar las cualidades y aptitudes que necesitar\u00e1n para tener \u00e9xito en el colegio, la universidad y durante toda su vida. <br \/>\n<br \/>\nSacar buenas notas es importante, y sigue siendo el criterio de selecci\u00f3n principal de las universidades. Sin embargo, en cuanto el joven ya ha obtenido plaza en la universidad o un trabajo, son mucho m\u00e1s importantes su habilidad para comunicarse, resolver nuevos problemas, colaborar con los dem\u00e1s o superar dificultades. <br \/>\n <br \/>\n<\/p>\n                        <\/div><\/div><\/div>\n                    <div class=\"col-lg-5 col-md-6    \"><div class=\"component single-img \"><div class=\"ratio ratio-4x3 callout-img halfcol--img image_overlay_4555\" style=\"background-image: url(https:\/\/www.hastingsschool.com\/wp-content\/uploads\/sites\/67\/2023\/05\/PC2_8063.jpg);\"><\/div><\/div> <\/div>\n             <\/div>\n        <\/div>\n<\/section>\n            <\/div><section  class=\"section callout-img full--img  wpb_animate_when_almost_visible wpb_slideInUp slideInUp has-bg-image   \" style=\"background-image: url('https:\/\/www.hastingsschool.com\/wp-content\/uploads\/sites\/67\/2023\/05\/PC2_7798.jpg'); background-size: cover;\"><div class=\"img-overlay overlay7813\"><\/div><div class=\"container-fluid\">\n                                <div class=\"row \"><style>\n                @media (max-width: 767px) {\n                    .img_overlay_uniq7243 {\n                        width: 90%;\n                    }\n                }\n                <\/style><div class=\"col-lg-12 col-md-12\">\n                                    <div class=\"heading component\">\n                                    <div class=\"\" >\n                                    <div class=\"img-overlay-middle img_overlay_uniq7243\" style=\" \">\n                                    <div><style>\n                                            .callout-img blockquote::before {\n                                                content: open-quote;\n                                            }\n                                            .callout-img blockquote::after {\n                                                content: close-quote;\n                                            }\n                                            <\/style><div class=\"heading component\">\n                                                    <blockquote class=\"h4\">La inteligencia es lo que utilizamos cuando no sabemos qu\u00e9 hacer.<\/blockquote>\n                                                <\/div><div class=\"heading component\">\n                                                                        <p class=\"body-large\"><\/p>\n<h5>&#8211; Jean Piaget, <strong>psic\u00f3logo del desarrollo infantil<\/strong><\/h5>\n<p><\/p>\n                                                                    <\/div><div class=\"component link cust-link\"><\/div><\/div>\n                                                    <\/div>\n                                                <\/div>\n                                            <\/div>\n                                        \n                                        <\/div>\n                                    <\/div>\n                                <\/div>\n                            <\/section>[\/vc_column][\/vc_row][vc_row][vc_column]<section  class=\"section  primary-color   section--blue \" style='background-color:#557758;margin-top:5px;margin-bottom:5px;'><div class=\"container-fluid \"><div class=\"row m-x-0\"><div class=\"col-lg-12\"><div class=\"component title\">\n                            <p class=\"body-small\">H\u00c1BITOS DE APRENDIZAJE<\/p>\n                        <\/div>   <\/div>\n                <\/div><div class=\"row m-x-0 justify-content-between\">\n                    <div class=\"col-xl-6 col-lg-6 col-md-6\"><div class=\"sub-heading component\">\n                            <p class=\"body-medium\"> \nEl personal y los alumnos de Hastings School han trabajado conjuntamente en la elaboraci\u00f3n de los 8 H\u00e1bitos de aprendizaje, que pensamos deben desarrollar los alumnos durante su etapa escolar. <br>\n<br>\nLa forma de ense\u00f1ar de nuestros profesores es fundamental para ayudar a los j\u00f3venes a desarrollar estas cualidades. Creamos un entorno en el que los j\u00f3venes aprenden a un tener pensamiento cr\u00edtico y creativo, a colaborar de manera eficiente entre ellos o a ser responsables con su propio aprendizaje. <br>\n<br>\nAdem\u00e1s, la extensa oferta de actividades extracurriculares y las excursiones ofrecen a los alumnos y alumnas oportunidades para que ampl\u00eden su aprendizaje fuera del aula y ganen confianza. <br>\n<br>\nLa educaci\u00f3n puede ser una experiencia muy pasiva cuando aprenden a depender de 'la respuesta' del profesor. <br>\n<br>\nEs posible que esta forma de hacer d\u00e9 resultado en los ex\u00e1menes, pero no es una buena preparaci\u00f3n para la vida real. Los alumnos y alumnas de Hastings School deben aprender por ellos mismos, alcanzar verdadera inteligencia y convertirse en personas equilibradas.  <\/p>\n                         <\/div><div class=\"component link\"><\/div>    <\/div><div class=\"col-lg-6 col-md-6\"><div class=\"component IconWithText-list\">\n                            <div class=\"card\">               <div class=\"card-header section--blue-card\" >\n                                    <div class=\"sub-heading component mb-0\">\n                                        <p class=\"body-large-bold\">Los 8 h\u00e1bitos de aprendizaje <\/p>\n                                    <\/div>\n                                <\/div>               <div class=\"card-body section--white\">\n                                    <div class=\"component list list--IconWithText-list bordered--icon blue-icon\">\n                                        <ul>                           <li><div class=\"component icon\"><i class=\"fas fa-hands-helping\"><\/i><\/div><div class=\"component link\"> <p class=\"body-small-bold p-0\">Colaboraci\u00f3n <\/p> <\/div> <\/li>                            <li><div class=\"component icon\"><i class=\"fas fa-palette\"><\/i><\/div><div class=\"component link\"> <p class=\"body-small-bold p-0\">Creatividad \n<\/p> <\/div> <\/li>                            <li><div class=\"component icon\"><i class=\"fas fa-search\"><\/i><\/div><div class=\"component link\"> <p class=\"body-small-bold p-0\">Curiosidad<\/p> <\/div> <\/li>                            <li><div class=\"component icon\"><i class=\"fas fa-hand-holding-heart\"><\/i><\/div><div class=\"component link\"> <p class=\"body-small-bold p-0\">Empat\u00eda <\/p> <\/div> <\/li>                            <li><div class=\"component icon\"><i class=\"fas fa-book-open\"><\/i><\/div><div class=\"component link\"> <p class=\"body-small-bold p-0\">Reflexi\u00f3n<\/p> <\/div> <\/li>                            <li><div class=\"component icon\"><i class=\"fas fa-fist-raised\"><\/i><\/div><div class=\"component link\"> <p class=\"body-small-bold p-0\">Resiliencia <\/p> <\/div> <\/li>                            <li><div class=\"component icon\"><i class=\"fas fa-balance-scale\"><\/i><\/div><div class=\"component link\"> <p class=\"body-small-bold p-0\">Responsabilidad <\/p> <\/div> <\/li>                            <li><div class=\"component icon\"><i class=\"fas fa-lightbulb\"><\/i><\/div><div class=\"component link\"> <p class=\"body-small-bold p-0\">Pensamiento <\/p> <\/div> <\/li>                        <\/ul>\n                                    <\/div>\n                                <\/div>           <\/div>\n\n                        <\/div><\/div><\/div>  <div class=\"row m-0 justify-content-between\">\n            <div class=\"col-xl-12 col-lg-12 col-md-12 mt-3\">   <\/div>\n        <\/div><\/div><\/section>[\/vc_column][\/vc_row][vc_row][vc_column]\n            <div class=\"wrapper\">\n    <section  style='' class=\"section    container-width    \" ><div class=\"container-fluid\"><div class=\"row  justify-content-between  \"><div class=\" col-lg-6 col-md-6      \" ><div class=\"component mb-1 mt-0  radius-bottom-LR \" style='px'><div class=\"sub-heading component\"><h2  class=\"h6  \">Duque de Edimburgo<\/h2><\/div>\n                        <div class=\"sub-heading component \">\n                        <p class=\"body-medium\">El Premio del Duque de Edimburgo es un galard\u00f3n muy respetado y reconocido en todo el mundo que representa la determinaci\u00f3n, el compromiso, la conciencia medioambiental y demuestra grandes habilidades de trabajo en equipo y comunicaci\u00f3n.<br \/>\n<br \/>\nLos alumnos obtienen el premio comprometi\u00e9ndose una hora a la semana a practicar un deporte, a realizar una actividad o a trabajar como voluntarios. El premio culmina con una expedici\u00f3n de dos d\u00edas en la que los alumnos aprenden habilidades vitales como cartograf\u00eda, acampada y trabajo en equipo.<br \/>\n<br \/>\nEn Hastings nos importa aprender. Nos importan las personas y nos importa el mundo.<br \/>\n<br \/>\nEn Hastings dise\u00f1amos expl\u00edcitamente nuestro enfoque de la educaci\u00f3n para ayudar a los estudiantes a desarrollar estos atributos y salir preparados para afrontar la siguiente fase de su vida con confianza.<br \/>\nPor lo tanto, al lograr el Premio del Duque de Edimburgo los estudiantes s\u00f3lo se impulsar\u00e1 a\u00fan m\u00e1s a lo largo de este camino.<br \/>\n<br \/>\nPor lo tanto, el Premio del Duque de Edimburgo es una oportunidad perfecta para que nuestros alumnos ampl\u00eden su experiencia de vida y mejoren su educaci\u00f3n, al tiempo que construyen habilidades de equipo, el desarrollo del car\u00e1cter personal, todo ello mientras est\u00e1n al aire libre.<\/p>\n                        <\/div><\/div><div class=\"component link\"><a href=\"https:\/\/www.hastingsschool.com\/wp-content\/uploads\/sites\/67\/2023\/05\/Duke-of-Edinburgh.pdf\" class=\" btn btn-primary btn-primary--border\">\u00bfQuieres saber m\u00e1s?<\/a><\/div><\/div>\n                    <div class=\"col-lg-5 col-md-6    \"><div class=\"component single-img \"><div class=\"ratio ratio-4x3 callout-img halfcol--img image_overlay_7583\" style=\"background-image: url(https:\/\/www.hastingsschool.com\/wp-content\/uploads\/sites\/67\/2023\/05\/PC2_7946.jpg);\"><\/div><\/div><div class=\"component single-img \"><div class=\"ratio ratio-4x3 callout-img halfcol--img image_overlay_4741\" style=\"background-image: url(https:\/\/www.hastingsschool.com\/wp-content\/uploads\/sites\/67\/2023\/05\/PC2_7841.jpg);\"><\/div><\/div> <\/div>\n             <\/div>\n        <\/div>\n<\/section>\n            <\/div><section  class=\"section callout-img full--img  wpb_animate_when_almost_visible wpb_slideInUp slideInUp has-bg-image   \" style=\"background-image: url('https:\/\/www.hastingsschool.com\/wp-content\/uploads\/sites\/67\/2023\/05\/Screenshot-2021-11-19-at-11.48.28.png'); background-size: cover;\"><div class=\"img-overlay overlay7230\"><\/div><div class=\"container-fluid\">\n                                <div class=\"row \"><style>\n                @media (max-width: 767px) {\n                    .img_overlay_uniq8529 {\n                        width: 90%;\n                    }\n                }\n                <\/style><div class=\"col-lg-12 col-md-12\">\n                                    <div class=\"heading component\">\n                                    <div class=\"\" >\n                                    <div class=\"img-overlay-middle img_overlay_uniq8529\" style=\" \">\n                                    <div><div class=\"heading component\">\n                                                    <div class=\"h4\">``Nuestro objetivo es que los alumnos est\u00e9n preparados para triunfar en la escuela, la universidad y la vida. Queremos que los alumnos disfruten de la escuela, desarrollen su potencial acad\u00e9mico y adquieran las destrezas y atributos que necesitar\u00e1n una vez abandonen los estudios: trabajar en equipo, empatizar con los dem\u00e1s, hablar varios idiomas, tener un pensamiento cr\u00edtico, etc.``<\/div>\n                                                <\/div><div class=\"heading component\">\n                                                                        <p class=\"body-large\"><\/p>\n<h5>&#8211; Borja Angulo, Head de PE<\/h5>\n<p><\/p>\n                                                                    <\/div><div class=\"component link cust-link\"><\/div><\/div>\n                                                    <\/div>\n                                                <\/div>\n                                            <\/div>\n                                        \n                                        <\/div>\n                                    <\/div>\n                                <\/div>\n                            <\/section><section class=\"section section--blue bottom-step TopBottomBorder   \" style=\"background-image: url('https:\/\/www.hastingsschool.com\/wp-content\/uploads\/sites\/67\/2024\/03\/Muestra-Hastings-18.jpg');;;\"><style>.bottom-step.section--blue:before {background: rgba(59,102,58,0.75);}<\/style><div class=\"container-fluid\"><div class=\"row\"><div class=\"col-sm-12\"><div class=\"component title\"><p class=\"body-small\">siguientes pasos<\/p><\/div><\/div><\/div><div class=\"row\"><div class=\"col-md-4\"><div class=\"component linkcard \">\n                                <a class=\"card card--bordered\" href=\"\/es\/puertas-abiertas-y-visitas\/\">\n                                    <div class=\"card-body d-flex align-items-center\">\n                                    <div> <div class=\"component link\">\n                                            <div  class=\"btn btn-link simple-link h5\">Puertas abiertas y visitas<\/div>\n                                        <\/div><\/div><\/div><\/a><\/div><\/div><div class=\"col-md-4\"><div class=\"component linkcard \">\n                                <a class=\"card card--bordered\" href=\"\/es\/excelencia-academica\/\">\n                                    <div class=\"card-body d-flex align-items-center\">\n                                    <div> <div class=\"component link\">\n                                            <div  class=\"btn btn-link simple-link h5\">Excelencia Academica<\/div>\n                                        <\/div><\/div><\/div><\/a><\/div><\/div><div class=\"col-md-4\"><div class=\"component linkcard \">\n                                <a class=\"card card--bordered\" href=\"\/es\/instalaciones-ubicacion\/\">\n                                    <div class=\"card-body d-flex align-items-center\">\n                                    <div> <div class=\"component link\">\n                                            <div  class=\"btn btn-link simple-link h5\">Instalaciones y Ubicacion<\/div>\n                                        <\/div><\/div><\/div><\/a><\/div><\/div><\/div><\/section>[\/vc_column][\/vc_row]<\/p>\n<\/div>","protected":false},"excerpt":{"rendered":"<p>[vc_row][vc_column][\/vc_column][\/vc_row][vc_row][vc_column][\/vc_column][\/vc_row][vc_row][vc_column][\/vc_column][\/vc_row]<\/p>\n","protected":false},"author":390,"featured_media":0,"parent":0,"menu_order":0,"comment_status":"closed","ping_status":"closed","template":"","meta":{"_acf_changed":false,"footnotes":""},"class_list":["post-8042","page","type-page","status-publish","hentry"],"acf":[],"yoast_head":"<!-- This site is optimized with the Yoast SEO plugin v26.5 - https:\/\/yoast.com\/wordpress\/plugins\/seo\/ -->\n<title>Desarrollamos el pensamiento cr\u00edtico - Hastings School<\/title>\n<meta name=\"description\" content=\"Fomentamos el desarrollo del car\u00e1cter en Hastings School. Ayudamos a nuestros estudiantes a convertirse en ciudadanos responsables y exitosos.\" \/>\n<meta name=\"robots\" content=\"index, follow, max-snippet:-1, max-image-preview:large, max-video-preview:-1\" \/>\n<link rel=\"canonical\" href=\"https:\/\/www.hastingsschool.com\/es\/desarrollo-del-caracter\/\" \/>\n<meta property=\"og:locale\" content=\"es_ES\" \/>\n<meta property=\"og:type\" content=\"article\" \/>\n<meta property=\"og:title\" content=\"Desarrollamos el pensamiento cr\u00edtico - Hastings School\" \/>\n<meta property=\"og:description\" content=\"Fomentamos el desarrollo del car\u00e1cter en Hastings School. Ayudamos a nuestros estudiantes a convertirse en ciudadanos responsables y exitosos.\" \/>\n<meta property=\"og:url\" content=\"https:\/\/www.hastingsschool.com\/es\/desarrollo-del-caracter\/\" \/>\n<meta property=\"og:site_name\" content=\"Hastings School\" \/>\n<meta property=\"article:publisher\" content=\"https:\/\/www.facebook.com\/HastingsSchool\" \/>\n<meta property=\"article:modified_time\" content=\"2024-10-23T09:34:15+00:00\" \/>\n<meta property=\"og:image\" content=\"https:\/\/www.hastingsschool.com\/wp-content\/uploads\/sites\/67\/2024\/05\/Hastings-School-Web-Logo.jpg\" \/>\n\t<meta property=\"og:image:width\" content=\"1500\" \/>\n\t<meta property=\"og:image:height\" content=\"1500\" \/>\n\t<meta property=\"og:image:type\" content=\"image\/jpeg\" \/>\n<meta name=\"twitter:card\" content=\"summary_large_image\" \/>\n<meta name=\"twitter:site\" content=\"@hastings_school\" \/>\n<meta name=\"twitter:label1\" content=\"Tiempo de lectura\" \/>\n\t<meta name=\"twitter:data1\" content=\"1 minuto\" \/>\n<!-- \/ Yoast SEO plugin. -->","yoast_head_json":{"title":"Desarrollamos el pensamiento cr\u00edtico - Hastings School","description":"Fomentamos el desarrollo del car\u00e1cter en Hastings School. Ayudamos a nuestros estudiantes a convertirse en ciudadanos responsables y exitosos.","robots":{"index":"index","follow":"follow","max-snippet":"max-snippet:-1","max-image-preview":"max-image-preview:large","max-video-preview":"max-video-preview:-1"},"canonical":"https:\/\/www.hastingsschool.com\/es\/desarrollo-del-caracter\/","og_locale":"es_ES","og_type":"article","og_title":"Desarrollamos el pensamiento cr\u00edtico - Hastings School","og_description":"Fomentamos el desarrollo del car\u00e1cter en Hastings School. Ayudamos a nuestros estudiantes a convertirse en ciudadanos responsables y exitosos.","og_url":"https:\/\/www.hastingsschool.com\/es\/desarrollo-del-caracter\/","og_site_name":"Hastings School","article_publisher":"https:\/\/www.facebook.com\/HastingsSchool","article_modified_time":"2024-10-23T09:34:15+00:00","og_image":[{"width":1500,"height":1500,"url":"https:\/\/www.hastingsschool.com\/wp-content\/uploads\/sites\/67\/2024\/05\/Hastings-School-Web-Logo.jpg","type":"image\/jpeg"}],"twitter_card":"summary_large_image","twitter_site":"@hastings_school","twitter_misc":{"Tiempo de lectura":"1 minuto"},"schema":{"@context":"https:\/\/schema.org","@graph":[{"@type":"WebPage","@id":"https:\/\/www.hastingsschool.com\/es\/desarrollo-del-caracter\/","url":"https:\/\/www.hastingsschool.com\/es\/desarrollo-del-caracter\/","name":"Desarrollamos el pensamiento cr\u00edtico - Hastings School","isPartOf":{"@id":"https:\/\/www.hastingsschool.com\/es\/#website"},"datePublished":"2021-09-14T05:02:23+00:00","dateModified":"2024-10-23T09:34:15+00:00","description":"Fomentamos el desarrollo del car\u00e1cter en Hastings School. Ayudamos a nuestros estudiantes a convertirse en ciudadanos responsables y exitosos.","breadcrumb":{"@id":"https:\/\/www.hastingsschool.com\/es\/desarrollo-del-caracter\/#breadcrumb"},"inLanguage":"es","potentialAction":[{"@type":"ReadAction","target":["https:\/\/www.hastingsschool.com\/es\/desarrollo-del-caracter\/"]}]},{"@type":"BreadcrumbList","@id":"https:\/\/www.hastingsschool.com\/es\/desarrollo-del-caracter\/#breadcrumb","itemListElement":[{"@type":"ListItem","position":1,"name":"Home","item":"https:\/\/www.hastingsschool.com\/es\/quinton-homepage\/"},{"@type":"ListItem","position":2,"name":"Desarrollo Del Car\u00e1cter"}]},{"@type":"WebSite","@id":"https:\/\/www.hastingsschool.com\/es\/#website","url":"https:\/\/www.hastingsschool.com\/es\/","name":"Hastings School","description":"Hastings School is an international British school established in Madrid. From 2 to 18. IGCSE, AS and A levels and soon IBDP.","publisher":{"@id":"https:\/\/www.hastingsschool.com\/es\/#organization"},"alternateName":"Hastings School","potentialAction":[{"@type":"SearchAction","target":{"@type":"EntryPoint","urlTemplate":"https:\/\/www.hastingsschool.com\/es\/?s={search_term_string}"},"query-input":{"@type":"PropertyValueSpecification","valueRequired":true,"valueName":"search_term_string"}}],"inLanguage":"es"},{"@type":"Organization","@id":"https:\/\/www.hastingsschool.com\/es\/#organization","name":"Hastings School","url":"https:\/\/www.hastingsschool.com\/es\/","logo":{"@type":"ImageObject","inLanguage":"es","@id":"https:\/\/www.hastingsschool.com\/es\/#\/schema\/logo\/image\/","url":"https:\/\/www.hastingsschool.com\/wp-content\/uploads\/sites\/67\/2024\/05\/Hastings-School-Web-Logo.jpg","contentUrl":"https:\/\/www.hastingsschool.com\/wp-content\/uploads\/sites\/67\/2024\/05\/Hastings-School-Web-Logo.jpg","width":1500,"height":1500,"caption":"Hastings School"},"image":{"@id":"https:\/\/www.hastingsschool.com\/es\/#\/schema\/logo\/image\/"},"sameAs":["https:\/\/www.facebook.com\/HastingsSchool","https:\/\/x.com\/hastings_school","https:\/\/instagram.com\/hastingsschool","https:\/\/www.linkedin.com\/company\/hastings-school-madrid\/"]}]}},"jetpack_sharing_enabled":true,"_links":{"self":[{"href":"https:\/\/www.hastingsschool.com\/es\/wp-json\/wp\/v2\/pages\/8042","targetHints":{"allow":["GET"]}}],"collection":[{"href":"https:\/\/www.hastingsschool.com\/es\/wp-json\/wp\/v2\/pages"}],"about":[{"href":"https:\/\/www.hastingsschool.com\/es\/wp-json\/wp\/v2\/types\/page"}],"author":[{"embeddable":true,"href":"https:\/\/www.hastingsschool.com\/es\/wp-json\/wp\/v2\/users\/390"}],"replies":[{"embeddable":true,"href":"https:\/\/www.hastingsschool.com\/es\/wp-json\/wp\/v2\/comments?post=8042"}],"version-history":[{"count":21,"href":"https:\/\/www.hastingsschool.com\/es\/wp-json\/wp\/v2\/pages\/8042\/revisions"}],"predecessor-version":[{"id":15794,"href":"https:\/\/www.hastingsschool.com\/es\/wp-json\/wp\/v2\/pages\/8042\/revisions\/15794"}],"wp:attachment":[{"href":"https:\/\/www.hastingsschool.com\/es\/wp-json\/wp\/v2\/media?parent=8042"}],"curies":[{"name":"wp","href":"https:\/\/api.w.org\/{rel}","templated":true}]}}