
     {"id":8166,"date":"2021-09-28T14:12:25","date_gmt":"2021-09-28T12:12:25","guid":{"rendered":"https:\/\/www.hastingsschool.com\/?page_id=8166"},"modified":"2026-03-18T10:14:40","modified_gmt":"2026-03-18T09:14:40","slug":"puertas-abiertas-y-visitas","status":"publish","type":"page","link":"https:\/\/www.hastingsschool.com\/es\/puertas-abiertas-y-visitas\/","title":{"rendered":"Puertas abiertas y visitas"},"content":{"rendered":"<div class=\"wpb-content-wrapper\"><p>[vc_row][vc_column]<section  class=\"bg-video-wrap hero section hero--centertext   \" style='background: url(https:\/\/www.hastingsschool.com\/wp-content\/uploads\/sites\/67\/2024\/03\/SH_8588.jpg) center ;background-size:cover ;'>\n                <div class=\"bg-overlay\" style='background:#000000;opacity:0.4;'><\/div>\n                <div class=\"overlay\" >\n                  <div class=\"container-fluid\">\n                    <div class=\"row\">\n                      <div class=\"col-md-12 col-lg-12\">\n\n                        <div class=\"caption text-start\"><div class=\"component sub-heading\" >\n                              <h1 class=\"display-h1\">Puertas abiertas y visitas<\/h1>\n                            <\/div><\/div>\n                      <\/div>\n                    <\/div>\n                  <\/div>\n                <\/div>\n              <\/section><div class='row  m-x-0 breadcrumb-wrap ' style=''><div class='container-fluid' >\n                <nav aria-label='breadcrumb'><ol class=\"breadcrumb mt-3\">\n                  <li class=\"breadcrumb-item\"><a href=\"https:\/\/www.hastingsschool.com\/es\/\">Home<\/a><\/li>\n                  <li class=\"breadcrumb-item active\" aria-current=\"page\">Puertas abiertas y visitas<\/li>\n                <\/ol>\n              <\/nav>\n              <\/div>\n            <\/div>[\/vc_column][\/vc_row][vc_row][vc_column]\n            <div class=\"wrapper\">\n    <section  style='' class=\"section    container-width    \" ><div class=\"container-fluid\"><div class=\"row  justify-content-between  \"><div class=\" col-lg-7 col-md-7      \" ><div class=\"component mb-1 mt-0  radius-bottom-LR \" style='px'><div class=\"sub-heading component\"><h2  class=\"h6  \">Les esperamos con los brazos abiertos<\/h2><\/div>\n                        <div class=\"sub-heading component \">\n                        <p class=\"body-medium\">Hay muchas formas de vivir nuestro colegio, como nuestros conocidos D\u00edas de puertas abiertas, reuniones virtuales e incluso visitas privadas.<br \/>\n<br \/>\nSea cual sea su opci\u00f3n, estamos seguros de que Hastings School les encantar\u00e1 tanto como a nosotros.<br \/>\n<br \/>\n<b> Pr\u00f3ximos Open Events: <\/b><br \/>\n<br \/>\n<b>Secondary Open evening en LST:<\/b> 25 de Marzo de 17:30 a 19:00<br \/>\n<br \/>\n<b> Paseo de la Habana Open Morning <\/b>: 29 de Abril de 9:30 a 11:00 <\/p>\n                        <\/div><\/div><div class=\"component link\"><a href=\"https:\/\/www.hastingsschool.com\/es\/blog\/ventajas-de-estudiar-extranjero\/\" class=\" btn btn-primary btn-primary--border\">Reserva tu plaza<\/a><\/div><\/div>\n                    <div class=\"col-lg-4 col-md-5    \"><div class=\"component IconWithText-list\">\n                    <div class=\"card\"><div class=\"card-header section--blue\" >\n                            <div class=\"sub-heading component mb-0\">\n                                <p class=\"body-medium\">Ir a:<\/p>\n                            <\/div>\n                        <\/div><div class=\"card-body section--white\">\n                            <div class=\"component list list--IconWithText-list bordered--icon blue-icon\">\n                                <ul><li><div class=\"component link\"><a href=\"#book-a-private-tour\" class=\" btn btn-link\">Reservar Una Visita Privada<\/a><\/div><\/li><li><div class=\"component link\"><a href=\"#virtual-meeting\" class=\" btn btn-link\">Visita Virtual<\/a><\/div><\/li><li><div class=\"component link\"><a href=\"#book-an-open-day\" class=\" btn btn-link\">Reservar Una Visita Puertas Abiertas<\/a><\/div><\/li>              <\/ul>\n                            <\/div>\n                    <\/div>  <\/div>\n            <\/div> <\/div>\n             <\/div>\n        <\/div>\n<\/section>\n            <\/div>[\/vc_column][\/vc_row][vc_row][vc_column]\n    <section  id=\"book-a-private-tour\"  style='background-color:#3c444f;' class=\"section  light-color section--blue     \" ><div class=\"container-fluid\"><div class=\"row\">\n                <div class=\"col-md-12 col-lg-10\">  <div class=\"component title\">\n                                        <p class=\"body-small\">RESERVAR UNA VISITA PRIVADA<\/p>\n                                    <\/div><\/div>\n                <\/div><div class=\"row    \"><div class=\" col-lg-6 col-md-6      \" ><div class=\"component link\"><div class=\"ratio ratio-4x3 callout-img halfcol--img image_overlay_3603\" style=\"background-image: url(https:\/\/www.hastingsschool.com\/wp-content\/uploads\/sites\/67\/2024\/03\/SH_5548.jpg);\"><\/div><\/div><\/div>\n                    <div class=\"col-lg-6 col-md-6    \"><div class=\"component mb-1 mt-0  radius-bottom-LR \" style='px'><div class=\"sub-heading component\"><h2  class=\"h6  \">Disfruten de una visita privada personalizada<\/h2><\/div>\n                        <div class=\"sub-heading component \">\n                        <p class=\"body-medium\">Si no pueden asistir a uno de nuestros conocidos d\u00edas de puertas abiertas, o si prefieren realizar una visita al colegio m\u00e1s personalizada, les ofrecemos visitas privadas.<br \/>\n<br \/>\nUn miembro del equipo de admisiones les ense\u00f1ar\u00e1 todo el colegio y responder\u00e1 a todas sus preguntas.<br \/>\n<br \/>\nPara concertar la visita, solo hay que cumplimentar el formulario del enlace que aparece m\u00e1s abajo e informar del d\u00eda y la hora que preferidos. Nos pondremos en contacto tan pronto como nos sea posible para confirmar los detalles.<br \/>\n<\/p>\n                        <\/div><\/div><div class=\"component link\"><a href=\"\/es\/reservar-una-visita-privada\/\" class=\" btn btn-primary btn-primary--border\">Reservar una Visita Privada<\/a><\/div> <\/div>\n             <\/div>\n        <\/div>\n<\/section>\n    <section  id=\"virtual-meeting\"  style='' class=\"section        \" ><div class=\"container-fluid\"><div class=\"row\">\n                <div class=\"col-md-12 col-lg-10\">  <div class=\"component title\">\n                                        <p class=\"body-small\">VISITA VIRTUAL<\/p>\n                                    <\/div><\/div>\n                <\/div><div class=\"row    \"><div class=\" col-lg-6 col-md-6      \" ><div class=\"component mb-1 mt-0  radius-bottom-LR \" style='px'><div class=\"sub-heading component\"><h2  class=\"h6  \">Ac\u00e9rquense a saludarnos... \u00a1virtualmente!<\/h2><\/div>\n                        <div class=\"sub-heading component \">\n                        <p class=\"body-medium\">Nuestro equipo de admisiones est\u00e1 deseando conocerles en persona. Pero si no es posible, pueden conversar virtualmente y en privado desde Microsoft Teams a la hora que mejor les vaya. Tan solo hay que realizar la solicitud para concertar la hora.<\/p>\n                        <\/div><\/div><div class=\"component link\"><a href=\"\/es\/reservar-una-visita-privada\/\" class=\" btn btn-primary btn-primary--border\">Reservar una reuni\u00f3n virtual<\/a><\/div><\/div>\n                    <div class=\"col-lg-6 col-md-6    \"><div class=\"component single-img \"><div class=\"ratio ratio-16x9 callout-img halfcol--img image_overlay_2334\" style=\"background-image: url(https:\/\/www.hastingsschool.com\/wp-content\/uploads\/sites\/67\/2024\/03\/SH_5149.jpg);\"><\/div><\/div> <\/div>\n             <\/div>\n        <\/div>\n<\/section>[\/vc_column][\/vc_row][vc_row][vc_column]<section  id=\"book-an-open-day\"  style='background-color:#3b663a;' class=\"section   section--blue pb-0  \"><div class=\"container-fluid\"><div class=\"row m-0 align-items-center centerText \" >\n                        <div class=\"col-sm-12 col-md-10 col-lg-9 mx-auto\"> <div class=\"component title center-title\">\n                                                    <p class=\"body-small\">RESERVAR UNA VISITA DE PUERTAS ABIERTAS<\/p>\n                                                <\/div><div class=\"sub-heading component\">\n                                        <h2 class=\"h5\">Asistan a un d\u00eda de puertas abiertas para que puedan hacerse una idea de la vida en Hastings School.<\/h2>\n                                    <\/div><div class=\"sub-heading component\"><p style=\"text-align: center\">Los d\u00edas de puertas abiertas son la mejor forma para descubrir c\u00f3mo se vive en nuestro incre\u00edble colegio. Todos los a\u00f1os celebramos distintos d\u00edas de puertas abiertas, tanto virtuales como presenciales, para que todas las familias interesadas en Hastings School puedan conocer y vivir en primera persona una experiencia 100 % brit\u00e1nica junto a nuestro maravilloso equipo.<\/p>\n<\/div><div class=\"component link\"><a href=\"\/es\/reservar-un-evento\/\" class=\" btn btn-primary btn-primary--border\" target=\"_blank\">Reservar un D\u00eda de Puertas Abiertas<\/a><\/div><style>\n                        .flex-button {\n                        margin-top: 25px;\n                    } \n                        \n                    @media (max-width: 767px){\n                     .flex-button {\n                      display: block;\n                      margin-left: 0;\n                    }\n                    .flex-button .text-center{\n                     text-align: left !important;\n                    }\n                    }\n\n\n                        <\/style><\/div><\/div><\/section><section  class=\"section     pt-0  section--blue\" style='background-color:#3b663a;margin-bottom:5px;'><div class=\"container-fluid section--blue\" style='background-color:#3b663a'><style>\r\n            .tech-grid-title h2 a {\r\n                font-size: 25px;\r\n                line-height: 45px;\r\n            }\r\n            .tech-grid-title h2 {\r\n                font-size: 25px;\r\n                line-height: 45px;\r\n            }\r\n            <\/style><div class=\"row m-0 justify-content-center pt-3 pt-md-5\"><div class=\"col-lg-6 col-md-6 col-sm-6 mb-3\">\r\n                            <div class=\"card card--white tech-images\">   <div class=\"ratio  callout-img halfcol--img \" style=\"background-image: url(https:\/\/www.hastingsschool.com\/wp-content\/uploads\/sites\/67\/2024\/03\/SH_1244.jpg);background-position:;\"><\/div><div class=\"  card-body tech-grid-title\"><h6>Bienvenidos a Hastings School<\/h6><div class=\"component  mt-2 mt-md-0\"><p class=\"body-medium\">Nuestro Principal, y tambi\u00e9n Head of Students, el se\u00f1or Ian Piper,  nos presenta c\u00f3mo es la vida en Hastings School.<\/p><\/div><\/div>\r\n                            <\/div>\r\n                        <\/div><div class=\"col-lg-6 col-md-6 col-sm-6 mb-3\">\r\n                            <div class=\"card card--white tech-images\">   <div class=\"ratio  callout-img halfcol--img \" style=\"background-image: url(https:\/\/www.hastingsschool.com\/wp-content\/uploads\/sites\/67\/2022\/04\/Hastings-Sobradiel-40.jpg);background-position:;\"><\/div><div class=\"  card-body tech-grid-title\"><h6>Visita del colegio<\/h6><div class=\"component  mt-2 mt-md-0\"><p class=\"body-medium\">Realicen una visita guiada por nuestro impresionante colegio dirigida por alumnos y alumnas que compartir\u00e1n todo lo que el colegio puede llegar a ofrecer a su hijo o hija.<\/p><\/div><\/div>\r\n                            <\/div>\r\n                        <\/div><div class=\"col-lg-6 col-md-6 col-sm-6 mb-3\">\r\n                            <div class=\"card card--white tech-images\">   <div class=\"ratio  callout-img halfcol--img \" style=\"background-image: url(https:\/\/www.hastingsschool.com\/wp-content\/uploads\/sites\/67\/2024\/03\/SH_8496.jpg);background-position:;\"><\/div><div class=\"  card-body tech-grid-title\"><h6>Conversaci\u00f3n con Admisiones<\/h6><div class=\"component  mt-2 mt-md-0\"><p class=\"body-medium\">Una oportunidad para hablar sobre el proceso de admisiones con un miembro responsable de nuestro equipo, quien responder\u00e1 a las preguntas que pueda tener.<\/p><\/div><\/div>\r\n                            <\/div>\r\n                        <\/div><div class=\"col-lg-6 col-md-6 col-sm-6 mb-3\">\r\n                            <div class=\"card card--white tech-images\">   <div class=\"ratio  callout-img halfcol--img \" style=\"background-image: url(https:\/\/www.hastingsschool.com\/wp-content\/uploads\/sites\/67\/2022\/10\/Hastings-Recursos-099.jpg);background-position:;\"><\/div><div class=\"  card-body tech-grid-title\"><h6>Actividades en el aula<\/h6><div class=\"component  mt-2 mt-md-0\"><p class=\"body-medium\">Visiten y descubra nuestras aulas, donde podr\u00e1n hablar con los profesores de la asignatura y conocer de primera mano c\u00f3mo trabajan las asignaturas.<\/p><\/div><\/div>\r\n                            <\/div>\r\n                        <\/div><\/div><\/div>\r\n            <\/section>[\/vc_column][\/vc_row][vc_row][vc_column]<section class=\"section section--blue bottom-step TopBottomBorder   \" style=\"background-image: url('https:\/\/www.hastingsschool.com\/wp-content\/uploads\/sites\/67\/2024\/03\/Muestra-Hastings-18.jpg');;;\"><style>.bottom-step.section--blue:before {background: rgba(59,102,58,0.75);}<\/style><div class=\"container-fluid\"><div class=\"row\"><div class=\"col-sm-12\"><div class=\"component title\"><p class=\"body-small\">siguientes pasos<\/p><\/div><\/div><\/div><div class=\"row\"><div class=\"col-md-4\"><div class=\"component linkcard \">\n                                <a class=\"card card--bordered\" href=\"\/es\/ib-programme\/\">\n                                    <div class=\"card-body d-flex align-items-center\">\n                                    <div> <div class=\"component link\">\n                                            <div  class=\"btn btn-link simple-link h5\">Programa IB<\/div>\n                                        <\/div><\/div><\/div><\/a><\/div><\/div><div class=\"col-md-4\"><div class=\"component linkcard \">\n                                <a class=\"card card--bordered\" href=\"\/es\/excelencia-academica\/\">\n                                    <div class=\"card-body d-flex align-items-center\">\n                                    <div> <div class=\"component link\">\n                                            <div  class=\"btn btn-link simple-link h5\">Excelencia Academica<\/div>\n                                        <\/div><\/div><\/div><\/a><\/div><\/div><div class=\"col-md-4\"><div class=\"component linkcard \">\n                                <a class=\"card card--bordered\" href=\"\/es\/instalaciones-ubicacion\/\">\n                                    <div class=\"card-body d-flex align-items-center\">\n                                    <div> <div class=\"component link\">\n                                            <div  class=\"btn btn-link simple-link h5\">Instalaciones y Ubicacion<\/div>\n                                        <\/div><\/div><\/div><\/a><\/div><\/div><\/div><\/section>[\/vc_column][\/vc_row]<\/p>\n<\/div>","protected":false},"excerpt":{"rendered":"<p>[vc_row][vc_column][\/vc_column][\/vc_row][vc_row][vc_column][\/vc_column][\/vc_row][vc_row][vc_column][\/vc_column][\/vc_row][vc_row][vc_column][\/vc_column][\/vc_row][vc_row][vc_column][\/vc_column][\/vc_row]<\/p>\n","protected":false},"author":390,"featured_media":0,"parent":0,"menu_order":0,"comment_status":"closed","ping_status":"closed","template":"","meta":{"_acf_changed":false,"footnotes":""},"class_list":["post-8166","page","type-page","status-publish","hentry"],"acf":[],"yoast_head":"<!-- This site is optimized with the Yoast SEO plugin v26.5 - https:\/\/yoast.com\/wordpress\/plugins\/seo\/ -->\n<title>Conoce nuestro colegio - Hastings School<\/title>\n<meta name=\"description\" content=\"\u00danase a nosotros en una de nuestras jornadas de puertas abiertas o visitas en Hastings School. Conozca de primera mano nuestro colegio.\" \/>\n<meta name=\"robots\" content=\"index, follow, max-snippet:-1, max-image-preview:large, max-video-preview:-1\" \/>\n<link rel=\"canonical\" href=\"https:\/\/www.hastingsschool.com\/es\/puertas-abiertas-y-visitas\/\" \/>\n<meta property=\"og:locale\" content=\"es_ES\" \/>\n<meta property=\"og:type\" content=\"article\" \/>\n<meta property=\"og:title\" content=\"Conoce nuestro colegio - Hastings School\" \/>\n<meta property=\"og:description\" content=\"\u00danase a nosotros en una de nuestras jornadas de puertas abiertas o visitas en Hastings School. Conozca de primera mano nuestro colegio.\" \/>\n<meta property=\"og:url\" content=\"https:\/\/www.hastingsschool.com\/es\/puertas-abiertas-y-visitas\/\" \/>\n<meta property=\"og:site_name\" content=\"Hastings School\" \/>\n<meta property=\"article:publisher\" content=\"https:\/\/www.facebook.com\/HastingsSchool\" \/>\n<meta property=\"article:modified_time\" content=\"2026-03-18T09:14:40+00:00\" \/>\n<meta property=\"og:image\" content=\"https:\/\/www.hastingsschool.com\/wp-content\/uploads\/sites\/67\/2024\/05\/Hastings-School-Web-Logo.jpg\" \/>\n\t<meta property=\"og:image:width\" content=\"1500\" \/>\n\t<meta property=\"og:image:height\" content=\"1500\" \/>\n\t<meta property=\"og:image:type\" content=\"image\/jpeg\" \/>\n<meta name=\"twitter:card\" content=\"summary_large_image\" \/>\n<meta name=\"twitter:site\" content=\"@hastings_school\" \/>\n<meta name=\"twitter:label1\" content=\"Tiempo de lectura\" \/>\n\t<meta name=\"twitter:data1\" content=\"1 minuto\" \/>\n<!-- \/ Yoast SEO plugin. -->","yoast_head_json":{"title":"Conoce nuestro colegio - Hastings School","description":"\u00danase a nosotros en una de nuestras jornadas de puertas abiertas o visitas en Hastings School. Conozca de primera mano nuestro colegio.","robots":{"index":"index","follow":"follow","max-snippet":"max-snippet:-1","max-image-preview":"max-image-preview:large","max-video-preview":"max-video-preview:-1"},"canonical":"https:\/\/www.hastingsschool.com\/es\/puertas-abiertas-y-visitas\/","og_locale":"es_ES","og_type":"article","og_title":"Conoce nuestro colegio - Hastings School","og_description":"\u00danase a nosotros en una de nuestras jornadas de puertas abiertas o visitas en Hastings School. Conozca de primera mano nuestro colegio.","og_url":"https:\/\/www.hastingsschool.com\/es\/puertas-abiertas-y-visitas\/","og_site_name":"Hastings School","article_publisher":"https:\/\/www.facebook.com\/HastingsSchool","article_modified_time":"2026-03-18T09:14:40+00:00","og_image":[{"width":1500,"height":1500,"url":"https:\/\/www.hastingsschool.com\/wp-content\/uploads\/sites\/67\/2024\/05\/Hastings-School-Web-Logo.jpg","type":"image\/jpeg"}],"twitter_card":"summary_large_image","twitter_site":"@hastings_school","twitter_misc":{"Tiempo de lectura":"1 minuto"},"schema":{"@context":"https:\/\/schema.org","@graph":[{"@type":"WebPage","@id":"https:\/\/www.hastingsschool.com\/es\/puertas-abiertas-y-visitas\/","url":"https:\/\/www.hastingsschool.com\/es\/puertas-abiertas-y-visitas\/","name":"Conoce nuestro colegio - Hastings School","isPartOf":{"@id":"https:\/\/www.hastingsschool.com\/es\/#website"},"datePublished":"2021-09-28T12:12:25+00:00","dateModified":"2026-03-18T09:14:40+00:00","description":"\u00danase a nosotros en una de nuestras jornadas de puertas abiertas o visitas en Hastings School. Conozca de primera mano nuestro colegio.","breadcrumb":{"@id":"https:\/\/www.hastingsschool.com\/es\/puertas-abiertas-y-visitas\/#breadcrumb"},"inLanguage":"es","potentialAction":[{"@type":"ReadAction","target":["https:\/\/www.hastingsschool.com\/es\/puertas-abiertas-y-visitas\/"]}]},{"@type":"BreadcrumbList","@id":"https:\/\/www.hastingsschool.com\/es\/puertas-abiertas-y-visitas\/#breadcrumb","itemListElement":[{"@type":"ListItem","position":1,"name":"Home","item":"https:\/\/www.hastingsschool.com\/es\/quinton-homepage\/"},{"@type":"ListItem","position":2,"name":"Puertas abiertas y visitas"}]},{"@type":"WebSite","@id":"https:\/\/www.hastingsschool.com\/es\/#website","url":"https:\/\/www.hastingsschool.com\/es\/","name":"Hastings School","description":"Hastings School is an international British school established in Madrid. From 2 to 18. IGCSE, AS and A levels and soon IBDP.","publisher":{"@id":"https:\/\/www.hastingsschool.com\/es\/#organization"},"alternateName":"Hastings School","potentialAction":[{"@type":"SearchAction","target":{"@type":"EntryPoint","urlTemplate":"https:\/\/www.hastingsschool.com\/es\/?s={search_term_string}"},"query-input":{"@type":"PropertyValueSpecification","valueRequired":true,"valueName":"search_term_string"}}],"inLanguage":"es"},{"@type":"Organization","@id":"https:\/\/www.hastingsschool.com\/es\/#organization","name":"Hastings School","url":"https:\/\/www.hastingsschool.com\/es\/","logo":{"@type":"ImageObject","inLanguage":"es","@id":"https:\/\/www.hastingsschool.com\/es\/#\/schema\/logo\/image\/","url":"https:\/\/www.hastingsschool.com\/wp-content\/uploads\/sites\/67\/2024\/05\/Hastings-School-Web-Logo.jpg","contentUrl":"https:\/\/www.hastingsschool.com\/wp-content\/uploads\/sites\/67\/2024\/05\/Hastings-School-Web-Logo.jpg","width":1500,"height":1500,"caption":"Hastings School"},"image":{"@id":"https:\/\/www.hastingsschool.com\/es\/#\/schema\/logo\/image\/"},"sameAs":["https:\/\/www.facebook.com\/HastingsSchool","https:\/\/x.com\/hastings_school","https:\/\/instagram.com\/hastingsschool","https:\/\/www.linkedin.com\/company\/hastings-school-madrid\/"]}]}},"jetpack_sharing_enabled":true,"_links":{"self":[{"href":"https:\/\/www.hastingsschool.com\/es\/wp-json\/wp\/v2\/pages\/8166","targetHints":{"allow":["GET"]}}],"collection":[{"href":"https:\/\/www.hastingsschool.com\/es\/wp-json\/wp\/v2\/pages"}],"about":[{"href":"https:\/\/www.hastingsschool.com\/es\/wp-json\/wp\/v2\/types\/page"}],"author":[{"embeddable":true,"href":"https:\/\/www.hastingsschool.com\/es\/wp-json\/wp\/v2\/users\/390"}],"replies":[{"embeddable":true,"href":"https:\/\/www.hastingsschool.com\/es\/wp-json\/wp\/v2\/comments?post=8166"}],"version-history":[{"count":84,"href":"https:\/\/www.hastingsschool.com\/es\/wp-json\/wp\/v2\/pages\/8166\/revisions"}],"predecessor-version":[{"id":18158,"href":"https:\/\/www.hastingsschool.com\/es\/wp-json\/wp\/v2\/pages\/8166\/revisions\/18158"}],"wp:attachment":[{"href":"https:\/\/www.hastingsschool.com\/es\/wp-json\/wp\/v2\/media?parent=8166"}],"curies":[{"name":"wp","href":"https:\/\/api.w.org\/{rel}","templated":true}]}}