
     {"id":8201,"date":"2021-09-15T15:17:56","date_gmt":"2021-09-15T13:17:56","guid":{"rendered":"https:\/\/www.hastingsschool.com\/?page_id=8201"},"modified":"2024-03-08T10:06:42","modified_gmt":"2024-03-08T09:06:42","slug":"el-recorrido-de-su-hijo","status":"publish","type":"page","link":"https:\/\/www.hastingsschool.com\/es\/el-recorrido-de-su-hijo\/","title":{"rendered":"El Recorrido De Su Hijo"},"content":{"rendered":"<div class=\"wpb-content-wrapper\"><p>[vc_row][vc_column]<section  class=\"bg-video-wrap hero section hero--centertext  small-header \" style='background: url(https:\/\/www.hastingsschool.com\/wp-content\/uploads\/sites\/67\/2024\/03\/SH_3593.jpg) center ;background-size:cover ;'>\n                <div class=\"bg-overlay\" style='background:#0a0505;opacity:0.4;'><\/div>\n                <div class=\"overlay\" >\n                  <div class=\"container-fluid\">\n                    <div class=\"row\">\n                      <div class=\"col-md-12 col-lg-12\">\n\n                        <div class=\"caption text-start\"><div class=\"component sub-heading\" >\n                              <h1 class=\"display-h1\">El Recorrido De Su Hijo<\/h1>\n                            <\/div><\/div>\n                      <\/div>\n                    <\/div>\n                  <\/div>\n                <\/div>\n              <\/section><div class='row  m-x-0 breadcrumb-wrap ' style=''><div class='container-fluid' >\n                <nav aria-label='breadcrumb'><ol class=\"breadcrumb mt-3\">\n                  <li class=\"breadcrumb-item\"><a href=\"https:\/\/www.hastingsschool.com\/es\/\">Home<\/a><\/li>\n                  <li class=\"breadcrumb-item active\" aria-current=\"page\">El Recorrido De Su Hijo<\/li>\n                <\/ol>\n              <\/nav>\n              <\/div>\n            <\/div>[\/vc_column][\/vc_row][vc_row][vc_column]<div class=\"wrapper\"><section  style='' class=\"section    pb-0 container-width \"><div class=\"container-fluid\"><div class=\"row m-0 align-items-center centerText \" >\n                        <div class=\"col-sm-12 col-md-10 col-lg-9 mx-auto\"><div class=\"sub-heading component\">\n                                        <h2 class=\"h5\">La exclusiva experiencia de aprendizaje de su hijo<\/h2>\n                                    <\/div><div class=\"sub-heading component\"><p><strong>Aumentar confianza personal y excelencia acad\u00e9mica desde los 2 hasta los 18.<\/strong><\/p>\n<\/div><style>\n                        .flex-button {\n                        margin-top: 25px;\n                    } \n                        \n                    @media (max-width: 767px){\n                     .flex-button {\n                      display: block;\n                      margin-left: 0;\n                    }\n                    .flex-button .text-center{\n                     text-align: left !important;\n                    }\n                    }\n\n\n                        <\/style><\/div><\/div><\/section><\/div>\n            <div class=\"wrapper\">\n    <section  style='' class=\"section    container-width    \" ><div class=\"container-fluid\"><div class=\"row    \"><div class=\" col-lg-6 col-md-6      \" ><div class=\"component mb-1 mt-0  radius-bottom-LR \" style='px'>\n                        <div class=\"sub-heading component \">\n                        <p class=\"body-medium\">Los alumnos y alumnas de Hastings School viven la verdadera educaci\u00f3n internacional brit\u00e1nica con profesores nativos capacitados para asegurar que disfrutan aprendiendo y, por consiguiente, obtienen mejores resultados acad\u00e9micos. <br \/>\n<br \/>\nEl colegio mantiene una clara filosof\u00eda educativa, tanto en alumnos de 5 a\u00f1os como en los de 15. Las clases son din\u00e1micas y los alumnos y alumnas participan activamente en su aprendizaje, debatiendo con otros y resolviendo problemas. <br \/>\n<br \/>\nSe les desaf\u00eda para que piensen por s\u00ed mismos y aborden conceptos, en lugar de que sea el profesor quien simplemente les de la respuesta. <br \/>\n<\/p>\n                        <\/div><\/div><\/div>\n                    <div class=\"col-lg-6 col-md-6    \"><div class=\"component single-img \"><div class=\"ratio ratio-16x9 callout-img halfcol--img image_overlay_6167\" style=\"background-image: url(https:\/\/www.hastingsschool.com\/wp-content\/uploads\/sites\/67\/2024\/03\/SH_3386.jpg);\"><\/div><\/div> <\/div>\n             <\/div>\n        <\/div>\n<\/section>\n            <\/div>\n            <div class=\"wrapper\">\n    <section  style='' class=\"section    container-width pt-0   \" ><div class=\"container-fluid\"><div class=\"row    \"><div class=\" col-lg-6 col-md-6      \" ><div class=\"component link\"><div class=\"ratio ratio-16x9 callout-img halfcol--img image_overlay_6421\" style=\"background-image: url(https:\/\/www.hastingsschool.com\/wp-content\/uploads\/sites\/67\/2024\/03\/SH_4728.jpg);\"><\/div><\/div><\/div>\n                    <div class=\"col-lg-6 col-md-6    \"><div class=\"component mb-1 mt-0  radius-bottom-LR \" style='px'>\n                        <div class=\"sub-heading component \">\n                        <p class=\"body-medium\">Hacer hincapi\u00e9 en el pensamiento cr\u00edtico, en lugar de memorizar, es vital para que los alumnos y alumnas puedan llegar a acceder a las mejores universidades del mundo, y es un excelente ejercicio para la vida y la universidad.<br \/>\n <br \/>\nSeguimos el curr\u00edculo brit\u00e1nico hasta los 16 a\u00f1os, cuando los alumnos y alumnas pueden escoger entre los A levels (la cualificaci\u00f3n brit\u00e1nica preuniversitaria) o el programa del Diploma de Bachillerato Internacional.<br \/>\n <br \/>\nDe forma complementaria al sistema brit\u00e1nico, aquellos cuya lengua materna es el espa\u00f1ol tambi\u00e9n estudian lengua, literatura, historia y geograf\u00eda. Los no nativos reciben apoyo especial, y en Secondary se les ensa\u00f1a en grupos separados para que puedan recibir la atenci\u00f3n individual necesaria. <br \/>\n<\/p>\n                        <\/div><\/div> <\/div>\n             <\/div>\n        <\/div>\n<\/section>\n            <\/div>[\/vc_column][\/vc_row][vc_row][vc_column]<section class=\"section section--blue bottom-step TopBottomBorder   \" style=\"background-image: url('https:\/\/www.hastingsschool.com\/wp-content\/uploads\/sites\/67\/2024\/03\/Muestra-Hastings-18.jpg');;;\"><style>.bottom-step.section--blue:before {background: rgba(59,102,58,0.75);}<\/style><div class=\"container-fluid\"><div class=\"row\"><div class=\"col-sm-12\"><div class=\"component title\"><p class=\"body-small\">siguientes pasos<\/p><\/div><\/div><\/div><div class=\"row\"><div class=\"col-md-4\"><div class=\"component linkcard \">\n                                <a class=\"card card--bordered\" href=\"\/es\/puertas-abiertas-y-visitas\/\">\n                                    <div class=\"card-body d-flex align-items-center\">\n                                    <div> <div class=\"component link\">\n                                            <div  class=\"btn btn-link simple-link h5\">Puertas abiertas y visitas<\/div>\n                                        <\/div><\/div><\/div><\/a><\/div><\/div><div class=\"col-md-4\"><div class=\"component linkcard \">\n                                <a class=\"card card--bordered\" href=\"\/es\/excelencia-academica\/\">\n                                    <div class=\"card-body d-flex align-items-center\">\n                                    <div> <div class=\"component link\">\n                                            <div  class=\"btn btn-link simple-link h5\">Excelencia Academica<\/div>\n                                        <\/div><\/div><\/div><\/a><\/div><\/div><div class=\"col-md-4\"><div class=\"component linkcard \">\n                                <a class=\"card card--bordered\" href=\"\/es\/instalaciones-ubicacion\/\">\n                                    <div class=\"card-body d-flex align-items-center\">\n                                    <div> <div class=\"component link\">\n                                            <div  class=\"btn btn-link simple-link h5\">Instalaciones y Ubicacion<\/div>\n                                        <\/div><\/div><\/div><\/a><\/div><\/div><\/div><\/section>[\/vc_column][\/vc_row]<\/p>\n<\/div>","protected":false},"excerpt":{"rendered":"<p>[vc_row][vc_column][\/vc_column][\/vc_row][vc_row][vc_column][\/vc_column][\/vc_row][vc_row][vc_column][\/vc_column][\/vc_row]<\/p>\n","protected":false},"author":390,"featured_media":0,"parent":0,"menu_order":0,"comment_status":"closed","ping_status":"closed","template":"","meta":{"_acf_changed":false,"footnotes":""},"class_list":["post-8201","page","type-page","status-publish","hentry"],"acf":[],"yoast_head":"<!-- This site is optimized with the Yoast SEO plugin v26.5 - https:\/\/yoast.com\/wordpress\/plugins\/seo\/ -->\n<title>El recorrido de su hijo - Hastings School<\/title>\n<meta name=\"description\" content=\"Apoyaremos a su hijo a trav\u00e9s de cada etapa en su educaci\u00f3n, ayud\u00e1ndolo a crecer para alcanzar confianza personal y excelencia acad\u00e9mica de 2 a 18 a\u00f1os.\" \/>\n<meta name=\"robots\" content=\"index, follow, max-snippet:-1, max-image-preview:large, max-video-preview:-1\" \/>\n<link rel=\"canonical\" href=\"https:\/\/www.hastingsschool.com\/es\/el-recorrido-de-su-hijo\/\" \/>\n<meta property=\"og:locale\" content=\"es_ES\" \/>\n<meta property=\"og:type\" content=\"article\" \/>\n<meta property=\"og:title\" content=\"El recorrido de su hijo - Hastings School\" \/>\n<meta property=\"og:description\" content=\"Apoyaremos a su hijo a trav\u00e9s de cada etapa en su educaci\u00f3n, ayud\u00e1ndolo a crecer para alcanzar confianza personal y excelencia acad\u00e9mica de 2 a 18 a\u00f1os.\" \/>\n<meta property=\"og:url\" content=\"https:\/\/www.hastingsschool.com\/es\/el-recorrido-de-su-hijo\/\" \/>\n<meta property=\"og:site_name\" content=\"Hastings School\" \/>\n<meta property=\"article:publisher\" content=\"https:\/\/www.facebook.com\/HastingsSchool\" \/>\n<meta property=\"article:modified_time\" content=\"2024-03-08T09:06:42+00:00\" \/>\n<meta property=\"og:image\" content=\"https:\/\/www.hastingsschool.com\/wp-content\/uploads\/sites\/67\/2024\/05\/Hastings-School-Web-Logo.jpg\" \/>\n\t<meta property=\"og:image:width\" content=\"1500\" \/>\n\t<meta property=\"og:image:height\" content=\"1500\" \/>\n\t<meta property=\"og:image:type\" content=\"image\/jpeg\" \/>\n<meta name=\"twitter:card\" content=\"summary_large_image\" \/>\n<meta name=\"twitter:site\" content=\"@hastings_school\" \/>\n<meta name=\"twitter:label1\" content=\"Tiempo de lectura\" \/>\n\t<meta name=\"twitter:data1\" content=\"1 minuto\" \/>\n<!-- \/ Yoast SEO plugin. -->","yoast_head_json":{"title":"El recorrido de su hijo - Hastings School","description":"Apoyaremos a su hijo a trav\u00e9s de cada etapa en su educaci\u00f3n, ayud\u00e1ndolo a crecer para alcanzar confianza personal y excelencia acad\u00e9mica de 2 a 18 a\u00f1os.","robots":{"index":"index","follow":"follow","max-snippet":"max-snippet:-1","max-image-preview":"max-image-preview:large","max-video-preview":"max-video-preview:-1"},"canonical":"https:\/\/www.hastingsschool.com\/es\/el-recorrido-de-su-hijo\/","og_locale":"es_ES","og_type":"article","og_title":"El recorrido de su hijo - Hastings School","og_description":"Apoyaremos a su hijo a trav\u00e9s de cada etapa en su educaci\u00f3n, ayud\u00e1ndolo a crecer para alcanzar confianza personal y excelencia acad\u00e9mica de 2 a 18 a\u00f1os.","og_url":"https:\/\/www.hastingsschool.com\/es\/el-recorrido-de-su-hijo\/","og_site_name":"Hastings School","article_publisher":"https:\/\/www.facebook.com\/HastingsSchool","article_modified_time":"2024-03-08T09:06:42+00:00","og_image":[{"width":1500,"height":1500,"url":"https:\/\/www.hastingsschool.com\/wp-content\/uploads\/sites\/67\/2024\/05\/Hastings-School-Web-Logo.jpg","type":"image\/jpeg"}],"twitter_card":"summary_large_image","twitter_site":"@hastings_school","twitter_misc":{"Tiempo de lectura":"1 minuto"},"schema":{"@context":"https:\/\/schema.org","@graph":[{"@type":"WebPage","@id":"https:\/\/www.hastingsschool.com\/es\/el-recorrido-de-su-hijo\/","url":"https:\/\/www.hastingsschool.com\/es\/el-recorrido-de-su-hijo\/","name":"El recorrido de su hijo - Hastings School","isPartOf":{"@id":"https:\/\/www.hastingsschool.com\/es\/#website"},"datePublished":"2021-09-15T13:17:56+00:00","dateModified":"2024-03-08T09:06:42+00:00","description":"Apoyaremos a su hijo a trav\u00e9s de cada etapa en su educaci\u00f3n, ayud\u00e1ndolo a crecer para alcanzar confianza personal y excelencia acad\u00e9mica de 2 a 18 a\u00f1os.","breadcrumb":{"@id":"https:\/\/www.hastingsschool.com\/es\/el-recorrido-de-su-hijo\/#breadcrumb"},"inLanguage":"es","potentialAction":[{"@type":"ReadAction","target":["https:\/\/www.hastingsschool.com\/es\/el-recorrido-de-su-hijo\/"]}]},{"@type":"BreadcrumbList","@id":"https:\/\/www.hastingsschool.com\/es\/el-recorrido-de-su-hijo\/#breadcrumb","itemListElement":[{"@type":"ListItem","position":1,"name":"Home","item":"https:\/\/www.hastingsschool.com\/es\/quinton-homepage\/"},{"@type":"ListItem","position":2,"name":"El Recorrido De Su Hijo"}]},{"@type":"WebSite","@id":"https:\/\/www.hastingsschool.com\/es\/#website","url":"https:\/\/www.hastingsschool.com\/es\/","name":"Hastings School","description":"Hastings School is an international British school established in Madrid. From 2 to 18. IGCSE, AS and A levels and soon IBDP.","publisher":{"@id":"https:\/\/www.hastingsschool.com\/es\/#organization"},"alternateName":"Hastings School","potentialAction":[{"@type":"SearchAction","target":{"@type":"EntryPoint","urlTemplate":"https:\/\/www.hastingsschool.com\/es\/?s={search_term_string}"},"query-input":{"@type":"PropertyValueSpecification","valueRequired":true,"valueName":"search_term_string"}}],"inLanguage":"es"},{"@type":"Organization","@id":"https:\/\/www.hastingsschool.com\/es\/#organization","name":"Hastings School","url":"https:\/\/www.hastingsschool.com\/es\/","logo":{"@type":"ImageObject","inLanguage":"es","@id":"https:\/\/www.hastingsschool.com\/es\/#\/schema\/logo\/image\/","url":"https:\/\/www.hastingsschool.com\/wp-content\/uploads\/sites\/67\/2024\/05\/Hastings-School-Web-Logo.jpg","contentUrl":"https:\/\/www.hastingsschool.com\/wp-content\/uploads\/sites\/67\/2024\/05\/Hastings-School-Web-Logo.jpg","width":1500,"height":1500,"caption":"Hastings School"},"image":{"@id":"https:\/\/www.hastingsschool.com\/es\/#\/schema\/logo\/image\/"},"sameAs":["https:\/\/www.facebook.com\/HastingsSchool","https:\/\/x.com\/hastings_school","https:\/\/instagram.com\/hastingsschool","https:\/\/www.linkedin.com\/company\/hastings-school-madrid\/"]}]}},"jetpack_sharing_enabled":true,"_links":{"self":[{"href":"https:\/\/www.hastingsschool.com\/es\/wp-json\/wp\/v2\/pages\/8201","targetHints":{"allow":["GET"]}}],"collection":[{"href":"https:\/\/www.hastingsschool.com\/es\/wp-json\/wp\/v2\/pages"}],"about":[{"href":"https:\/\/www.hastingsschool.com\/es\/wp-json\/wp\/v2\/types\/page"}],"author":[{"embeddable":true,"href":"https:\/\/www.hastingsschool.com\/es\/wp-json\/wp\/v2\/users\/390"}],"replies":[{"embeddable":true,"href":"https:\/\/www.hastingsschool.com\/es\/wp-json\/wp\/v2\/comments?post=8201"}],"version-history":[{"count":14,"href":"https:\/\/www.hastingsschool.com\/es\/wp-json\/wp\/v2\/pages\/8201\/revisions"}],"predecessor-version":[{"id":14649,"href":"https:\/\/www.hastingsschool.com\/es\/wp-json\/wp\/v2\/pages\/8201\/revisions\/14649"}],"wp:attachment":[{"href":"https:\/\/www.hastingsschool.com\/es\/wp-json\/wp\/v2\/media?parent=8201"}],"curies":[{"name":"wp","href":"https:\/\/api.w.org\/{rel}","templated":true}]}}